{"id":8123,"date":"2022-06-02T14:46:14","date_gmt":"2022-06-02T18:46:14","guid":{"rendered":"https:\/\/www.precisionot.com\/?post_type=product&#038;p=8123"},"modified":"2024-05-31T11:52:10","modified_gmt":"2024-05-31T15:52:10","slug":"dwdm_16_20_isp","status":"publish","type":"product","link":"https:\/\/www.precisionot.com\/fr\/product\/dwdm_16_20_isp\/","title":{"rendered":"FAI DWDM 16 &amp; 20 CANAUX"},"content":{"rendered":"<p>Filtre \u00e0 couche mince DWDM ISP 16 et 20 canaux avec les options suivantes\u00a0:<\/p>\n<ul>\n<li>Ports de mise \u00e0 niveau\/express\/test<\/li>\n<li>Facteur de forme simple\/double\/double LGX<\/li>\n<li>Connecteurs UPC\/APC<\/li>\n<li>Temp\u00e9rature industrielle durcie<\/li>\n<\/ul>\n<p>Les filtres \u00e0 couche mince ISP 16 et 20 canaux de Precision OT prennent en charge les longueurs d&#039;onde du canal ITU 14 au canal 62 et sont destin\u00e9s \u00e0 une utilisation en int\u00e9rieur. Precision OT propose \u00e9galement des configurations personnalis\u00e9es de tous les canaux DWDM et pour la prise en charge en dehors de la bande C de 1260 \u00e0 1635 nm. Dot\u00e9 de ports DWDM\/Upgrade\/Express et de connecteurs UPC\/APC, le filtre est une solution puissante et \u00e9conomique pour les r\u00e9seaux d&#039;aujourd&#039;hui.<\/p>","protected":false},"excerpt":{"rendered":"<p>Filtre \u00e0 couche mince DWDM ISP 16 et 20 canaux avec les options suivantes\u00a0:<\/p>\n<ul>\n<li>Ports de mise \u00e0 niveau\/express\/test<\/li>\n<li>Facteur de forme simple\/double\/double LGX<\/li>\n<li>Connecteurs UPC\/APC<\/li>\n<li>Temp\u00e9rature industrielle durcie<\/li>\n<\/ul>\n<p>Les filtres \u00e0 couche mince ISP 16 et 20 canaux de Precision OT prennent en charge les longueurs d&#039;onde du canal ITU 14 au canal 62 et sont destin\u00e9s \u00e0 une utilisation en int\u00e9rieur. Precision OT propose \u00e9galement des configurations personnalis\u00e9es de tous les canaux DWDM et pour la prise en charge en dehors de la bande C de 1260 \u00e0 1635 nm. Dot\u00e9 de ports DWDM\/Upgrade\/Express et de connecteurs UPC\/APC, le filtre est une solution puissante et \u00e9conomique pour les r\u00e9seaux d&#039;aujourd&#039;hui.<\/p>","protected":false},"featured_media":26002,"template":"","meta":{"_acf_changed":false,"content-type":"","site-sidebar-layout":"default","site-content-layout":"default","ast-site-content-layout":"default","site-content-style":"default","site-sidebar-style":"default","ast-global-header-display":"","ast-banner-title-visibility":"","ast-main-header-display":"","ast-hfb-above-header-display":"","ast-hfb-below-header-display":"","ast-hfb-mobile-header-display":"","site-post-title":"","ast-breadcrumbs-content":"","ast-featured-img":"","footer-sml-layout":"","ast-disable-related-posts":"","theme-transparent-header-meta":"default","adv-header-id-meta":"","stick-header-meta":"","header-above-stick-meta":"","header-main-stick-meta":"","header-below-stick-meta":"","astra-migrate-meta-layouts":"set","ast-page-background-enabled":"default","ast-page-background-meta":{"desktop":{"background-color":"","background-image":"","background-repeat":"repeat","background-position":"center center","background-size":"auto","background-attachment":"scroll","background-type":"","background-media":"","overlay-type":"","overlay-color":"","overlay-opacity":"","overlay-gradient":""},"tablet":{"background-color":"","background-image":"","background-repeat":"repeat","background-position":"center center","background-size":"auto","background-attachment":"scroll","background-type":"","background-media":"","overlay-type":"","overlay-color":"","overlay-opacity":"","overlay-gradient":""},"mobile":{"background-color":"","background-image":"","background-repeat":"repeat","background-position":"center center","background-size":"auto","background-attachment":"scroll","background-type":"","background-media":"","overlay-type":"","overlay-color":"","overlay-opacity":"","overlay-gradient":""}},"ast-content-background-meta":{"desktop":{"background-color":"var(--ast-global-color-5)","background-image":"","background-repeat":"repeat","background-position":"center center","background-size":"auto","background-attachment":"scroll","background-type":"","background-media":"","overlay-type":"","overlay-color":"","overlay-opacity":"","overlay-gradient":""},"tablet":{"background-color":"var(--ast-global-color-5)","background-image":"","background-repeat":"repeat","background-position":"center center","background-size":"auto","background-attachment":"scroll","background-type":"","background-media":"","overlay-type":"","overlay-color":"","overlay-opacity":"","overlay-gradient":""},"mobile":{"background-color":"var(--ast-global-color-5)","background-image":"","background-repeat":"repeat","background-position":"center center","background-size":"auto","background-attachment":"scroll","background-type":"","background-media":"","overlay-type":"","overlay-color":"","overlay-opacity":"","overlay-gradient":""}}},"product_brand":[],"product_cat":[268],"product_tag":[],"class_list":{"0":"post-8123","1":"product","2":"type-product","3":"status-publish","4":"has-post-thumbnail","6":"product_cat-dwdm-isp","7":"desktop-align-left","8":"tablet-align-left","9":"mobile-align-left","10":"ast-product-gallery-layout-horizontal-slider","11":"ast-product-gallery-with-no-image","12":"ast-product-tabs-layout-horizontal","14":"first","15":"instock","16":"shipping-taxable","17":"purchasable","18":"product-type-simple"},"composite_virtual":false,"composite_layout":"","composite_add_to_cart_form_location":"","composite_editable_in_cart":false,"composite_sold_individually_context":"","composite_shop_price_calc":"","composite_components":[],"composite_scenarios":[],"acf":[],"_links":{"self":[{"href":"https:\/\/www.precisionot.com\/fr\/wp-json\/wp\/v2\/product\/8123","targetHints":{"allow":["GET"]}}],"collection":[{"href":"https:\/\/www.precisionot.com\/fr\/wp-json\/wp\/v2\/product"}],"about":[{"href":"https:\/\/www.precisionot.com\/fr\/wp-json\/wp\/v2\/types\/product"}],"version-history":[{"count":0,"href":"https:\/\/www.precisionot.com\/fr\/wp-json\/wp\/v2\/product\/8123\/revisions"}],"wp:featuredmedia":[{"embeddable":true,"href":"https:\/\/www.precisionot.com\/fr\/wp-json\/wp\/v2\/media\/26002"}],"wp:attachment":[{"href":"https:\/\/www.precisionot.com\/fr\/wp-json\/wp\/v2\/media?parent=8123"}],"wp:term":[{"taxonomy":"product_brand","embeddable":true,"href":"https:\/\/www.precisionot.com\/fr\/wp-json\/wp\/v2\/product_brand?post=8123"},{"taxonomy":"product_cat","embeddable":true,"href":"https:\/\/www.precisionot.com\/fr\/wp-json\/wp\/v2\/product_cat?post=8123"},{"taxonomy":"product_tag","embeddable":true,"href":"https:\/\/www.precisionot.com\/fr\/wp-json\/wp\/v2\/product_tag?post=8123"}],"curies":[{"name":"wp","href":"https:\/\/api.w.org\/{rel}","templated":true}]}}