{"id":7939,"date":"2022-05-31T10:09:53","date_gmt":"2022-05-31T14:09:53","guid":{"rendered":"https:\/\/www.precisionot.com\/?post_type=product&#038;p=7939"},"modified":"2024-09-19T14:10:13","modified_gmt":"2024-09-19T18:10:13","slug":"avant-sfp25gd-lr","status":"publish","type":"product","link":"https:\/\/www.precisionot.com\/fr\/product\/pre-sfp25gd-lr\/","title":{"rendered":"PRE-SFP25GD-LR"},"content":{"rendered":"<p class=\"p2\"><span class=\"NormalTextRun SCXW43701472 BCX0\">Le module \u00e9metteur-r\u00e9cepteur optique SFP25GD-LR prend en charge la transmission Ethernet 10G et 25G sur des distances allant jusqu&#039;\u00e0 <\/span><span class=\"NormalTextRun AdvancedProofingIssueV2Themed SCXW43701472 BCX0\">10 kilom\u00e8tres<\/span><span class=\"NormalTextRun SCXW43701472 BCX0\"> utilisant une fibre monomode (SMF) avec des connecteurs duplex LC. Fonctionnant \u00e0 une longueur d&#039;onde de 1310 nm, ce module est <\/span><span class=\"NormalTextRun SCXW43701472 BCX0\">optimis\u00e9<\/span><span class=\"NormalTextRun SCXW43701472 BCX0\"> pour les applications de moyenne port\u00e9e dans les centres de donn\u00e9es, les r\u00e9seaux d&#039;entreprise et les environnements de t\u00e9l\u00e9communications. Il offre une solution flexible pour les r\u00e9seaux passant de vitesses de 10G \u00e0 25G.<\/span><\/p>\n<hr \/>\n<p class=\"p2\"><span class=\"NormalTextRun SCXW43701472 BCX0\">Le module dispose d&#039;une surveillance de diagnostic num\u00e9rique int\u00e9gr\u00e9e (DDM) pour un suivi des performances en temps r\u00e9el, permettant une gestion proactive du r\u00e9seau. <\/span><span class=\"NormalTextRun ContextualSpellingAndGrammarErrorV2Themed SCXW43701472 BCX0\">C&#039;est<\/span><span class=\"NormalTextRun SCXW43701472 BCX0\"> la conception rempla\u00e7able \u00e0 chaud permet une int\u00e9gration ou un remplacement rapide et facile sans interruption de service.<\/span><\/p>","protected":false},"excerpt":{"rendered":"<p class=\"p2\"><span class=\"NormalTextRun SCXW167471666 BCX0\">L&#039;\u00e9metteur-r\u00e9cepteur optique SFP25GD-LR prend en charge Ethernet 10G et 25G sur fibre monomode avec une port\u00e9e allant jusqu&#039;\u00e0 <\/span><span class=\"NormalTextRun AdvancedProofingIssueV2Themed SCXW167471666 BCX0\">10 kilom\u00e8tres<\/span><span class=\"NormalTextRun SCXW167471666 BCX0\"> en utilisant une longueur d&#039;onde de 1310 nm.<\/span><\/p>\n<hr \/>\n<p class=\"p2\"><strong>SFP28, LR, 1310nm, 10\/25G, 10km, SMF\/LC<\/strong><\/p>","protected":false},"featured_media":26816,"template":"","meta":{"_acf_changed":false,"content-type":"","site-sidebar-layout":"default","site-content-layout":"default","ast-site-content-layout":"default","site-content-style":"default","site-sidebar-style":"default","ast-global-header-display":"","ast-banner-title-visibility":"","ast-main-header-display":"","ast-hfb-above-header-display":"","ast-hfb-below-header-display":"","ast-hfb-mobile-header-display":"","site-post-title":"","ast-breadcrumbs-content":"","ast-featured-img":"","footer-sml-layout":"","ast-disable-related-posts":"","theme-transparent-header-meta":"default","adv-header-id-meta":"","stick-header-meta":"","header-above-stick-meta":"","header-main-stick-meta":"","header-below-stick-meta":"","astra-migrate-meta-layouts":"set","ast-page-background-enabled":"default","ast-page-background-meta":{"desktop":{"background-color":"","background-image":"","background-repeat":"repeat","background-position":"center center","background-size":"auto","background-attachment":"scroll","background-type":"","background-media":"","overlay-type":"","overlay-color":"","overlay-opacity":"","overlay-gradient":""},"tablet":{"background-color":"","background-image":"","background-repeat":"repeat","background-position":"center center","background-size":"auto","background-attachment":"scroll","background-type":"","background-media":"","overlay-type":"","overlay-color":"","overlay-opacity":"","overlay-gradient":""},"mobile":{"background-color":"","background-image":"","background-repeat":"repeat","background-position":"center center","background-size":"auto","background-attachment":"scroll","background-type":"","background-media":"","overlay-type":"","overlay-color":"","overlay-opacity":"","overlay-gradient":""}},"ast-content-background-meta":{"desktop":{"background-color":"var(--ast-global-color-5)","background-image":"","background-repeat":"repeat","background-position":"center center","background-size":"auto","background-attachment":"scroll","background-type":"","background-media":"","overlay-type":"","overlay-color":"","overlay-opacity":"","overlay-gradient":""},"tablet":{"background-color":"var(--ast-global-color-5)","background-image":"","background-repeat":"repeat","background-position":"center center","background-size":"auto","background-attachment":"scroll","background-type":"","background-media":"","overlay-type":"","overlay-color":"","overlay-opacity":"","overlay-gradient":""},"mobile":{"background-color":"var(--ast-global-color-5)","background-image":"","background-repeat":"repeat","background-position":"center center","background-size":"auto","background-attachment":"scroll","background-type":"","background-media":"","overlay-type":"","overlay-color":"","overlay-opacity":"","overlay-gradient":""}}},"product_brand":[],"product_cat":[305],"product_tag":[],"class_list":{"0":"post-7939","1":"product","2":"type-product","3":"status-publish","4":"has-post-thumbnail","6":"product_cat-sfp28-standard","7":"desktop-align-left","8":"tablet-align-left","9":"mobile-align-left","10":"ast-product-gallery-layout-horizontal-slider","11":"ast-product-gallery-with-no-image","12":"ast-product-tabs-layout-horizontal","14":"first","15":"instock","16":"shipping-taxable","17":"purchasable","18":"product-type-simple"},"composite_virtual":false,"composite_layout":"","composite_add_to_cart_form_location":"","composite_editable_in_cart":false,"composite_sold_individually_context":"","composite_shop_price_calc":"","composite_components":[],"composite_scenarios":[],"acf":[],"_links":{"self":[{"href":"https:\/\/www.precisionot.com\/fr\/wp-json\/wp\/v2\/product\/7939","targetHints":{"allow":["GET"]}}],"collection":[{"href":"https:\/\/www.precisionot.com\/fr\/wp-json\/wp\/v2\/product"}],"about":[{"href":"https:\/\/www.precisionot.com\/fr\/wp-json\/wp\/v2\/types\/product"}],"version-history":[{"count":0,"href":"https:\/\/www.precisionot.com\/fr\/wp-json\/wp\/v2\/product\/7939\/revisions"}],"wp:featuredmedia":[{"embeddable":true,"href":"https:\/\/www.precisionot.com\/fr\/wp-json\/wp\/v2\/media\/26816"}],"wp:attachment":[{"href":"https:\/\/www.precisionot.com\/fr\/wp-json\/wp\/v2\/media?parent=7939"}],"wp:term":[{"taxonomy":"product_brand","embeddable":true,"href":"https:\/\/www.precisionot.com\/fr\/wp-json\/wp\/v2\/product_brand?post=7939"},{"taxonomy":"product_cat","embeddable":true,"href":"https:\/\/www.precisionot.com\/fr\/wp-json\/wp\/v2\/product_cat?post=7939"},{"taxonomy":"product_tag","embeddable":true,"href":"https:\/\/www.precisionot.com\/fr\/wp-json\/wp\/v2\/product_tag?post=7939"}],"curies":[{"name":"wp","href":"https:\/\/api.w.org\/{rel}","templated":true}]}}