{"id":7093,"date":"2022-05-06T12:07:27","date_gmt":"2022-05-06T16:07:27","guid":{"rendered":"https:\/\/www.precisionot.com\/?post_type=product&#038;p=7093"},"modified":"2024-10-25T12:27:54","modified_gmt":"2024-10-25T16:27:54","slug":"pre-sfp-cxx-80-2","status":"publish","type":"product","link":"https:\/\/www.precisionot.com\/fr\/product\/pre-sfp-cxx-80-2\/","title":{"rendered":"PRE-SFP-Cxx-80(I)"},"content":{"rendered":"<p class=\"p2\"><span class=\"NormalTextRun SCXW137025768 BCX0\">Le module \u00e9metteur-r\u00e9cepteur optique SFP-Cxx-80(I) prend en charge la transmission Ethernet 1G sur des distances allant jusqu&#039;\u00e0 80 kilom\u00e8tres \u00e0 l&#039;aide de la technologie de multiplexage par r\u00e9partition en longueur d&#039;onde grossi\u00e8re (CWDM). Fonctionnant dans la gamme de longueurs d&#039;onde CWDM de 1470 nm \u00e0 1610 nm, ce module est id\u00e9al pour une connectivit\u00e9 haute capacit\u00e9 et longue port\u00e9e sur les r\u00e9seaux de t\u00e9l\u00e9communications, de centres de donn\u00e9es et d&#039;entreprise.<\/span><\/p>\n<hr \/>\n<p class=\"p2\"><span class=\"NormalTextRun SCXW137025768 BCX0\">Con\u00e7u pour \u00eatre utilis\u00e9 avec des connecteurs fibre monomode (SMF) et duplex LC, le SFP-Cxx-80(I) offre des longueurs d&#039;onde s\u00e9lectionnables pour un d\u00e9ploiement r\u00e9seau optimis\u00e9. L&#039;\u00e9metteur-r\u00e9cepteur est disponible en versions commerciales (C-temp) et industrielles (I-temp), garantissant des performances fiables dans diverses conditions environnementales. <\/span><span class=\"NormalTextRun ContextualSpellingAndGrammarErrorV2Themed SCXW137025768 BCX0\">C&#039;est<\/span><span class=\"NormalTextRun SCXW137025768 BCX0\"> la conception rempla\u00e7able \u00e0 chaud permet une int\u00e9gration ou un remplacement transparent sans perturber les op\u00e9rations du r\u00e9seau.<\/span><\/p>","protected":false},"excerpt":{"rendered":"<p class=\"p2\"><span class=\"s2\"><span class=\"TextRun SCXW222191922 BCX0\" lang=\"EN-US\" xml:lang=\"EN-US\" data-contrast=\"auto\"><span class=\"NormalTextRun SCXW222191922 BCX0\">L&#039;\u00e9metteur-r\u00e9cepteur SFP-Cxx-80(I) prend en charge Ethernet 1G sur fibre monomode avec une port\u00e9e allant jusqu&#039;\u00e0 80 kilom\u00e8tres \u00e0 l&#039;aide de la technologie CWDM, disponible dans des longueurs d&#039;onde de 1470 nm \u00e0 1610 nm et des variantes C-temp\/I-temp.<\/span><\/span><\/span><\/p>\n<hr \/>\n<p class=\"p2\"><span class=\"s2\"><strong>SFP, CWDM, <\/strong><\/span><strong>1470 \u2013 1610 nm, 1G, 80 km, SMF\/LC<\/strong><\/p>","protected":false},"featured_media":24161,"template":"","meta":{"_acf_changed":false,"content-type":"","site-sidebar-layout":"default","site-content-layout":"default","ast-site-content-layout":"default","site-content-style":"default","site-sidebar-style":"default","ast-global-header-display":"","ast-banner-title-visibility":"","ast-main-header-display":"","ast-hfb-above-header-display":"","ast-hfb-below-header-display":"","ast-hfb-mobile-header-display":"","site-post-title":"","ast-breadcrumbs-content":"","ast-featured-img":"","footer-sml-layout":"","ast-disable-related-posts":"","theme-transparent-header-meta":"default","adv-header-id-meta":"","stick-header-meta":"","header-above-stick-meta":"","header-main-stick-meta":"","header-below-stick-meta":"","astra-migrate-meta-layouts":"set","ast-page-background-enabled":"default","ast-page-background-meta":{"desktop":{"background-color":"","background-image":"","background-repeat":"repeat","background-position":"center center","background-size":"auto","background-attachment":"scroll","background-type":"","background-media":"","overlay-type":"","overlay-color":"","overlay-opacity":"","overlay-gradient":""},"tablet":{"background-color":"","background-image":"","background-repeat":"repeat","background-position":"center center","background-size":"auto","background-attachment":"scroll","background-type":"","background-media":"","overlay-type":"","overlay-color":"","overlay-opacity":"","overlay-gradient":""},"mobile":{"background-color":"","background-image":"","background-repeat":"repeat","background-position":"center center","background-size":"auto","background-attachment":"scroll","background-type":"","background-media":"","overlay-type":"","overlay-color":"","overlay-opacity":"","overlay-gradient":""}},"ast-content-background-meta":{"desktop":{"background-color":"var(--ast-global-color-5)","background-image":"","background-repeat":"repeat","background-position":"center center","background-size":"auto","background-attachment":"scroll","background-type":"","background-media":"","overlay-type":"","overlay-color":"","overlay-opacity":"","overlay-gradient":""},"tablet":{"background-color":"var(--ast-global-color-5)","background-image":"","background-repeat":"repeat","background-position":"center center","background-size":"auto","background-attachment":"scroll","background-type":"","background-media":"","overlay-type":"","overlay-color":"","overlay-opacity":"","overlay-gradient":""},"mobile":{"background-color":"var(--ast-global-color-5)","background-image":"","background-repeat":"repeat","background-position":"center center","background-size":"auto","background-attachment":"scroll","background-type":"","background-media":"","overlay-type":"","overlay-color":"","overlay-opacity":"","overlay-gradient":""}}},"product_brand":[],"product_cat":[322],"product_tag":[],"class_list":{"0":"post-7093","1":"product","2":"type-product","3":"status-publish","4":"has-post-thumbnail","6":"product_cat-sfp-cwdm","7":"desktop-align-left","8":"tablet-align-left","9":"mobile-align-left","10":"ast-product-gallery-layout-horizontal-slider","11":"ast-product-gallery-with-no-image","12":"ast-product-tabs-layout-horizontal","14":"first","15":"instock","16":"shipping-taxable","17":"purchasable","18":"product-type-simple"},"composite_virtual":false,"composite_layout":"","composite_add_to_cart_form_location":"","composite_editable_in_cart":false,"composite_sold_individually_context":"","composite_shop_price_calc":"","composite_components":[],"composite_scenarios":[],"acf":[],"_links":{"self":[{"href":"https:\/\/www.precisionot.com\/fr\/wp-json\/wp\/v2\/product\/7093","targetHints":{"allow":["GET"]}}],"collection":[{"href":"https:\/\/www.precisionot.com\/fr\/wp-json\/wp\/v2\/product"}],"about":[{"href":"https:\/\/www.precisionot.com\/fr\/wp-json\/wp\/v2\/types\/product"}],"version-history":[{"count":0,"href":"https:\/\/www.precisionot.com\/fr\/wp-json\/wp\/v2\/product\/7093\/revisions"}],"wp:featuredmedia":[{"embeddable":true,"href":"https:\/\/www.precisionot.com\/fr\/wp-json\/wp\/v2\/media\/24161"}],"wp:attachment":[{"href":"https:\/\/www.precisionot.com\/fr\/wp-json\/wp\/v2\/media?parent=7093"}],"wp:term":[{"taxonomy":"product_brand","embeddable":true,"href":"https:\/\/www.precisionot.com\/fr\/wp-json\/wp\/v2\/product_brand?post=7093"},{"taxonomy":"product_cat","embeddable":true,"href":"https:\/\/www.precisionot.com\/fr\/wp-json\/wp\/v2\/product_cat?post=7093"},{"taxonomy":"product_tag","embeddable":true,"href":"https:\/\/www.precisionot.com\/fr\/wp-json\/wp\/v2\/product_tag?post=7093"}],"curies":[{"name":"wp","href":"https:\/\/api.w.org\/{rel}","templated":true}]}}