{"id":6985,"date":"2022-05-03T11:14:04","date_gmt":"2022-05-03T15:14:04","guid":{"rendered":"https:\/\/www.precisionot.com\/?post_type=product&#038;p=6985"},"modified":"2024-10-25T11:14:55","modified_gmt":"2024-10-25T15:14:55","slug":"avant-le-sfp","status":"publish","type":"product","link":"https:\/\/www.precisionot.com\/fr\/product\/pre-sfp-tme\/","title":{"rendered":"PRE-SFP-TME"},"content":{"rendered":"<div class=\"l-product_desc\">\n<p class=\"p2\"><span class=\"NormalTextRun SCXW217338903 BCX0\">Le SFP-TME est un module \u00e9metteur-r\u00e9cepteur en cuivre robuste qui prend en charge Ethernet 10\/100\/1000M sur des distances allant jusqu&#039;\u00e0 <\/span><span class=\"NormalTextRun SCXW217338903 BCX0\">100 m\u00e8tres<\/span><span class=\"NormalTextRun SCXW217338903 BCX0\"> en utilisant des c\u00e2bles en cuivre standard de cat\u00e9gorie 5e\/6\/6a avec un connecteur RJ45. <\/span><span class=\"NormalTextRun SpellingErrorV2Themed SCXW217338903 BCX0\">multitaux<\/span><span class=\"NormalTextRun SCXW217338903 BCX0\"> Cette capacit\u00e9 le rend id\u00e9al pour les d\u00e9ploiements de r\u00e9seaux flexibles dans les environnements d&#039;entreprise, industriels et de t\u00e9l\u00e9communications.<\/span><\/p>\n<hr \/>\n<p class=\"p2\"><span class=\"NormalTextRun SCXW217338903 BCX0\">Con\u00e7u pour <\/span><span class=\"NormalTextRun SCXW217338903 BCX0\">fonctionner<\/span><span class=\"NormalTextRun SCXW217338903 BCX0\"> dans des conditions de temp\u00e9rature industrielle (I-temp), le SFP-TME garantit des performances fiables m\u00eame dans des environnements exigeants. <\/span><span class=\"NormalTextRun ContextualSpellingAndGrammarErrorV2Themed SCXW217338903 BCX0\">C&#039;est<\/span><span class=\"NormalTextRun SCXW217338903 BCX0\"> La conception rempla\u00e7able \u00e0 chaud permet une int\u00e9gration ou un remplacement rapide sans perturber les op\u00e9rations du r\u00e9seau, offrant ainsi une solution efficace et rentable pour les r\u00e9seaux \u00e0 courte port\u00e9e et hautes performances.<\/span><\/p>\n<\/div>","protected":false},"excerpt":{"rendered":"<p class=\"p2\"><span class=\"NormalTextRun SCXW245650796 BCX0\">L&#039;\u00e9metteur-r\u00e9cepteur SFP-TME prend en charge Ethernet 10\/100\/1000M sur des c\u00e2bles en cuivre avec une port\u00e9e allant jusqu&#039;\u00e0 <\/span><span class=\"NormalTextRun SCXW245650796 BCX0\">100 m\u00e8tres<\/span><span class=\"NormalTextRun SCXW245650796 BCX0\">, con\u00e7u pour les environnements \u00e0 temp\u00e9rature industrielle.<\/span><\/p>\n<hr \/>\n<p class=\"p2\"><strong>SFP, Cuivre, 10\/100\/1000M, 100m, RJ45, I-Temp<\/strong><\/p>","protected":false},"featured_media":24249,"template":"","meta":{"_acf_changed":false,"content-type":"","site-sidebar-layout":"default","site-content-layout":"default","ast-site-content-layout":"default","site-content-style":"default","site-sidebar-style":"default","ast-global-header-display":"","ast-banner-title-visibility":"","ast-main-header-display":"","ast-hfb-above-header-display":"","ast-hfb-below-header-display":"","ast-hfb-mobile-header-display":"","site-post-title":"","ast-breadcrumbs-content":"","ast-featured-img":"","footer-sml-layout":"","ast-disable-related-posts":"","theme-transparent-header-meta":"default","adv-header-id-meta":"","stick-header-meta":"","header-above-stick-meta":"","header-main-stick-meta":"","header-below-stick-meta":"","astra-migrate-meta-layouts":"set","ast-page-background-enabled":"default","ast-page-background-meta":{"desktop":{"background-color":"","background-image":"","background-repeat":"repeat","background-position":"center center","background-size":"auto","background-attachment":"scroll","background-type":"","background-media":"","overlay-type":"","overlay-color":"","overlay-opacity":"","overlay-gradient":""},"tablet":{"background-color":"","background-image":"","background-repeat":"repeat","background-position":"center center","background-size":"auto","background-attachment":"scroll","background-type":"","background-media":"","overlay-type":"","overlay-color":"","overlay-opacity":"","overlay-gradient":""},"mobile":{"background-color":"","background-image":"","background-repeat":"repeat","background-position":"center center","background-size":"auto","background-attachment":"scroll","background-type":"","background-media":"","overlay-type":"","overlay-color":"","overlay-opacity":"","overlay-gradient":""}},"ast-content-background-meta":{"desktop":{"background-color":"var(--ast-global-color-5)","background-image":"","background-repeat":"repeat","background-position":"center center","background-size":"auto","background-attachment":"scroll","background-type":"","background-media":"","overlay-type":"","overlay-color":"","overlay-opacity":"","overlay-gradient":""},"tablet":{"background-color":"var(--ast-global-color-5)","background-image":"","background-repeat":"repeat","background-position":"center center","background-size":"auto","background-attachment":"scroll","background-type":"","background-media":"","overlay-type":"","overlay-color":"","overlay-opacity":"","overlay-gradient":""},"mobile":{"background-color":"var(--ast-global-color-5)","background-image":"","background-repeat":"repeat","background-position":"center center","background-size":"auto","background-attachment":"scroll","background-type":"","background-media":"","overlay-type":"","overlay-color":"","overlay-opacity":"","overlay-gradient":""}}},"product_brand":[],"product_cat":[324,21],"product_tag":[],"class_list":{"0":"post-6985","1":"product","2":"type-product","3":"status-publish","4":"has-post-thumbnail","6":"product_cat-sfp-specialty","7":"product_cat-uncategorized","8":"desktop-align-left","9":"tablet-align-left","10":"mobile-align-left","11":"ast-product-gallery-layout-horizontal-slider","12":"ast-product-gallery-with-no-image","13":"ast-product-tabs-layout-horizontal","15":"first","16":"instock","17":"shipping-taxable","18":"purchasable","19":"product-type-simple"},"composite_virtual":false,"composite_layout":"","composite_add_to_cart_form_location":"","composite_editable_in_cart":false,"composite_sold_individually_context":"","composite_shop_price_calc":"","composite_components":[],"composite_scenarios":[],"acf":[],"_links":{"self":[{"href":"https:\/\/www.precisionot.com\/fr\/wp-json\/wp\/v2\/product\/6985","targetHints":{"allow":["GET"]}}],"collection":[{"href":"https:\/\/www.precisionot.com\/fr\/wp-json\/wp\/v2\/product"}],"about":[{"href":"https:\/\/www.precisionot.com\/fr\/wp-json\/wp\/v2\/types\/product"}],"version-history":[{"count":0,"href":"https:\/\/www.precisionot.com\/fr\/wp-json\/wp\/v2\/product\/6985\/revisions"}],"wp:featuredmedia":[{"embeddable":true,"href":"https:\/\/www.precisionot.com\/fr\/wp-json\/wp\/v2\/media\/24249"}],"wp:attachment":[{"href":"https:\/\/www.precisionot.com\/fr\/wp-json\/wp\/v2\/media?parent=6985"}],"wp:term":[{"taxonomy":"product_brand","embeddable":true,"href":"https:\/\/www.precisionot.com\/fr\/wp-json\/wp\/v2\/product_brand?post=6985"},{"taxonomy":"product_cat","embeddable":true,"href":"https:\/\/www.precisionot.com\/fr\/wp-json\/wp\/v2\/product_cat?post=6985"},{"taxonomy":"product_tag","embeddable":true,"href":"https:\/\/www.precisionot.com\/fr\/wp-json\/wp\/v2\/product_tag?post=6985"}],"curies":[{"name":"wp","href":"https:\/\/api.w.org\/{rel}","templated":true}]}}