{"id":6784,"date":"2022-04-19T10:37:45","date_gmt":"2022-04-19T14:37:45","guid":{"rendered":"https:\/\/www.precisionot.com\/?post_type=product&#038;p=6784"},"modified":"2024-09-17T16:55:20","modified_gmt":"2024-09-17T20:55:20","slug":"pre-qsfp-qsfp-aocxxm-1","status":"publish","type":"product","link":"https:\/\/www.precisionot.com\/fr\/product\/pre-qsfp-qsfp-aocxxm-1\/","title":{"rendered":"PRE-QSFP-QSFP-AOCxxM"},"content":{"rendered":"<p class=\"p2\"><span class=\"TextRun SCXW227717916 BCX0\" lang=\"EN-US\" xml:lang=\"EN-US\" data-contrast=\"none\"><span class=\"NormalTextRun SCXW227717916 BCX0\">Le c\u00e2ble optique actif QSFP-QSFP-AOCXXM de Precision OT prend en charge les applications Ethernet 40G. Ce c\u00e2ble comprend des \u00e9metteurs VCSEL, des r\u00e9cepteurs PIN et une surveillance de diagnostic num\u00e9rique (DDM). Sa plage de temp\u00e9rature de fonctionnement est de -40 \u00e0 85 \u00b0C<\/span><span class=\"NormalTextRun ContextualSpellingAndGrammarErrorV2Themed SCXW227717916 BCX0\">. C&#039;est<\/span><span class=\"NormalTextRun SCXW227717916 BCX0\"> La conception plug-and-play garantit une installation facile, tandis que l&#039;int\u00e9grit\u00e9 du signal am\u00e9lior\u00e9e et la faible consommation d&#039;\u00e9nergie le rendent <\/span><span class=\"NormalTextRun SCXW227717916 BCX0\">un excellent choix<\/span><span class=\"NormalTextRun SCXW227717916 BCX0\"> pour les applications r\u00e9seau haute densit\u00e9 et longue port\u00e9e.<\/span><\/span><\/p>\n<hr \/>\n<p class=\"p2\"><span class=\"TextRun SCXW227717916 BCX0\" lang=\"EN-US\" xml:lang=\"EN-US\" data-contrast=\"none\"><span class=\"NormalTextRun SCXW227717916 BCX0\">Tirant parti d&#039;une technologie optique avanc\u00e9e, le QSFP-QSFP-AOCXXM garantit une int\u00e9grit\u00e9 du signal robuste et une d\u00e9gradation minimale du signal. Sa conception optique active offre des performances sup\u00e9rieures par rapport aux c\u00e2bles passifs, <\/span><span class=\"NormalTextRun SCXW227717916 BCX0\">facilitant<\/span><span class=\"NormalTextRun SCXW227717916 BCX0\"> communication transparente entre les p\u00e9riph\u00e9riques r\u00e9seau.<\/span><\/span><span class=\"EOP SCXW227717916 BCX0\" data-ccp-props=\"{&quot;134233117&quot;:false,&quot;134233118&quot;:false,&quot;201341983&quot;:0,&quot;335557856&quot;:16777215,&quot;335559738&quot;:0,&quot;335559739&quot;:0,&quot;335559740&quot;:279}\">\u00a0<\/span><\/p>","protected":false},"excerpt":{"rendered":"<p><span class=\"NormalTextRun SCXW242410320 BCX0\">Le QSFP-QSFP-AOCXXM est le <\/span><span class=\"NormalTextRun SCXW242410320 BCX0\">optimal<\/span><span class=\"NormalTextRun SCXW242410320 BCX0\"> solution pour \u00e9tendre la port\u00e9e de votre r\u00e9seau tout en <\/span><span class=\"NormalTextRun SCXW242410320 BCX0\">maintenir<\/span><span class=\"NormalTextRun SCXW242410320 BCX0\"> Connectivit\u00e9 haut d\u00e9bit et rentabilit\u00e9.\u00a0<\/span><\/p>\n<hr \/>\n<p class=\"p2\"><strong><span class=\"s2\">QSFP+, AOC, <\/span>850nm, 40G, MMF<\/strong><\/p>","protected":false},"featured_media":24050,"template":"","meta":{"_acf_changed":false,"content-type":"","site-sidebar-layout":"default","site-content-layout":"default","ast-site-content-layout":"default","site-content-style":"default","site-sidebar-style":"default","ast-global-header-display":"","ast-banner-title-visibility":"","ast-main-header-display":"","ast-hfb-above-header-display":"","ast-hfb-below-header-display":"","ast-hfb-mobile-header-display":"","site-post-title":"","ast-breadcrumbs-content":"","ast-featured-img":"","footer-sml-layout":"","ast-disable-related-posts":"","theme-transparent-header-meta":"default","adv-header-id-meta":"","stick-header-meta":"","header-above-stick-meta":"","header-main-stick-meta":"","header-below-stick-meta":"","astra-migrate-meta-layouts":"set","ast-page-background-enabled":"default","ast-page-background-meta":{"desktop":{"background-color":"","background-image":"","background-repeat":"repeat","background-position":"center center","background-size":"auto","background-attachment":"scroll","background-type":"","background-media":"","overlay-type":"","overlay-color":"","overlay-opacity":"","overlay-gradient":""},"tablet":{"background-color":"","background-image":"","background-repeat":"repeat","background-position":"center center","background-size":"auto","background-attachment":"scroll","background-type":"","background-media":"","overlay-type":"","overlay-color":"","overlay-opacity":"","overlay-gradient":""},"mobile":{"background-color":"","background-image":"","background-repeat":"repeat","background-position":"center center","background-size":"auto","background-attachment":"scroll","background-type":"","background-media":"","overlay-type":"","overlay-color":"","overlay-opacity":"","overlay-gradient":""}},"ast-content-background-meta":{"desktop":{"background-color":"var(--ast-global-color-5)","background-image":"","background-repeat":"repeat","background-position":"center center","background-size":"auto","background-attachment":"scroll","background-type":"","background-media":"","overlay-type":"","overlay-color":"","overlay-opacity":"","overlay-gradient":""},"tablet":{"background-color":"var(--ast-global-color-5)","background-image":"","background-repeat":"repeat","background-position":"center center","background-size":"auto","background-attachment":"scroll","background-type":"","background-media":"","overlay-type":"","overlay-color":"","overlay-opacity":"","overlay-gradient":""},"mobile":{"background-color":"var(--ast-global-color-5)","background-image":"","background-repeat":"repeat","background-position":"center center","background-size":"auto","background-attachment":"scroll","background-type":"","background-media":"","overlay-type":"","overlay-color":"","overlay-opacity":"","overlay-gradient":""}}},"product_brand":[],"product_cat":[301],"product_tag":[],"class_list":{"0":"post-6784","1":"product","2":"type-product","3":"status-publish","4":"has-post-thumbnail","6":"product_cat-qsfp-dac-aoc","7":"desktop-align-left","8":"tablet-align-left","9":"mobile-align-left","10":"ast-product-gallery-layout-horizontal-slider","11":"ast-product-gallery-with-no-image","12":"ast-product-tabs-layout-horizontal","14":"first","15":"instock","16":"shipping-taxable","17":"purchasable","18":"product-type-simple"},"composite_virtual":false,"composite_layout":"","composite_add_to_cart_form_location":"","composite_editable_in_cart":false,"composite_sold_individually_context":"","composite_shop_price_calc":"","composite_components":[],"composite_scenarios":[],"acf":[],"_links":{"self":[{"href":"https:\/\/www.precisionot.com\/fr\/wp-json\/wp\/v2\/product\/6784","targetHints":{"allow":["GET"]}}],"collection":[{"href":"https:\/\/www.precisionot.com\/fr\/wp-json\/wp\/v2\/product"}],"about":[{"href":"https:\/\/www.precisionot.com\/fr\/wp-json\/wp\/v2\/types\/product"}],"version-history":[{"count":0,"href":"https:\/\/www.precisionot.com\/fr\/wp-json\/wp\/v2\/product\/6784\/revisions"}],"wp:featuredmedia":[{"embeddable":true,"href":"https:\/\/www.precisionot.com\/fr\/wp-json\/wp\/v2\/media\/24050"}],"wp:attachment":[{"href":"https:\/\/www.precisionot.com\/fr\/wp-json\/wp\/v2\/media?parent=6784"}],"wp:term":[{"taxonomy":"product_brand","embeddable":true,"href":"https:\/\/www.precisionot.com\/fr\/wp-json\/wp\/v2\/product_brand?post=6784"},{"taxonomy":"product_cat","embeddable":true,"href":"https:\/\/www.precisionot.com\/fr\/wp-json\/wp\/v2\/product_cat?post=6784"},{"taxonomy":"product_tag","embeddable":true,"href":"https:\/\/www.precisionot.com\/fr\/wp-json\/wp\/v2\/product_tag?post=6784"}],"curies":[{"name":"wp","href":"https:\/\/api.w.org\/{rel}","templated":true}]}}