{"id":6382,"date":"2022-03-15T10:41:28","date_gmt":"2022-03-15T14:41:28","guid":{"rendered":"https:\/\/www.precisionot.com\/?post_type=product&#038;p=6382"},"modified":"2024-10-28T17:21:13","modified_gmt":"2024-10-28T21:21:13","slug":"avant-xsn2sfp10gc-20i","status":"publish","type":"product","link":"https:\/\/www.precisionot.com\/fr\/product\/pre-xsn2sfp10gc-20i\/","title":{"rendered":"PRE-XSN2SFP10GC-20I"},"content":{"rendered":"<p class=\"p2\"><span class=\"NormalTextRun SCXW101654782 BCX0\">Le module \u00e9metteur-r\u00e9cepteur SFP+ polyvalent EPON XSN2SFP10GC-20I est con\u00e7u pour les applications Combo XGS-PON et GPON, prenant en charge les classes optiques N2 et C+. Ce module \u00e9metteur-r\u00e9cepteur est <\/span><span class=\"NormalTextRun SCXW101654782 BCX0\">optimis\u00e9<\/span><span class=\"NormalTextRun SCXW101654782 BCX0\"> pour fibre monomode (SMF) avec un connecteur SC, offrant une connectivit\u00e9 fiable pour les d\u00e9ploiements de fibre jusqu&#039;au domicile (FTTH) et de fibre jusqu&#039;aux locaux (FTTP).<\/span><\/p>\n<hr \/>\n<p class=\"p2\"><span class=\"NormalTextRun SCXW101654782 BCX0\">Con\u00e7u pour les environnements \u00e0 temp\u00e9rature industrielle (I-temp), le XSN2SFP10GC-20I garantit des performances stables m\u00eame dans des conditions difficiles, ce qui le rend id\u00e9al pour les r\u00e9seaux PON \u00e0 forte demande. <\/span><span class=\"NormalTextRun ContextualSpellingAndGrammarErrorV2Themed SCXW101654782 BCX0\">C&#039;est<\/span><span class=\"NormalTextRun SCXW101654782 BCX0\"> la conception rempla\u00e7able \u00e0 chaud permet une int\u00e9gration ou un remplacement rapide et transparent sans interruption du service r\u00e9seau.<\/span><\/p>","protected":false},"excerpt":{"rendered":"<p class=\"p2\"><span class=\"s1\"><span class=\"Apple-converted-space\"> <span class=\"TextRun SCXW95280621 BCX0\" lang=\"EN-US\" xml:lang=\"EN-US\" data-contrast=\"auto\"><span class=\"NormalTextRun SCXW95280621 BCX0\">L&#039;\u00e9metteur-r\u00e9cepteur XSN2SFP10GC-20I prend en charge les applications Combo XGS-PON et GPON sur fibre monomode avec un connecteur SC, con\u00e7u pour les exigences de classe optique N2\/C+ dans les environnements I-temp.<\/span><\/span><\/span><\/span><\/p>\n<hr \/>\n<p class=\"p2\"><strong>SFP+, combin\u00e9 XGS\/GPON, N2\/C+<span class=\"s2\">, <\/span><span class=\"s3\">SMF\/SC, <\/span>I-Temp<span class=\"Apple-converted-space\">\u00a0<\/span><\/strong><\/p>","protected":false},"featured_media":23286,"template":"","meta":{"_acf_changed":false,"content-type":"","site-sidebar-layout":"default","site-content-layout":"default","ast-site-content-layout":"default","site-content-style":"default","site-sidebar-style":"default","ast-global-header-display":"","ast-banner-title-visibility":"","ast-main-header-display":"","ast-hfb-above-header-display":"","ast-hfb-below-header-display":"","ast-hfb-mobile-header-display":"","site-post-title":"","ast-breadcrumbs-content":"","ast-featured-img":"","footer-sml-layout":"","ast-disable-related-posts":"","theme-transparent-header-meta":"default","adv-header-id-meta":"","stick-header-meta":"","header-above-stick-meta":"","header-main-stick-meta":"","header-below-stick-meta":"","astra-migrate-meta-layouts":"set","ast-page-background-enabled":"default","ast-page-background-meta":{"desktop":{"background-color":"","background-image":"","background-repeat":"repeat","background-position":"center center","background-size":"auto","background-attachment":"scroll","background-type":"","background-media":"","overlay-type":"","overlay-color":"","overlay-opacity":"","overlay-gradient":""},"tablet":{"background-color":"","background-image":"","background-repeat":"repeat","background-position":"center center","background-size":"auto","background-attachment":"scroll","background-type":"","background-media":"","overlay-type":"","overlay-color":"","overlay-opacity":"","overlay-gradient":""},"mobile":{"background-color":"","background-image":"","background-repeat":"repeat","background-position":"center center","background-size":"auto","background-attachment":"scroll","background-type":"","background-media":"","overlay-type":"","overlay-color":"","overlay-opacity":"","overlay-gradient":""}},"ast-content-background-meta":{"desktop":{"background-color":"var(--ast-global-color-5)","background-image":"","background-repeat":"repeat","background-position":"center center","background-size":"auto","background-attachment":"scroll","background-type":"","background-media":"","overlay-type":"","overlay-color":"","overlay-opacity":"","overlay-gradient":""},"tablet":{"background-color":"var(--ast-global-color-5)","background-image":"","background-repeat":"repeat","background-position":"center center","background-size":"auto","background-attachment":"scroll","background-type":"","background-media":"","overlay-type":"","overlay-color":"","overlay-opacity":"","overlay-gradient":""},"mobile":{"background-color":"var(--ast-global-color-5)","background-image":"","background-repeat":"repeat","background-position":"center center","background-size":"auto","background-attachment":"scroll","background-type":"","background-media":"","overlay-type":"","overlay-color":"","overlay-opacity":"","overlay-gradient":""}}},"product_brand":[],"product_cat":[327],"product_tag":[],"class_list":{"0":"post-6382","1":"product","2":"type-product","3":"status-publish","4":"has-post-thumbnail","6":"product_cat-xgspon","7":"desktop-align-left","8":"tablet-align-left","9":"mobile-align-left","10":"ast-product-gallery-layout-horizontal-slider","11":"ast-product-gallery-with-no-image","12":"ast-product-tabs-layout-horizontal","14":"first","15":"instock","16":"shipping-taxable","17":"purchasable","18":"product-type-simple"},"composite_virtual":false,"composite_layout":"","composite_add_to_cart_form_location":"","composite_editable_in_cart":false,"composite_sold_individually_context":"","composite_shop_price_calc":"","composite_components":[],"composite_scenarios":[],"acf":[],"_links":{"self":[{"href":"https:\/\/www.precisionot.com\/fr\/wp-json\/wp\/v2\/product\/6382","targetHints":{"allow":["GET"]}}],"collection":[{"href":"https:\/\/www.precisionot.com\/fr\/wp-json\/wp\/v2\/product"}],"about":[{"href":"https:\/\/www.precisionot.com\/fr\/wp-json\/wp\/v2\/types\/product"}],"version-history":[{"count":0,"href":"https:\/\/www.precisionot.com\/fr\/wp-json\/wp\/v2\/product\/6382\/revisions"}],"wp:featuredmedia":[{"embeddable":true,"href":"https:\/\/www.precisionot.com\/fr\/wp-json\/wp\/v2\/media\/23286"}],"wp:attachment":[{"href":"https:\/\/www.precisionot.com\/fr\/wp-json\/wp\/v2\/media?parent=6382"}],"wp:term":[{"taxonomy":"product_brand","embeddable":true,"href":"https:\/\/www.precisionot.com\/fr\/wp-json\/wp\/v2\/product_brand?post=6382"},{"taxonomy":"product_cat","embeddable":true,"href":"https:\/\/www.precisionot.com\/fr\/wp-json\/wp\/v2\/product_cat?post=6382"},{"taxonomy":"product_tag","embeddable":true,"href":"https:\/\/www.precisionot.com\/fr\/wp-json\/wp\/v2\/product_tag?post=6382"}],"curies":[{"name":"wp","href":"https:\/\/api.w.org\/{rel}","templated":true}]}}