{"id":575,"date":"2020-10-25T20:49:26","date_gmt":"2020-10-26T00:49:26","guid":{"rendered":"https:\/\/www.precisionot.com\/?post_type=product&#038;p=575"},"modified":"2024-10-28T12:04:04","modified_gmt":"2024-10-28T16:04:04","slug":"pre-sfp-b45-80","status":"publish","type":"product","link":"https:\/\/www.precisionot.com\/fr\/product\/pre-sfp-b45-80\/","title":{"rendered":"PRE-SFP-B45(54)-80(I)"},"content":{"rendered":"<p><span class=\"NormalTextRun SCXW1499076 BCX0\">Le module \u00e9metteur-r\u00e9cepteur optique SFP-B45(54)-80(I) prend en charge la transmission Ethernet 1G sur des distances allant jusqu&#039;\u00e0 <\/span><span class=\"NormalTextRun SCXW1499076 BCX0\">80 kilom\u00e8tres<\/span><span class=\"NormalTextRun SCXW1499076 BCX0\"> utilisant la technologie bidirectionnelle (BIDI). Fonctionnant avec des longueurs d&#039;onde doubles de 1490 nm (Tx) et 1550 nm (Rx), ou vice versa, cet \u00e9metteur-r\u00e9cepteur permet une transmission et une r\u00e9ception de donn\u00e9es efficaces sur une seule fibre, optimisant ainsi l&#039;utilisation de la fibre dans les r\u00e9seaux de t\u00e9l\u00e9communications et d&#039;entreprise longue distance.<\/span><\/p>\n<hr \/>\n<p><span class=\"NormalTextRun SCXW1499076 BCX0\">Con\u00e7u pour la fibre monomode (SMF) avec un connecteur LC, le SFP-B45(54)-80(I) est id\u00e9al pour les applications \u00e0 tr\u00e8s longue port\u00e9e et est disponible dans les variantes de temp\u00e9rature commerciales (C-temp) et industrielles (I-temp). La conception \u00e9changeable \u00e0 chaud permet une int\u00e9gration ou un remplacement facile sans interruption du r\u00e9seau, ce qui en fait une solution fiable pour les r\u00e9seaux longue distance.<\/span><\/p>","protected":false},"excerpt":{"rendered":"<p><span class=\"NormalTextRun SCXW230761467 BCX0\">L&#039;\u00e9metteur-r\u00e9cepteur SFP-B45(54)-80(I) prend en charge Ethernet 1G sur fibre monomode avec une port\u00e9e allant jusqu&#039;\u00e0 <\/span><span class=\"NormalTextRun SCXW230761467 BCX0\">80 kilom\u00e8tres<\/span><span class=\"NormalTextRun SCXW230761467 BCX0\"> utilisant la technologie BIDI avec des longueurs d&#039;onde de 1490 nm et 1550 nm, disponible dans les variantes C-temp et I-temp.<\/span><\/p>\n<hr \/>\n<p><strong>SFP, ZX, BIDI, 1490\/1550, 1G, 80 km, SMF\/LC<\/strong><\/p>","protected":false},"featured_media":26312,"template":"","meta":{"_acf_changed":false,"content-type":"","site-sidebar-layout":"default","site-content-layout":"default","ast-site-content-layout":"default","site-content-style":"default","site-sidebar-style":"default","ast-global-header-display":"","ast-banner-title-visibility":"","ast-main-header-display":"","ast-hfb-above-header-display":"","ast-hfb-below-header-display":"","ast-hfb-mobile-header-display":"","site-post-title":"","ast-breadcrumbs-content":"","ast-featured-img":"","footer-sml-layout":"","ast-disable-related-posts":"","theme-transparent-header-meta":"default","adv-header-id-meta":"","stick-header-meta":"","header-above-stick-meta":"","header-main-stick-meta":"","header-below-stick-meta":"","astra-migrate-meta-layouts":"set","ast-page-background-enabled":"default","ast-page-background-meta":{"desktop":{"background-color":"","background-image":"","background-repeat":"repeat","background-position":"center center","background-size":"auto","background-attachment":"scroll","background-type":"","background-media":"","overlay-type":"","overlay-color":"","overlay-opacity":"","overlay-gradient":""},"tablet":{"background-color":"","background-image":"","background-repeat":"repeat","background-position":"center center","background-size":"auto","background-attachment":"scroll","background-type":"","background-media":"","overlay-type":"","overlay-color":"","overlay-opacity":"","overlay-gradient":""},"mobile":{"background-color":"","background-image":"","background-repeat":"repeat","background-position":"center center","background-size":"auto","background-attachment":"scroll","background-type":"","background-media":"","overlay-type":"","overlay-color":"","overlay-opacity":"","overlay-gradient":""}},"ast-content-background-meta":{"desktop":{"background-color":"var(--ast-global-color-5)","background-image":"","background-repeat":"repeat","background-position":"center center","background-size":"auto","background-attachment":"scroll","background-type":"","background-media":"","overlay-type":"","overlay-color":"","overlay-opacity":"","overlay-gradient":""},"tablet":{"background-color":"var(--ast-global-color-5)","background-image":"","background-repeat":"repeat","background-position":"center center","background-size":"auto","background-attachment":"scroll","background-type":"","background-media":"","overlay-type":"","overlay-color":"","overlay-opacity":"","overlay-gradient":""},"mobile":{"background-color":"var(--ast-global-color-5)","background-image":"","background-repeat":"repeat","background-position":"center center","background-size":"auto","background-attachment":"scroll","background-type":"","background-media":"","overlay-type":"","overlay-color":"","overlay-opacity":"","overlay-gradient":""}}},"product_brand":[],"product_cat":[59],"product_tag":[],"class_list":{"0":"post-575","1":"product","2":"type-product","3":"status-publish","4":"has-post-thumbnail","6":"product_cat-1g-sfp-bidirectional","7":"desktop-align-left","8":"tablet-align-left","9":"mobile-align-left","10":"ast-product-gallery-layout-horizontal-slider","11":"ast-product-gallery-with-no-image","12":"ast-product-tabs-layout-horizontal","14":"first","15":"instock","16":"shipping-taxable","17":"purchasable","18":"product-type-simple"},"composite_virtual":false,"composite_layout":"","composite_add_to_cart_form_location":"","composite_editable_in_cart":false,"composite_sold_individually_context":"","composite_shop_price_calc":"","composite_components":[],"composite_scenarios":[],"acf":[],"_links":{"self":[{"href":"https:\/\/www.precisionot.com\/fr\/wp-json\/wp\/v2\/product\/575","targetHints":{"allow":["GET"]}}],"collection":[{"href":"https:\/\/www.precisionot.com\/fr\/wp-json\/wp\/v2\/product"}],"about":[{"href":"https:\/\/www.precisionot.com\/fr\/wp-json\/wp\/v2\/types\/product"}],"version-history":[{"count":0,"href":"https:\/\/www.precisionot.com\/fr\/wp-json\/wp\/v2\/product\/575\/revisions"}],"wp:featuredmedia":[{"embeddable":true,"href":"https:\/\/www.precisionot.com\/fr\/wp-json\/wp\/v2\/media\/26312"}],"wp:attachment":[{"href":"https:\/\/www.precisionot.com\/fr\/wp-json\/wp\/v2\/media?parent=575"}],"wp:term":[{"taxonomy":"product_brand","embeddable":true,"href":"https:\/\/www.precisionot.com\/fr\/wp-json\/wp\/v2\/product_brand?post=575"},{"taxonomy":"product_cat","embeddable":true,"href":"https:\/\/www.precisionot.com\/fr\/wp-json\/wp\/v2\/product_cat?post=575"},{"taxonomy":"product_tag","embeddable":true,"href":"https:\/\/www.precisionot.com\/fr\/wp-json\/wp\/v2\/product_tag?post=575"}],"curies":[{"name":"wp","href":"https:\/\/api.w.org\/{rel}","templated":true}]}}