{"id":572,"date":"2020-10-25T20:47:14","date_gmt":"2020-10-26T00:47:14","guid":{"rendered":"https:\/\/www.precisionot.com\/?post_type=product&#038;p=572"},"modified":"2025-01-27T10:17:41","modified_gmt":"2025-01-27T15:17:41","slug":"pre-sfp-b4554-40i","status":"publish","type":"product","link":"https:\/\/www.precisionot.com\/fr\/product\/pre-sfp-b4554-40i\/","title":{"rendered":"PR\u00c9-SFP-B45(54)-40(I)"},"content":{"rendered":"<div class=\"l-product_desc\">\n<p><span class=\"NormalTextRun SCXW195628017 BCX0\">Le module \u00e9metteur-r\u00e9cepteur optique SFP-B45(54)-40(I) prend en charge la transmission Ethernet 1000Base sur des distances allant jusqu&#039;\u00e0 40 kilom\u00e8tres \u00e0 l&#039;aide de la technologie WDM bidirectionnelle (BIDI). Fonctionnant avec une longueur d&#039;onde de 1490 nm pour la transmission (TX) et de 1550 nm pour la r\u00e9ception (RX), cet \u00e9metteur-r\u00e9cepteur permet une transmission et une r\u00e9ception de donn\u00e9es efficaces sur une seule fibre, optimisant ainsi la fibre <\/span><span class=\"NormalTextRun SCXW195628017 BCX0\">utilisation<\/span><span class=\"NormalTextRun SCXW195628017 BCX0\"> dans les r\u00e9seaux de t\u00e9l\u00e9communications longue port\u00e9e et d\u2019entreprise.<\/span><\/p>\n<hr \/>\n<p><span class=\"NormalTextRun SCXW195628017 BCX0\">Con\u00e7u pour la fibre monomode (SMF) avec un connecteur LC, le SFP-B45-40 est disponible dans des variantes de temp\u00e9rature commerciales (C-temp) et industrielles (I-temp), garantissant des performances fiables dans des conditions environnementales vari\u00e9es. Le module comprend des diagnostics num\u00e9riques <\/span><span class=\"NormalTextRun SCXW195628017 BCX0\">surveillance<\/span><span class=\"NormalTextRun SCXW195628017 BCX0\"> (DDM) pour le suivi des performances en temps r\u00e9el, prenant en charge la gestion proactive du r\u00e9seau. <\/span><span class=\"NormalTextRun ContextualSpellingAndGrammarErrorV2Themed SCXW195628017 BCX0\">C&#039;est<\/span><span class=\"NormalTextRun SCXW195628017 BCX0\"> la conception rempla\u00e7able \u00e0 chaud permet une installation ou un remplacement rapide sans perturber les op\u00e9rations du r\u00e9seau.<\/span><\/p>\n<\/div>","protected":false},"excerpt":{"rendered":"<p><span class=\"TextRun SCXW121933467 BCX0\" lang=\"EN-US\" xml:lang=\"EN-US\" data-contrast=\"auto\"><span class=\"NormalTextRun SCXW121933467 BCX0\">L&#039;\u00e9metteur-r\u00e9cepteur SFP-B45(54)-40(I) prend en charge Ethernet 1000Base sur fibre monomode avec une port\u00e9e allant jusqu&#039;\u00e0 40 kilom\u00e8tres \u00e0 l&#039;aide de la technologie BIDI WDM avec 1490 nm TX et 1550 nm RX, disponible dans les variantes C-temp et I-temp avec DDM int\u00e9gr\u00e9.<\/span><\/span><\/p>\n<hr \/>\n<p><strong>SFP, BiDi WDM, 1490nm TX\/1550nm RX, LX SMF 40km, 1000Base, DDM, C-Temp\/I-Temp<\/strong><\/p>","protected":false},"featured_media":1258,"template":"","meta":{"_acf_changed":false,"content-type":"","site-sidebar-layout":"default","site-content-layout":"default","ast-site-content-layout":"default","site-content-style":"default","site-sidebar-style":"default","ast-global-header-display":"","ast-banner-title-visibility":"","ast-main-header-display":"","ast-hfb-above-header-display":"","ast-hfb-below-header-display":"","ast-hfb-mobile-header-display":"","site-post-title":"","ast-breadcrumbs-content":"","ast-featured-img":"","footer-sml-layout":"","ast-disable-related-posts":"","theme-transparent-header-meta":"default","adv-header-id-meta":"","stick-header-meta":"","header-above-stick-meta":"","header-main-stick-meta":"","header-below-stick-meta":"","astra-migrate-meta-layouts":"set","ast-page-background-enabled":"default","ast-page-background-meta":{"desktop":{"background-color":"","background-image":"","background-repeat":"repeat","background-position":"center center","background-size":"auto","background-attachment":"scroll","background-type":"","background-media":"","overlay-type":"","overlay-color":"","overlay-opacity":"","overlay-gradient":""},"tablet":{"background-color":"","background-image":"","background-repeat":"repeat","background-position":"center center","background-size":"auto","background-attachment":"scroll","background-type":"","background-media":"","overlay-type":"","overlay-color":"","overlay-opacity":"","overlay-gradient":""},"mobile":{"background-color":"","background-image":"","background-repeat":"repeat","background-position":"center center","background-size":"auto","background-attachment":"scroll","background-type":"","background-media":"","overlay-type":"","overlay-color":"","overlay-opacity":"","overlay-gradient":""}},"ast-content-background-meta":{"desktop":{"background-color":"var(--ast-global-color-5)","background-image":"","background-repeat":"repeat","background-position":"center center","background-size":"auto","background-attachment":"scroll","background-type":"","background-media":"","overlay-type":"","overlay-color":"","overlay-opacity":"","overlay-gradient":""},"tablet":{"background-color":"var(--ast-global-color-5)","background-image":"","background-repeat":"repeat","background-position":"center center","background-size":"auto","background-attachment":"scroll","background-type":"","background-media":"","overlay-type":"","overlay-color":"","overlay-opacity":"","overlay-gradient":""},"mobile":{"background-color":"var(--ast-global-color-5)","background-image":"","background-repeat":"repeat","background-position":"center center","background-size":"auto","background-attachment":"scroll","background-type":"","background-media":"","overlay-type":"","overlay-color":"","overlay-opacity":"","overlay-gradient":""}}},"product_brand":[],"product_cat":[59],"product_tag":[],"class_list":{"0":"post-572","1":"product","2":"type-product","3":"status-publish","4":"has-post-thumbnail","6":"product_cat-1g-sfp-bidirectional","7":"desktop-align-left","8":"tablet-align-left","9":"mobile-align-left","10":"ast-product-gallery-layout-horizontal-slider","11":"ast-product-gallery-with-no-image","12":"ast-product-tabs-layout-horizontal","14":"first","15":"instock","16":"shipping-taxable","17":"purchasable","18":"product-type-simple"},"composite_virtual":false,"composite_layout":"","composite_add_to_cart_form_location":"","composite_editable_in_cart":false,"composite_sold_individually_context":"","composite_shop_price_calc":"","composite_components":[],"composite_scenarios":[],"acf":[],"_links":{"self":[{"href":"https:\/\/www.precisionot.com\/fr\/wp-json\/wp\/v2\/product\/572","targetHints":{"allow":["GET"]}}],"collection":[{"href":"https:\/\/www.precisionot.com\/fr\/wp-json\/wp\/v2\/product"}],"about":[{"href":"https:\/\/www.precisionot.com\/fr\/wp-json\/wp\/v2\/types\/product"}],"version-history":[{"count":0,"href":"https:\/\/www.precisionot.com\/fr\/wp-json\/wp\/v2\/product\/572\/revisions"}],"wp:featuredmedia":[{"embeddable":true,"href":"https:\/\/www.precisionot.com\/fr\/wp-json\/wp\/v2\/media\/1258"}],"wp:attachment":[{"href":"https:\/\/www.precisionot.com\/fr\/wp-json\/wp\/v2\/media?parent=572"}],"wp:term":[{"taxonomy":"product_brand","embeddable":true,"href":"https:\/\/www.precisionot.com\/fr\/wp-json\/wp\/v2\/product_brand?post=572"},{"taxonomy":"product_cat","embeddable":true,"href":"https:\/\/www.precisionot.com\/fr\/wp-json\/wp\/v2\/product_cat?post=572"},{"taxonomy":"product_tag","embeddable":true,"href":"https:\/\/www.precisionot.com\/fr\/wp-json\/wp\/v2\/product_tag?post=572"}],"curies":[{"name":"wp","href":"https:\/\/api.w.org\/{rel}","templated":true}]}}