{"id":569,"date":"2020-10-25T20:45:08","date_gmt":"2020-10-26T00:45:08","guid":{"rendered":"https:\/\/www.precisionot.com\/?post_type=product&#038;p=569"},"modified":"2024-10-28T11:41:03","modified_gmt":"2024-10-28T15:41:03","slug":"pre-sfp-b3443-40i","status":"publish","type":"product","link":"https:\/\/www.precisionot.com\/fr\/product\/pre-sfp-b3443-40i\/","title":{"rendered":"PRE-SFP-B34(43)-40(I)"},"content":{"rendered":"<p><span class=\"NormalTextRun SCXW31639873 BCX0\">Le module \u00e9metteur-r\u00e9cepteur optique SFP-B34(43)-40(I) prend en charge la transmission Ethernet 1G sur des distances allant jusqu&#039;\u00e0 <\/span><span class=\"NormalTextRun SCXW31639873 BCX0\">40 kilom\u00e8tres<\/span><span class=\"NormalTextRun SCXW31639873 BCX0\"> utilisant la technologie bidirectionnelle (BIDI). Fonctionnant avec des longueurs d&#039;onde doubles de 1310 nm (Tx) et 1490 nm (Rx), ou vice versa, cet \u00e9metteur-r\u00e9cepteur permet une transmission et une r\u00e9ception de donn\u00e9es efficaces sur une seule fibre, optimisant ainsi l&#039;utilisation de la fibre dans les r\u00e9seaux de t\u00e9l\u00e9communications et d&#039;entreprise.<\/span><\/p>\n<hr \/>\n<p><span class=\"NormalTextRun SCXW31639873 BCX0\">Con\u00e7u pour la fibre monomode (SMF) avec un connecteur LC, le SFP-B34(43)-40(I) est con\u00e7u pour les applications \u00e0 port\u00e9e \u00e9tendue et est disponible dans les variantes de temp\u00e9rature commerciales (C-temp) et industrielles (I-temp). La conception \u00e9changeable \u00e0 chaud permet une int\u00e9gration ou un remplacement transparent sans interrompre les op\u00e9rations du r\u00e9seau.<\/span><\/p>","protected":false},"excerpt":{"rendered":"<p><span class=\"NormalTextRun SCXW26965269 BCX0\">L&#039;\u00e9metteur-r\u00e9cepteur SFP-B34(43)-40(I) prend en charge Ethernet 1G sur fibre monomode avec une port\u00e9e allant jusqu&#039;\u00e0 <\/span><span class=\"NormalTextRun SCXW26965269 BCX0\">40 kilom\u00e8tres<\/span><span class=\"NormalTextRun SCXW26965269 BCX0\"> utilisant la technologie BIDI avec des longueurs d&#039;onde de 1310 nm et 1490 nm, disponible dans les variantes C-temp et I-temp avec un connecteur LC.<\/span><\/p>\n<hr \/>\n<p><strong>SFP, EX, BIDI, 1310\/1490 nm, 1G, 40 km, SMF\/LC<\/strong><\/p>","protected":false},"featured_media":25129,"template":"","meta":{"_acf_changed":false,"content-type":"","site-sidebar-layout":"default","site-content-layout":"default","ast-site-content-layout":"default","site-content-style":"default","site-sidebar-style":"default","ast-global-header-display":"","ast-banner-title-visibility":"","ast-main-header-display":"","ast-hfb-above-header-display":"","ast-hfb-below-header-display":"","ast-hfb-mobile-header-display":"","site-post-title":"","ast-breadcrumbs-content":"","ast-featured-img":"","footer-sml-layout":"","ast-disable-related-posts":"","theme-transparent-header-meta":"default","adv-header-id-meta":"","stick-header-meta":"","header-above-stick-meta":"","header-main-stick-meta":"","header-below-stick-meta":"","astra-migrate-meta-layouts":"set","ast-page-background-enabled":"default","ast-page-background-meta":{"desktop":{"background-color":"","background-image":"","background-repeat":"repeat","background-position":"center center","background-size":"auto","background-attachment":"scroll","background-type":"","background-media":"","overlay-type":"","overlay-color":"","overlay-opacity":"","overlay-gradient":""},"tablet":{"background-color":"","background-image":"","background-repeat":"repeat","background-position":"center center","background-size":"auto","background-attachment":"scroll","background-type":"","background-media":"","overlay-type":"","overlay-color":"","overlay-opacity":"","overlay-gradient":""},"mobile":{"background-color":"","background-image":"","background-repeat":"repeat","background-position":"center center","background-size":"auto","background-attachment":"scroll","background-type":"","background-media":"","overlay-type":"","overlay-color":"","overlay-opacity":"","overlay-gradient":""}},"ast-content-background-meta":{"desktop":{"background-color":"var(--ast-global-color-5)","background-image":"","background-repeat":"repeat","background-position":"center center","background-size":"auto","background-attachment":"scroll","background-type":"","background-media":"","overlay-type":"","overlay-color":"","overlay-opacity":"","overlay-gradient":""},"tablet":{"background-color":"var(--ast-global-color-5)","background-image":"","background-repeat":"repeat","background-position":"center center","background-size":"auto","background-attachment":"scroll","background-type":"","background-media":"","overlay-type":"","overlay-color":"","overlay-opacity":"","overlay-gradient":""},"mobile":{"background-color":"var(--ast-global-color-5)","background-image":"","background-repeat":"repeat","background-position":"center center","background-size":"auto","background-attachment":"scroll","background-type":"","background-media":"","overlay-type":"","overlay-color":"","overlay-opacity":"","overlay-gradient":""}}},"product_brand":[],"product_cat":[59],"product_tag":[],"class_list":{"0":"post-569","1":"product","2":"type-product","3":"status-publish","4":"has-post-thumbnail","6":"product_cat-1g-sfp-bidirectional","7":"desktop-align-left","8":"tablet-align-left","9":"mobile-align-left","10":"ast-product-gallery-layout-horizontal-slider","11":"ast-product-gallery-with-no-image","12":"ast-product-tabs-layout-horizontal","14":"first","15":"instock","16":"shipping-taxable","17":"purchasable","18":"product-type-simple"},"composite_virtual":false,"composite_layout":"","composite_add_to_cart_form_location":"","composite_editable_in_cart":false,"composite_sold_individually_context":"","composite_shop_price_calc":"","composite_components":[],"composite_scenarios":[],"acf":[],"_links":{"self":[{"href":"https:\/\/www.precisionot.com\/fr\/wp-json\/wp\/v2\/product\/569","targetHints":{"allow":["GET"]}}],"collection":[{"href":"https:\/\/www.precisionot.com\/fr\/wp-json\/wp\/v2\/product"}],"about":[{"href":"https:\/\/www.precisionot.com\/fr\/wp-json\/wp\/v2\/types\/product"}],"version-history":[{"count":0,"href":"https:\/\/www.precisionot.com\/fr\/wp-json\/wp\/v2\/product\/569\/revisions"}],"wp:featuredmedia":[{"embeddable":true,"href":"https:\/\/www.precisionot.com\/fr\/wp-json\/wp\/v2\/media\/25129"}],"wp:attachment":[{"href":"https:\/\/www.precisionot.com\/fr\/wp-json\/wp\/v2\/media?parent=569"}],"wp:term":[{"taxonomy":"product_brand","embeddable":true,"href":"https:\/\/www.precisionot.com\/fr\/wp-json\/wp\/v2\/product_brand?post=569"},{"taxonomy":"product_cat","embeddable":true,"href":"https:\/\/www.precisionot.com\/fr\/wp-json\/wp\/v2\/product_cat?post=569"},{"taxonomy":"product_tag","embeddable":true,"href":"https:\/\/www.precisionot.com\/fr\/wp-json\/wp\/v2\/product_tag?post=569"}],"curies":[{"name":"wp","href":"https:\/\/api.w.org\/{rel}","templated":true}]}}