{"id":557,"date":"2020-10-25T20:19:51","date_gmt":"2020-10-26T00:19:51","guid":{"rendered":"https:\/\/www.precisionot.com\/?post_type=product&#038;p=557"},"modified":"2024-10-14T16:19:13","modified_gmt":"2024-10-14T20:19:13","slug":"pre-sfp-40i","status":"publish","type":"product","link":"https:\/\/www.precisionot.com\/fr\/product\/pre-sfp-40i\/","title":{"rendered":"PR\u00c9-SFP-40(I)"},"content":{"rendered":"<p class=\"p2\"><span class=\"NormalTextRun SCXW240446042 BCX0\">Le module \u00e9metteur-r\u00e9cepteur optique SFP-40(I) prend en charge la transmission Ethernet 1G sur des distances allant jusqu&#039;\u00e0 <\/span><span class=\"NormalTextRun SCXW240446042 BCX0\">40 kilom\u00e8tres<\/span><span class=\"NormalTextRun SCXW240446042 BCX0\"> utilisant une fibre monomode (SMF) avec des connecteurs duplex LC. Fonctionnant \u00e0 une longueur d&#039;onde de 1310 nm, cet \u00e9metteur-r\u00e9cepteur est con\u00e7u pour une connectivit\u00e9 longue port\u00e9e et haut d\u00e9bit dans les centres de donn\u00e9es, les r\u00e9seaux d&#039;entreprise et les infrastructures de t\u00e9l\u00e9communications.<\/span><\/p>\n<hr \/>\n<p class=\"p2\"><span class=\"NormalTextRun SCXW240446042 BCX0\">Le diagnostic num\u00e9rique int\u00e9gr\u00e9 <\/span><span class=\"NormalTextRun SCXW240446042 BCX0\">surveillance<\/span><span class=\"NormalTextRun SCXW240446042 BCX0\"> (DDM) offre un suivi des performances en temps r\u00e9el, garantissant une gestion proactive du r\u00e9seau. Disponible dans une variante \u00e0 temp\u00e9rature industrielle (I-temp), le SFP-40(I) est con\u00e7u pour offrir des performances fiables dans des environnements difficiles. <\/span><span class=\"NormalTextRun ContextualSpellingAndGrammarErrorV2Themed SCXW240446042 BCX0\">C&#039;est<\/span><span class=\"NormalTextRun SCXW240446042 BCX0\"> la conception rempla\u00e7able \u00e0 chaud garantit une int\u00e9gration ou un remplacement facile sans interruption de service.<\/span><\/p>","protected":false},"excerpt":{"rendered":"<p class=\"p2\"><span class=\"s2\"><span class=\"NormalTextRun SCXW115648280 BCX0\">L&#039;\u00e9metteur-r\u00e9cepteur SFP-40(I) prend en charge Ethernet 1G sur fibre monomode avec une port\u00e9e allant jusqu&#039;\u00e0 <\/span><span class=\"NormalTextRun SCXW115648280 BCX0\">40 kilom\u00e8tres<\/span><span class=\"NormalTextRun SCXW115648280 BCX0\"> utilisant une longueur d&#039;onde de 1310 nm, disponible dans une variante I-temp avec DDM int\u00e9gr\u00e9.<\/span><\/span><\/p>\n<hr \/>\n<p class=\"p2\"><strong><span class=\"s2\">SFP, EX, <\/span>1310 nm, 1G, 40 km, SMF\/LC, DDM<\/strong><\/p>","protected":false},"featured_media":24151,"template":"","meta":{"_acf_changed":false,"content-type":"","site-sidebar-layout":"default","site-content-layout":"default","ast-site-content-layout":"default","site-content-style":"default","site-sidebar-style":"default","ast-global-header-display":"","ast-banner-title-visibility":"","ast-main-header-display":"","ast-hfb-above-header-display":"","ast-hfb-below-header-display":"","ast-hfb-mobile-header-display":"","site-post-title":"","ast-breadcrumbs-content":"","ast-featured-img":"","footer-sml-layout":"","ast-disable-related-posts":"","theme-transparent-header-meta":"default","adv-header-id-meta":"","stick-header-meta":"","header-above-stick-meta":"","header-main-stick-meta":"","header-below-stick-meta":"","astra-migrate-meta-layouts":"set","ast-page-background-enabled":"default","ast-page-background-meta":{"desktop":{"background-color":"","background-image":"","background-repeat":"repeat","background-position":"center center","background-size":"auto","background-attachment":"scroll","background-type":"","background-media":"","overlay-type":"","overlay-color":"","overlay-opacity":"","overlay-gradient":""},"tablet":{"background-color":"","background-image":"","background-repeat":"repeat","background-position":"center center","background-size":"auto","background-attachment":"scroll","background-type":"","background-media":"","overlay-type":"","overlay-color":"","overlay-opacity":"","overlay-gradient":""},"mobile":{"background-color":"","background-image":"","background-repeat":"repeat","background-position":"center center","background-size":"auto","background-attachment":"scroll","background-type":"","background-media":"","overlay-type":"","overlay-color":"","overlay-opacity":"","overlay-gradient":""}},"ast-content-background-meta":{"desktop":{"background-color":"var(--ast-global-color-5)","background-image":"","background-repeat":"repeat","background-position":"center center","background-size":"auto","background-attachment":"scroll","background-type":"","background-media":"","overlay-type":"","overlay-color":"","overlay-opacity":"","overlay-gradient":""},"tablet":{"background-color":"var(--ast-global-color-5)","background-image":"","background-repeat":"repeat","background-position":"center center","background-size":"auto","background-attachment":"scroll","background-type":"","background-media":"","overlay-type":"","overlay-color":"","overlay-opacity":"","overlay-gradient":""},"mobile":{"background-color":"var(--ast-global-color-5)","background-image":"","background-repeat":"repeat","background-position":"center center","background-size":"auto","background-attachment":"scroll","background-type":"","background-media":"","overlay-type":"","overlay-color":"","overlay-opacity":"","overlay-gradient":""}}},"product_brand":[],"product_cat":[321],"product_tag":[],"class_list":{"0":"post-557","1":"product","2":"type-product","3":"status-publish","4":"has-post-thumbnail","6":"product_cat-sfp-sfp-standard","7":"desktop-align-left","8":"tablet-align-left","9":"mobile-align-left","10":"ast-product-gallery-layout-horizontal-slider","11":"ast-product-gallery-with-no-image","12":"ast-product-tabs-layout-horizontal","14":"first","15":"instock","16":"shipping-taxable","17":"purchasable","18":"product-type-simple"},"composite_virtual":false,"composite_layout":"","composite_add_to_cart_form_location":"","composite_editable_in_cart":false,"composite_sold_individually_context":"","composite_shop_price_calc":"","composite_components":[],"composite_scenarios":[],"acf":[],"_links":{"self":[{"href":"https:\/\/www.precisionot.com\/fr\/wp-json\/wp\/v2\/product\/557","targetHints":{"allow":["GET"]}}],"collection":[{"href":"https:\/\/www.precisionot.com\/fr\/wp-json\/wp\/v2\/product"}],"about":[{"href":"https:\/\/www.precisionot.com\/fr\/wp-json\/wp\/v2\/types\/product"}],"version-history":[{"count":0,"href":"https:\/\/www.precisionot.com\/fr\/wp-json\/wp\/v2\/product\/557\/revisions"}],"wp:featuredmedia":[{"embeddable":true,"href":"https:\/\/www.precisionot.com\/fr\/wp-json\/wp\/v2\/media\/24151"}],"wp:attachment":[{"href":"https:\/\/www.precisionot.com\/fr\/wp-json\/wp\/v2\/media?parent=557"}],"wp:term":[{"taxonomy":"product_brand","embeddable":true,"href":"https:\/\/www.precisionot.com\/fr\/wp-json\/wp\/v2\/product_brand?post=557"},{"taxonomy":"product_cat","embeddable":true,"href":"https:\/\/www.precisionot.com\/fr\/wp-json\/wp\/v2\/product_cat?post=557"},{"taxonomy":"product_tag","embeddable":true,"href":"https:\/\/www.precisionot.com\/fr\/wp-json\/wp\/v2\/product_tag?post=557"}],"curies":[{"name":"wp","href":"https:\/\/api.w.org\/{rel}","templated":true}]}}