{"id":539,"date":"2020-10-25T20:07:22","date_gmt":"2020-10-26T00:07:22","guid":{"rendered":"https:\/\/www.precisionot.com\/?post_type=product&#038;p=539"},"modified":"2024-09-20T16:05:03","modified_gmt":"2024-09-20T20:05:03","slug":"pre-xfp-b2332-40i","status":"publish","type":"product","link":"https:\/\/www.precisionot.com\/fr\/product\/pre-xfp-b2332-40i\/","title":{"rendered":"PRE-XFP-B23(32)-40(I)"},"content":{"rendered":"<p><span class=\"NormalTextRun SCXW139668131 BCX0\">Le module \u00e9metteur-r\u00e9cepteur optique XFP-B23(32)-40(I) prend en charge la transmission Ethernet 10G sur des distances allant jusqu&#039;\u00e0 <\/span><span class=\"NormalTextRun AdvancedProofingIssueV2Themed SCXW139668131 BCX0\">40 kilom\u00e8tres<\/span><span class=\"NormalTextRun SCXW139668131 BCX0\"> utilisant la technologie bidirectionnelle (BIDI). Fonctionnant sur deux longueurs d&#039;onde de 1270 nm et 1330 nm, ce module permet une transmission et une r\u00e9ception de donn\u00e9es efficaces sur une seule fibre, <\/span><span class=\"NormalTextRun SCXW139668131 BCX0\">optimisation<\/span><span class=\"NormalTextRun SCXW139668131 BCX0\"> Utilisation de la fibre pour les applications \u00e0 tr\u00e8s longue port\u00e9e.<\/span><\/p>\n<hr \/>\n<p><span class=\"NormalTextRun SCXW139668131 BCX0\">Con\u00e7u pour \u00eatre utilis\u00e9 avec des connecteurs \u00e0 fibre monomode (SMF) et LC duplex, il est id\u00e9al pour les centres de donn\u00e9es, les r\u00e9seaux d&#039;entreprise et les infrastructures de t\u00e9l\u00e9communications qui n\u00e9cessitent une connectivit\u00e9 longue distance hautes performances. La variante \u00e0 temp\u00e9rature industrielle (I-temp) garantit des performances fiables dans les environnements exigeants. La conception rempla\u00e7able \u00e0 chaud permet une int\u00e9gration ou un remplacement rapide et facile sans interruption du r\u00e9seau, tandis que la surveillance des diagnostics num\u00e9riques (DDM) int\u00e9gr\u00e9e fournit un suivi des performances en temps r\u00e9el pour une gestion proactive du r\u00e9seau.<\/span><\/p>","protected":false},"excerpt":{"rendered":"<p><span class=\"NormalTextRun SCXW149072304 BCX0\">L&#039;\u00e9metteur-r\u00e9cepteur optique XFP-B23(32)-40(I) prend en charge Ethernet 10G sur fibre monomode avec une port\u00e9e allant jusqu&#039;\u00e0 <\/span><span class=\"NormalTextRun AdvancedProofingIssueV2Themed SCXW149072304 BCX0\">40 kilom\u00e8tres<\/span><span class=\"NormalTextRun SCXW149072304 BCX0\"> utilisant la technologie BIDI avec des longueurs d&#039;onde de 1270 nm et 1330 nm.<\/span><\/p>\n<hr \/>\n<p><strong>XFP, BER, 1270\/1330 nm, 10G, 40 km, SMF\/LC<\/strong><\/p>","protected":false},"featured_media":25134,"template":"","meta":{"_acf_changed":false,"content-type":"","site-sidebar-layout":"default","site-content-layout":"default","ast-site-content-layout":"default","site-content-style":"default","site-sidebar-style":"default","ast-global-header-display":"","ast-banner-title-visibility":"","ast-main-header-display":"","ast-hfb-above-header-display":"","ast-hfb-below-header-display":"","ast-hfb-mobile-header-display":"","site-post-title":"","ast-breadcrumbs-content":"","ast-featured-img":"","footer-sml-layout":"","ast-disable-related-posts":"","theme-transparent-header-meta":"default","adv-header-id-meta":"","stick-header-meta":"","header-above-stick-meta":"","header-main-stick-meta":"","header-below-stick-meta":"","astra-migrate-meta-layouts":"set","ast-page-background-enabled":"default","ast-page-background-meta":{"desktop":{"background-color":"","background-image":"","background-repeat":"repeat","background-position":"center center","background-size":"auto","background-attachment":"scroll","background-type":"","background-media":"","overlay-type":"","overlay-color":"","overlay-opacity":"","overlay-gradient":""},"tablet":{"background-color":"","background-image":"","background-repeat":"repeat","background-position":"center center","background-size":"auto","background-attachment":"scroll","background-type":"","background-media":"","overlay-type":"","overlay-color":"","overlay-opacity":"","overlay-gradient":""},"mobile":{"background-color":"","background-image":"","background-repeat":"repeat","background-position":"center center","background-size":"auto","background-attachment":"scroll","background-type":"","background-media":"","overlay-type":"","overlay-color":"","overlay-opacity":"","overlay-gradient":""}},"ast-content-background-meta":{"desktop":{"background-color":"var(--ast-global-color-5)","background-image":"","background-repeat":"repeat","background-position":"center center","background-size":"auto","background-attachment":"scroll","background-type":"","background-media":"","overlay-type":"","overlay-color":"","overlay-opacity":"","overlay-gradient":""},"tablet":{"background-color":"var(--ast-global-color-5)","background-image":"","background-repeat":"repeat","background-position":"center center","background-size":"auto","background-attachment":"scroll","background-type":"","background-media":"","overlay-type":"","overlay-color":"","overlay-opacity":"","overlay-gradient":""},"mobile":{"background-color":"var(--ast-global-color-5)","background-image":"","background-repeat":"repeat","background-position":"center center","background-size":"auto","background-attachment":"scroll","background-type":"","background-media":"","overlay-type":"","overlay-color":"","overlay-opacity":"","overlay-gradient":""}}},"product_brand":[],"product_cat":[54],"product_tag":[],"class_list":{"0":"post-539","1":"product","2":"type-product","3":"status-publish","4":"has-post-thumbnail","6":"product_cat-xfp-bidirectional","7":"desktop-align-left","8":"tablet-align-left","9":"mobile-align-left","10":"ast-product-gallery-layout-horizontal-slider","11":"ast-product-gallery-with-no-image","12":"ast-product-tabs-layout-horizontal","14":"first","15":"instock","16":"shipping-taxable","17":"purchasable","18":"product-type-simple"},"composite_virtual":false,"composite_layout":"","composite_add_to_cart_form_location":"","composite_editable_in_cart":false,"composite_sold_individually_context":"","composite_shop_price_calc":"","composite_components":[],"composite_scenarios":[],"acf":[],"_links":{"self":[{"href":"https:\/\/www.precisionot.com\/fr\/wp-json\/wp\/v2\/product\/539","targetHints":{"allow":["GET"]}}],"collection":[{"href":"https:\/\/www.precisionot.com\/fr\/wp-json\/wp\/v2\/product"}],"about":[{"href":"https:\/\/www.precisionot.com\/fr\/wp-json\/wp\/v2\/types\/product"}],"version-history":[{"count":0,"href":"https:\/\/www.precisionot.com\/fr\/wp-json\/wp\/v2\/product\/539\/revisions"}],"wp:featuredmedia":[{"embeddable":true,"href":"https:\/\/www.precisionot.com\/fr\/wp-json\/wp\/v2\/media\/25134"}],"wp:attachment":[{"href":"https:\/\/www.precisionot.com\/fr\/wp-json\/wp\/v2\/media?parent=539"}],"wp:term":[{"taxonomy":"product_brand","embeddable":true,"href":"https:\/\/www.precisionot.com\/fr\/wp-json\/wp\/v2\/product_brand?post=539"},{"taxonomy":"product_cat","embeddable":true,"href":"https:\/\/www.precisionot.com\/fr\/wp-json\/wp\/v2\/product_cat?post=539"},{"taxonomy":"product_tag","embeddable":true,"href":"https:\/\/www.precisionot.com\/fr\/wp-json\/wp\/v2\/product_tag?post=539"}],"curies":[{"name":"wp","href":"https:\/\/api.w.org\/{rel}","templated":true}]}}