{"id":537,"date":"2020-10-25T20:05:57","date_gmt":"2020-10-26T00:05:57","guid":{"rendered":"https:\/\/www.precisionot.com\/?post_type=product&#038;p=537"},"modified":"2024-09-23T13:08:46","modified_gmt":"2024-09-23T17:08:46","slug":"pre-xfp-b32-10","status":"publish","type":"product","link":"https:\/\/www.precisionot.com\/fr\/product\/pre-xfp-b32-10\/","title":{"rendered":"PRE-XFP-B32-10"},"content":{"rendered":"<div class=\"l-product_desc\">\n<p><span class=\"NormalTextRun SCXW168104812 BCX0\">Le module \u00e9metteur-r\u00e9cepteur optique XFP-B32-10 prend en charge la transmission Ethernet 10G sur des distances allant jusqu&#039;\u00e0 <\/span><span class=\"NormalTextRun AdvancedProofingIssueV2Themed SCXW168104812 BCX0\">10 kilom\u00e8tres<\/span><span class=\"NormalTextRun SCXW168104812 BCX0\"> utilisant la technologie de multiplexage par r\u00e9partition en longueur d&#039;onde bidirectionnelle (BIDI WDM). Dot\u00e9 de 1330 nm <\/span><span class=\"NormalTextRun SCXW168104812 BCX0\">transmettre<\/span><span class=\"NormalTextRun SCXW168104812 BCX0\"> (Tx) et longueurs d&#039;onde de r\u00e9ception (Rx) de 1270 nm, ce module permet une transmission et une r\u00e9ception de donn\u00e9es efficaces sur une seule fibre, <\/span><span class=\"NormalTextRun SCXW168104812 BCX0\">optimisation<\/span><span class=\"NormalTextRun SCXW168104812 BCX0\"> utilisation de la fibre pour les applications de moyenne port\u00e9e.<\/span><\/p>\n<hr \/>\n<p><span class=\"NormalTextRun SCXW168104812 BCX0\">Con\u00e7u pour \u00eatre utilis\u00e9 avec des connecteurs \u00e0 fibre monomode (SMF) et LC duplex, il est parfaitement adapt\u00e9 aux centres de donn\u00e9es, aux r\u00e9seaux d&#039;entreprise et aux infrastructures de t\u00e9l\u00e9communications. Disponible en variantes de temp\u00e9rature commerciale (C-temp) et de temp\u00e9rature industrielle (I-temp), le module offre des performances fiables dans diverses conditions environnementales. La conception \u00e9changeable \u00e0 chaud permet une int\u00e9gration ou un remplacement rapide et transparent sans interruption du r\u00e9seau, tandis que la surveillance des diagnostics num\u00e9riques (DDM) int\u00e9gr\u00e9e fournit un suivi des performances en temps r\u00e9el pour une gestion proactive du r\u00e9seau.<\/span><\/p>\n<\/div>","protected":false},"excerpt":{"rendered":"<p><span class=\"TextRun SCXW15745343 BCX0\" lang=\"EN-US\" xml:lang=\"EN-US\" data-contrast=\"auto\"><span class=\"NormalTextRun SCXW15745343 BCX0\">L&#039;\u00e9metteur-r\u00e9cepteur optique XFP-B32-10 prend en charge Ethernet 10G sur fibre monomode avec une port\u00e9e allant jusqu&#039;\u00e0 10 kilom\u00e8tres en utilisant la technologie BIDI WDM avec des longueurs d&#039;onde Tx 1330 nm et Rx 1270 nm, disponibles dans les variantes C-temp et I-temp.<\/span><\/span><\/p>\n<hr \/>\n<p><strong>XFP, BiDi WDM, 1330nm TX\/1270nm RX, LX SMF 10km, 10G, DDM, C-Temp\/I-Temp<\/strong><\/p>","protected":false},"featured_media":25134,"template":"","meta":{"_acf_changed":false,"content-type":"","site-sidebar-layout":"default","site-content-layout":"default","ast-site-content-layout":"default","site-content-style":"default","site-sidebar-style":"default","ast-global-header-display":"","ast-banner-title-visibility":"","ast-main-header-display":"","ast-hfb-above-header-display":"","ast-hfb-below-header-display":"","ast-hfb-mobile-header-display":"","site-post-title":"","ast-breadcrumbs-content":"","ast-featured-img":"","footer-sml-layout":"","ast-disable-related-posts":"","theme-transparent-header-meta":"default","adv-header-id-meta":"","stick-header-meta":"","header-above-stick-meta":"","header-main-stick-meta":"","header-below-stick-meta":"","astra-migrate-meta-layouts":"set","ast-page-background-enabled":"default","ast-page-background-meta":{"desktop":{"background-color":"","background-image":"","background-repeat":"repeat","background-position":"center center","background-size":"auto","background-attachment":"scroll","background-type":"","background-media":"","overlay-type":"","overlay-color":"","overlay-opacity":"","overlay-gradient":""},"tablet":{"background-color":"","background-image":"","background-repeat":"repeat","background-position":"center center","background-size":"auto","background-attachment":"scroll","background-type":"","background-media":"","overlay-type":"","overlay-color":"","overlay-opacity":"","overlay-gradient":""},"mobile":{"background-color":"","background-image":"","background-repeat":"repeat","background-position":"center center","background-size":"auto","background-attachment":"scroll","background-type":"","background-media":"","overlay-type":"","overlay-color":"","overlay-opacity":"","overlay-gradient":""}},"ast-content-background-meta":{"desktop":{"background-color":"var(--ast-global-color-5)","background-image":"","background-repeat":"repeat","background-position":"center center","background-size":"auto","background-attachment":"scroll","background-type":"","background-media":"","overlay-type":"","overlay-color":"","overlay-opacity":"","overlay-gradient":""},"tablet":{"background-color":"var(--ast-global-color-5)","background-image":"","background-repeat":"repeat","background-position":"center center","background-size":"auto","background-attachment":"scroll","background-type":"","background-media":"","overlay-type":"","overlay-color":"","overlay-opacity":"","overlay-gradient":""},"mobile":{"background-color":"var(--ast-global-color-5)","background-image":"","background-repeat":"repeat","background-position":"center center","background-size":"auto","background-attachment":"scroll","background-type":"","background-media":"","overlay-type":"","overlay-color":"","overlay-opacity":"","overlay-gradient":""}}},"product_brand":[],"product_cat":[54],"product_tag":[],"class_list":{"0":"post-537","1":"product","2":"type-product","3":"status-publish","4":"has-post-thumbnail","6":"product_cat-xfp-bidirectional","7":"desktop-align-left","8":"tablet-align-left","9":"mobile-align-left","10":"ast-product-gallery-layout-horizontal-slider","11":"ast-product-gallery-with-no-image","12":"ast-product-tabs-layout-horizontal","14":"first","15":"instock","16":"shipping-taxable","17":"purchasable","18":"product-type-simple"},"composite_virtual":false,"composite_layout":"","composite_add_to_cart_form_location":"","composite_editable_in_cart":false,"composite_sold_individually_context":"","composite_shop_price_calc":"","composite_components":[],"composite_scenarios":[],"acf":[],"_links":{"self":[{"href":"https:\/\/www.precisionot.com\/fr\/wp-json\/wp\/v2\/product\/537","targetHints":{"allow":["GET"]}}],"collection":[{"href":"https:\/\/www.precisionot.com\/fr\/wp-json\/wp\/v2\/product"}],"about":[{"href":"https:\/\/www.precisionot.com\/fr\/wp-json\/wp\/v2\/types\/product"}],"version-history":[{"count":0,"href":"https:\/\/www.precisionot.com\/fr\/wp-json\/wp\/v2\/product\/537\/revisions"}],"wp:featuredmedia":[{"embeddable":true,"href":"https:\/\/www.precisionot.com\/fr\/wp-json\/wp\/v2\/media\/25134"}],"wp:attachment":[{"href":"https:\/\/www.precisionot.com\/fr\/wp-json\/wp\/v2\/media?parent=537"}],"wp:term":[{"taxonomy":"product_brand","embeddable":true,"href":"https:\/\/www.precisionot.com\/fr\/wp-json\/wp\/v2\/product_brand?post=537"},{"taxonomy":"product_cat","embeddable":true,"href":"https:\/\/www.precisionot.com\/fr\/wp-json\/wp\/v2\/product_cat?post=537"},{"taxonomy":"product_tag","embeddable":true,"href":"https:\/\/www.precisionot.com\/fr\/wp-json\/wp\/v2\/product_tag?post=537"}],"curies":[{"name":"wp","href":"https:\/\/api.w.org\/{rel}","templated":true}]}}