{"id":531,"date":"2020-10-25T20:01:26","date_gmt":"2020-10-26T00:01:26","guid":{"rendered":"https:\/\/www.precisionot.com\/?post_type=product&#038;p=531"},"modified":"2024-09-20T13:57:20","modified_gmt":"2024-09-20T17:57:20","slug":"avant-xfpm-zr","status":"publish","type":"product","link":"https:\/\/www.precisionot.com\/fr\/product\/pre-xfpm-zr\/","title":{"rendered":"PR\u00c9-XFPM-ZR(I)"},"content":{"rendered":"<p><span class=\"NormalTextRun SCXW115510552 BCX0\">Le module \u00e9metteur-r\u00e9cepteur optique XFPM-ZR(I) prend en charge la transmission Ethernet 10G sur des distances allant jusqu&#039;\u00e0 <\/span><span class=\"NormalTextRun AdvancedProofingIssueV2Themed SCXW115510552 BCX0\">80 kilom\u00e8tres<\/span><span class=\"NormalTextRun SCXW115510552 BCX0\"> utilisant une fibre monomode (SMF) avec des connecteurs duplex LC. Fonctionnant \u00e0 une longueur d&#039;onde de 1550 nm, ce module est con\u00e7u pour les applications \u00e0 tr\u00e8s longue port\u00e9e dans les centres de donn\u00e9es, les r\u00e9seaux d&#039;entreprise et les infrastructures de t\u00e9l\u00e9communications.<\/span><\/p>\n<hr \/>\n<p><span class=\"NormalTextRun SCXW115510552 BCX0\">Disponible en versions \u00e0 temp\u00e9rature standard et industrielle (I-temp), il garantit des performances fiables dans une gamme d&#039;environnements exigeants. La conception rempla\u00e7able \u00e0 chaud permet une int\u00e9gration ou un remplacement rapide et facile sans perturber les op\u00e9rations du r\u00e9seau, tandis que la surveillance des diagnostics num\u00e9riques (DDM) int\u00e9gr\u00e9e fournit un suivi des performances en temps r\u00e9el pour une gestion proactive du r\u00e9seau.<\/span><\/p>","protected":false},"excerpt":{"rendered":"<p><span class=\"NormalTextRun SCXW66775383 BCX0\">L&#039;\u00e9metteur-r\u00e9cepteur optique XFPM-ZR(I) prend en charge Ethernet 10G sur fibre monomode avec une port\u00e9e allant jusqu&#039;\u00e0 <\/span><span class=\"NormalTextRun AdvancedProofingIssueV2Themed SCXW66775383 BCX0\">80 kilom\u00e8tres<\/span><span class=\"NormalTextRun SCXW66775383 BCX0\"> utilisant une longueur d&#039;onde de 1550 nm, disponible dans des variantes de temp\u00e9rature standard et industrielles.<\/span><\/p>\n<hr \/>\n<p><strong>XFP, ZR, 1\u00a0550\u00a0nm, 10G, 80\u00a0km, SMF\/LC<\/strong><\/p>","protected":false},"featured_media":27630,"template":"","meta":{"_acf_changed":false,"content-type":"","site-sidebar-layout":"default","site-content-layout":"default","ast-site-content-layout":"default","site-content-style":"default","site-sidebar-style":"default","ast-global-header-display":"","ast-banner-title-visibility":"","ast-main-header-display":"","ast-hfb-above-header-display":"","ast-hfb-below-header-display":"","ast-hfb-mobile-header-display":"","site-post-title":"","ast-breadcrumbs-content":"","ast-featured-img":"","footer-sml-layout":"","ast-disable-related-posts":"","theme-transparent-header-meta":"default","adv-header-id-meta":"","stick-header-meta":"","header-above-stick-meta":"","header-main-stick-meta":"","header-below-stick-meta":"","astra-migrate-meta-layouts":"set","ast-page-background-enabled":"default","ast-page-background-meta":{"desktop":{"background-color":"","background-image":"","background-repeat":"repeat","background-position":"center center","background-size":"auto","background-attachment":"scroll","background-type":"","background-media":"","overlay-type":"","overlay-color":"","overlay-opacity":"","overlay-gradient":""},"tablet":{"background-color":"","background-image":"","background-repeat":"repeat","background-position":"center center","background-size":"auto","background-attachment":"scroll","background-type":"","background-media":"","overlay-type":"","overlay-color":"","overlay-opacity":"","overlay-gradient":""},"mobile":{"background-color":"","background-image":"","background-repeat":"repeat","background-position":"center center","background-size":"auto","background-attachment":"scroll","background-type":"","background-media":"","overlay-type":"","overlay-color":"","overlay-opacity":"","overlay-gradient":""}},"ast-content-background-meta":{"desktop":{"background-color":"var(--ast-global-color-5)","background-image":"","background-repeat":"repeat","background-position":"center center","background-size":"auto","background-attachment":"scroll","background-type":"","background-media":"","overlay-type":"","overlay-color":"","overlay-opacity":"","overlay-gradient":""},"tablet":{"background-color":"var(--ast-global-color-5)","background-image":"","background-repeat":"repeat","background-position":"center center","background-size":"auto","background-attachment":"scroll","background-type":"","background-media":"","overlay-type":"","overlay-color":"","overlay-opacity":"","overlay-gradient":""},"mobile":{"background-color":"var(--ast-global-color-5)","background-image":"","background-repeat":"repeat","background-position":"center center","background-size":"auto","background-attachment":"scroll","background-type":"","background-media":"","overlay-type":"","overlay-color":"","overlay-opacity":"","overlay-gradient":""}}},"product_brand":[],"product_cat":[310],"product_tag":[],"class_list":{"0":"post-531","1":"product","2":"type-product","3":"status-publish","4":"has-post-thumbnail","6":"product_cat-xfp-standard","7":"desktop-align-left","8":"tablet-align-left","9":"mobile-align-left","10":"ast-product-gallery-layout-horizontal-slider","11":"ast-product-gallery-with-no-image","12":"ast-product-tabs-layout-horizontal","14":"first","15":"instock","16":"shipping-taxable","17":"purchasable","18":"product-type-simple"},"composite_virtual":false,"composite_layout":"","composite_add_to_cart_form_location":"","composite_editable_in_cart":false,"composite_sold_individually_context":"","composite_shop_price_calc":"","composite_components":[],"composite_scenarios":[],"acf":[],"_links":{"self":[{"href":"https:\/\/www.precisionot.com\/fr\/wp-json\/wp\/v2\/product\/531","targetHints":{"allow":["GET"]}}],"collection":[{"href":"https:\/\/www.precisionot.com\/fr\/wp-json\/wp\/v2\/product"}],"about":[{"href":"https:\/\/www.precisionot.com\/fr\/wp-json\/wp\/v2\/types\/product"}],"version-history":[{"count":0,"href":"https:\/\/www.precisionot.com\/fr\/wp-json\/wp\/v2\/product\/531\/revisions"}],"wp:featuredmedia":[{"embeddable":true,"href":"https:\/\/www.precisionot.com\/fr\/wp-json\/wp\/v2\/media\/27630"}],"wp:attachment":[{"href":"https:\/\/www.precisionot.com\/fr\/wp-json\/wp\/v2\/media?parent=531"}],"wp:term":[{"taxonomy":"product_brand","embeddable":true,"href":"https:\/\/www.precisionot.com\/fr\/wp-json\/wp\/v2\/product_brand?post=531"},{"taxonomy":"product_cat","embeddable":true,"href":"https:\/\/www.precisionot.com\/fr\/wp-json\/wp\/v2\/product_cat?post=531"},{"taxonomy":"product_tag","embeddable":true,"href":"https:\/\/www.precisionot.com\/fr\/wp-json\/wp\/v2\/product_tag?post=531"}],"curies":[{"name":"wp","href":"https:\/\/api.w.org\/{rel}","templated":true}]}}