{"id":5152,"date":"2021-10-15T14:19:45","date_gmt":"2021-10-15T18:19:45","guid":{"rendered":"https:\/\/www.precisionot.com\/?post_type=product&#038;p=5152"},"modified":"2024-11-13T12:00:09","modified_gmt":"2024-11-13T17:00:09","slug":"pre-qsfp28-cwbd","status":"publish","type":"product","link":"https:\/\/www.precisionot.com\/fr\/product\/pre-qsfp28-cwbd\/","title":{"rendered":"PRE-QSFP28-CWBD"},"content":{"rendered":"<p>Le module \u00e9metteur-r\u00e9cepteur optique QSFP28-CWBD permet une transmission Ethernet 100G sur des distances allant jusqu&#039;\u00e0 2 kilom\u00e8tres \u00e0 l&#039;aide de la technologie de multiplexage par r\u00e9partition en longueur d&#039;onde grossi\u00e8re (CWDM4) et bidirectionnelle (BIDI). Fonctionnant sur fibre monomode (SMF) avec des connecteurs duplex LC, cet \u00e9metteur-r\u00e9cepteur transmet et re\u00e7oit efficacement des donn\u00e9es sur une seule fibre, optimisant ainsi l&#039;utilisation de la fibre pour les applications \u00e0 courte et moyenne port\u00e9e.<\/p>\n<hr \/>\n<p>Con\u00e7u pour une utilisation dans des environnements \u00e0 temp\u00e9rature commerciale (C-temp), il int\u00e8gre une surveillance des diagnostics num\u00e9riques (DDM) pour une surveillance des performances en temps r\u00e9el. Sa conception rempla\u00e7able \u00e0 chaud permet une installation ou un remplacement rapide et transparent sans perturber les op\u00e9rations du r\u00e9seau, et sa conception \u00e9conome en \u00e9nergie r\u00e9duit la consommation d&#039;\u00e9nergie pour des performances rentables.<\/p>","protected":false},"excerpt":{"rendered":"<p>L&#039;\u00e9metteur-r\u00e9cepteur optique QSFP28-CWBD prend en charge Ethernet 100G sur fibre monomode avec une port\u00e9e allant jusqu&#039;\u00e0 2 kilom\u00e8tres \u00e0 l&#039;aide de la technologie CWDM4 BIDI.<\/p>\n<hr \/>\n<p><strong>QSFP28, CWDM4, BIDI, CWDM, 100G, 2 km, SMF\/LC, C-Temp, DDM<\/strong><\/p>","protected":false},"featured_media":25695,"template":"","meta":{"_acf_changed":false,"content-type":"","site-sidebar-layout":"default","site-content-layout":"default","ast-site-content-layout":"default","site-content-style":"default","site-sidebar-style":"default","ast-global-header-display":"","ast-banner-title-visibility":"","ast-main-header-display":"","ast-hfb-above-header-display":"","ast-hfb-below-header-display":"","ast-hfb-mobile-header-display":"","site-post-title":"","ast-breadcrumbs-content":"","ast-featured-img":"","footer-sml-layout":"","ast-disable-related-posts":"","theme-transparent-header-meta":"default","adv-header-id-meta":"","stick-header-meta":"","header-above-stick-meta":"","header-main-stick-meta":"","header-below-stick-meta":"","astra-migrate-meta-layouts":"set","ast-page-background-enabled":"default","ast-page-background-meta":{"desktop":{"background-color":"","background-image":"","background-repeat":"repeat","background-position":"center center","background-size":"auto","background-attachment":"scroll","background-type":"","background-media":"","overlay-type":"","overlay-color":"","overlay-opacity":"","overlay-gradient":""},"tablet":{"background-color":"","background-image":"","background-repeat":"repeat","background-position":"center center","background-size":"auto","background-attachment":"scroll","background-type":"","background-media":"","overlay-type":"","overlay-color":"","overlay-opacity":"","overlay-gradient":""},"mobile":{"background-color":"","background-image":"","background-repeat":"repeat","background-position":"center center","background-size":"auto","background-attachment":"scroll","background-type":"","background-media":"","overlay-type":"","overlay-color":"","overlay-opacity":"","overlay-gradient":""}},"ast-content-background-meta":{"desktop":{"background-color":"var(--ast-global-color-5)","background-image":"","background-repeat":"repeat","background-position":"center center","background-size":"auto","background-attachment":"scroll","background-type":"","background-media":"","overlay-type":"","overlay-color":"","overlay-opacity":"","overlay-gradient":""},"tablet":{"background-color":"var(--ast-global-color-5)","background-image":"","background-repeat":"repeat","background-position":"center center","background-size":"auto","background-attachment":"scroll","background-type":"","background-media":"","overlay-type":"","overlay-color":"","overlay-opacity":"","overlay-gradient":""},"mobile":{"background-color":"var(--ast-global-color-5)","background-image":"","background-repeat":"repeat","background-position":"center center","background-size":"auto","background-attachment":"scroll","background-type":"","background-media":"","overlay-type":"","overlay-color":"","overlay-opacity":"","overlay-gradient":""}}},"product_brand":[],"product_cat":[361],"product_tag":[],"class_list":{"0":"post-5152","1":"product","2":"type-product","3":"status-publish","4":"has-post-thumbnail","6":"product_cat-qsfp28-bidirectional","7":"desktop-align-left","8":"tablet-align-left","9":"mobile-align-left","10":"ast-product-gallery-layout-horizontal-slider","11":"ast-product-gallery-with-no-image","12":"ast-product-tabs-layout-horizontal","14":"first","15":"instock","16":"shipping-taxable","17":"purchasable","18":"product-type-simple"},"composite_virtual":false,"composite_layout":"","composite_add_to_cart_form_location":"","composite_editable_in_cart":false,"composite_sold_individually_context":"","composite_shop_price_calc":"","composite_components":[],"composite_scenarios":[],"acf":[],"_links":{"self":[{"href":"https:\/\/www.precisionot.com\/fr\/wp-json\/wp\/v2\/product\/5152","targetHints":{"allow":["GET"]}}],"collection":[{"href":"https:\/\/www.precisionot.com\/fr\/wp-json\/wp\/v2\/product"}],"about":[{"href":"https:\/\/www.precisionot.com\/fr\/wp-json\/wp\/v2\/types\/product"}],"version-history":[{"count":0,"href":"https:\/\/www.precisionot.com\/fr\/wp-json\/wp\/v2\/product\/5152\/revisions"}],"wp:featuredmedia":[{"embeddable":true,"href":"https:\/\/www.precisionot.com\/fr\/wp-json\/wp\/v2\/media\/25695"}],"wp:attachment":[{"href":"https:\/\/www.precisionot.com\/fr\/wp-json\/wp\/v2\/media?parent=5152"}],"wp:term":[{"taxonomy":"product_brand","embeddable":true,"href":"https:\/\/www.precisionot.com\/fr\/wp-json\/wp\/v2\/product_brand?post=5152"},{"taxonomy":"product_cat","embeddable":true,"href":"https:\/\/www.precisionot.com\/fr\/wp-json\/wp\/v2\/product_cat?post=5152"},{"taxonomy":"product_tag","embeddable":true,"href":"https:\/\/www.precisionot.com\/fr\/wp-json\/wp\/v2\/product_tag?post=5152"}],"curies":[{"name":"wp","href":"https:\/\/api.w.org\/{rel}","templated":true}]}}