{"id":507,"date":"2020-10-25T19:45:54","date_gmt":"2020-10-25T23:45:54","guid":{"rendered":"https:\/\/www.precisionot.com\/?post_type=product&#038;p=507"},"modified":"2024-10-08T16:17:17","modified_gmt":"2024-10-08T20:17:17","slug":"pre-sfp10g-b4554-80i","status":"publish","type":"product","link":"https:\/\/www.precisionot.com\/fr\/product\/pre-sfp10g-b4554-80i\/","title":{"rendered":"PRE-SFP10G-B45(54)-80(I)"},"content":{"rendered":"<p class=\"p2\"><span class=\"NormalTextRun SCXW138707915 BCX0\">Le module \u00e9metteur-r\u00e9cepteur optique SFP10G-B45(54)-80(I) prend en charge la transmission Ethernet 10G sur des distances allant jusqu&#039;\u00e0 <\/span><span class=\"NormalTextRun SCXW138707915 BCX0\">80 kilom\u00e8tres<\/span><span class=\"NormalTextRun SCXW138707915 BCX0\"> utilisant la technologie bidirectionnelle (BIDI). Fonctionnant sur deux longueurs d&#039;onde de 1490 nm (Tx) et 1550 nm (Rx), ce module permet une transmission et une r\u00e9ception de donn\u00e9es efficaces sur une seule fibre, <\/span><span class=\"NormalTextRun SCXW138707915 BCX0\">optimisation<\/span><span class=\"NormalTextRun SCXW138707915 BCX0\"> Utilisation de la fibre pour les applications ultra-longue distance.<\/span><\/p>\n<hr \/>\n<p class=\"p2\"><span class=\"NormalTextRun SCXW138707915 BCX0\">Con\u00e7u pour \u00eatre utilis\u00e9 avec des connecteurs \u00e0 fibre monomode (SMF) et LC duplex, il est id\u00e9al pour les r\u00e9seaux m\u00e9tropolitains, les infrastructures de t\u00e9l\u00e9communications et les centres de donn\u00e9es. La variante \u00e0 temp\u00e9rature industrielle (I-temp) garantit des performances fiables dans des conditions environnementales exigeantes. La conception rempla\u00e7able \u00e0 chaud permet une int\u00e9gration ou un remplacement rapide sans interruption du r\u00e9seau, tandis que la surveillance des diagnostics num\u00e9riques (DDM) int\u00e9gr\u00e9e fournit un suivi des performances en temps r\u00e9el pour une gestion proactive du r\u00e9seau.<\/span><\/p>","protected":false},"excerpt":{"rendered":"<p class=\"p2\"><span class=\"NormalTextRun SCXW182023145 BCX0\">L&#039;\u00e9metteur-r\u00e9cepteur optique SFP10G-B45(54)-80(I) prend en charge Ethernet 10G sur fibre monomode avec une port\u00e9e allant jusqu&#039;\u00e0 <\/span><span class=\"NormalTextRun SCXW182023145 BCX0\">80 kilom\u00e8tres<\/span><span class=\"NormalTextRun SCXW182023145 BCX0\"> utilisant la technologie BIDI avec des longueurs d&#039;onde de 1490 nm (Tx) et 1550 nm (Rx), disponible dans une variante I-temp.<\/span><\/p>\n<hr \/>\n<p class=\"p2\"><strong>SFP+, ZR, BIDI, 1490\/1550, <span class=\"s2\">10G, 80km, SMF\/LC <\/span><\/strong><\/p>","protected":false},"featured_media":24193,"template":"","meta":{"_acf_changed":false,"content-type":"","site-sidebar-layout":"default","site-content-layout":"default","ast-site-content-layout":"default","site-content-style":"default","site-sidebar-style":"default","ast-global-header-display":"","ast-banner-title-visibility":"","ast-main-header-display":"","ast-hfb-above-header-display":"","ast-hfb-below-header-display":"","ast-hfb-mobile-header-display":"","site-post-title":"","ast-breadcrumbs-content":"","ast-featured-img":"","footer-sml-layout":"","ast-disable-related-posts":"","theme-transparent-header-meta":"default","adv-header-id-meta":"","stick-header-meta":"","header-above-stick-meta":"","header-main-stick-meta":"","header-below-stick-meta":"","astra-migrate-meta-layouts":"set","ast-page-background-enabled":"default","ast-page-background-meta":{"desktop":{"background-color":"","background-image":"","background-repeat":"repeat","background-position":"center center","background-size":"auto","background-attachment":"scroll","background-type":"","background-media":"","overlay-type":"","overlay-color":"","overlay-opacity":"","overlay-gradient":""},"tablet":{"background-color":"","background-image":"","background-repeat":"repeat","background-position":"center center","background-size":"auto","background-attachment":"scroll","background-type":"","background-media":"","overlay-type":"","overlay-color":"","overlay-opacity":"","overlay-gradient":""},"mobile":{"background-color":"","background-image":"","background-repeat":"repeat","background-position":"center center","background-size":"auto","background-attachment":"scroll","background-type":"","background-media":"","overlay-type":"","overlay-color":"","overlay-opacity":"","overlay-gradient":""}},"ast-content-background-meta":{"desktop":{"background-color":"var(--ast-global-color-5)","background-image":"","background-repeat":"repeat","background-position":"center center","background-size":"auto","background-attachment":"scroll","background-type":"","background-media":"","overlay-type":"","overlay-color":"","overlay-opacity":"","overlay-gradient":""},"tablet":{"background-color":"var(--ast-global-color-5)","background-image":"","background-repeat":"repeat","background-position":"center center","background-size":"auto","background-attachment":"scroll","background-type":"","background-media":"","overlay-type":"","overlay-color":"","overlay-opacity":"","overlay-gradient":""},"mobile":{"background-color":"var(--ast-global-color-5)","background-image":"","background-repeat":"repeat","background-position":"center center","background-size":"auto","background-attachment":"scroll","background-type":"","background-media":"","overlay-type":"","overlay-color":"","overlay-opacity":"","overlay-gradient":""}}},"product_brand":[],"product_cat":[47],"product_tag":[],"class_list":{"0":"post-507","1":"product","2":"type-product","3":"status-publish","4":"has-post-thumbnail","6":"product_cat-10g-sfp-bidirectional","7":"desktop-align-left","8":"tablet-align-left","9":"mobile-align-left","10":"ast-product-gallery-layout-horizontal-slider","11":"ast-product-gallery-with-no-image","12":"ast-product-tabs-layout-horizontal","14":"first","15":"instock","16":"shipping-taxable","17":"purchasable","18":"product-type-simple"},"composite_virtual":false,"composite_layout":"","composite_add_to_cart_form_location":"","composite_editable_in_cart":false,"composite_sold_individually_context":"","composite_shop_price_calc":"","composite_components":[],"composite_scenarios":[],"acf":[],"_links":{"self":[{"href":"https:\/\/www.precisionot.com\/fr\/wp-json\/wp\/v2\/product\/507","targetHints":{"allow":["GET"]}}],"collection":[{"href":"https:\/\/www.precisionot.com\/fr\/wp-json\/wp\/v2\/product"}],"about":[{"href":"https:\/\/www.precisionot.com\/fr\/wp-json\/wp\/v2\/types\/product"}],"version-history":[{"count":0,"href":"https:\/\/www.precisionot.com\/fr\/wp-json\/wp\/v2\/product\/507\/revisions"}],"wp:featuredmedia":[{"embeddable":true,"href":"https:\/\/www.precisionot.com\/fr\/wp-json\/wp\/v2\/media\/24193"}],"wp:attachment":[{"href":"https:\/\/www.precisionot.com\/fr\/wp-json\/wp\/v2\/media?parent=507"}],"wp:term":[{"taxonomy":"product_brand","embeddable":true,"href":"https:\/\/www.precisionot.com\/fr\/wp-json\/wp\/v2\/product_brand?post=507"},{"taxonomy":"product_cat","embeddable":true,"href":"https:\/\/www.precisionot.com\/fr\/wp-json\/wp\/v2\/product_cat?post=507"},{"taxonomy":"product_tag","embeddable":true,"href":"https:\/\/www.precisionot.com\/fr\/wp-json\/wp\/v2\/product_tag?post=507"}],"curies":[{"name":"wp","href":"https:\/\/api.w.org\/{rel}","templated":true}]}}