{"id":5030,"date":"2021-10-01T12:42:50","date_gmt":"2021-10-01T16:42:50","guid":{"rendered":"https:\/\/www.precisionot.com\/?post_type=product&#038;p=5030"},"modified":"2024-09-19T10:25:22","modified_gmt":"2024-09-19T14:25:22","slug":"pre-qsfp284sfp25g-cuxxyym","status":"publish","type":"product","link":"https:\/\/www.precisionot.com\/fr\/product\/pre-qsfp284sfp25g-cuxxyym\/","title":{"rendered":"PRE-QSFP28-4SFP25G-CUxxyyM"},"content":{"rendered":"<p><span class=\"NormalTextRun SCXW258414921 BCX0\">Le c\u00e2ble de d\u00e9rivation passif en cuivre \u00e0 connexion directe (DAC) QSFP28-4SFP25G-CUXXYYM permet une connectivit\u00e9 Ethernet 100G haut d\u00e9bit d&#039;un seul port QSFP28 \u00e0 quatre ports SFP28 25G. Cet assemblage de c\u00e2bles prend en charge la transmission sur des distances allant jusqu&#039;\u00e0 <\/span><span class=\"NormalTextRun SpellingErrorV2Themed SCXW258414921 BCX0\">ouais<\/span><span class=\"NormalTextRun SCXW258414921 BCX0\"> compteurs utilisant des conducteurs en cuivre xx AWG, ce qui le rend id\u00e9al pour les connexions \u00e0 courte port\u00e9e dans les environnements \u00e0 temp\u00e9rature industrielle (I-Temp).<\/span><\/p>\n<hr \/>\n<p><span class=\"NormalTextRun SCXW258414921 BCX0\">Il est parfait pour les centres de donn\u00e9es \u00e0 haute densit\u00e9, les r\u00e9seaux d&#039;entreprise et les applications de t\u00e9l\u00e9communications o\u00f9 des solutions rentables et \u00e0 faible latence sont n\u00e9cessaires. <\/span><span class=\"NormalTextRun SCXW258414921 BCX0\">requis<\/span><span class=\"NormalTextRun SCXW258414921 BCX0\">. La conception plug-and-play permet un d\u00e9ploiement facile sans <\/span><span class=\"NormalTextRun SCXW258414921 BCX0\">suppl\u00e9mentaire<\/span><span class=\"NormalTextRun SCXW258414921 BCX0\"> \u00e9metteurs-r\u00e9cepteurs ou composants actifs, offrant un moyen fiable et efficace de connecter plusieurs appareils.<\/span><\/p>","protected":false},"excerpt":{"rendered":"<p><span class=\"NormalTextRun SCXW90534442 BCX0\">Le c\u00e2ble DAC de d\u00e9rivation passif QSFP28-4SFP25G-CUXXYYM connecte un seul port QSFP28 \u00e0 quatre ports SFP28 25G sur du cuivre xx AWG jusqu&#039;\u00e0 <\/span><span class=\"NormalTextRun SpellingErrorV2Themed SCXW90534442 BCX0\">ouais<\/span><span class=\"NormalTextRun SCXW90534442 BCX0\"> compteurs dans les environnements de temp\u00e9rature industriels.<\/span><\/p>\n<hr \/>\n<p><strong>QSFP28, Passif, DAC, BREAKOUT, xx AWG, 100G, yy m, I-Temp<\/strong><\/p>","protected":false},"featured_media":5020,"template":"","meta":{"_acf_changed":false,"content-type":"","site-sidebar-layout":"default","site-content-layout":"default","ast-site-content-layout":"default","site-content-style":"default","site-sidebar-style":"default","ast-global-header-display":"","ast-banner-title-visibility":"","ast-main-header-display":"","ast-hfb-above-header-display":"","ast-hfb-below-header-display":"","ast-hfb-mobile-header-display":"","site-post-title":"","ast-breadcrumbs-content":"","ast-featured-img":"","footer-sml-layout":"","ast-disable-related-posts":"","theme-transparent-header-meta":"default","adv-header-id-meta":"","stick-header-meta":"","header-above-stick-meta":"","header-main-stick-meta":"","header-below-stick-meta":"","astra-migrate-meta-layouts":"set","ast-page-background-enabled":"default","ast-page-background-meta":{"desktop":{"background-color":"","background-image":"","background-repeat":"repeat","background-position":"center center","background-size":"auto","background-attachment":"scroll","background-type":"","background-media":"","overlay-type":"","overlay-color":"","overlay-opacity":"","overlay-gradient":""},"tablet":{"background-color":"","background-image":"","background-repeat":"repeat","background-position":"center center","background-size":"auto","background-attachment":"scroll","background-type":"","background-media":"","overlay-type":"","overlay-color":"","overlay-opacity":"","overlay-gradient":""},"mobile":{"background-color":"","background-image":"","background-repeat":"repeat","background-position":"center center","background-size":"auto","background-attachment":"scroll","background-type":"","background-media":"","overlay-type":"","overlay-color":"","overlay-opacity":"","overlay-gradient":""}},"ast-content-background-meta":{"desktop":{"background-color":"var(--ast-global-color-5)","background-image":"","background-repeat":"repeat","background-position":"center center","background-size":"auto","background-attachment":"scroll","background-type":"","background-media":"","overlay-type":"","overlay-color":"","overlay-opacity":"","overlay-gradient":""},"tablet":{"background-color":"var(--ast-global-color-5)","background-image":"","background-repeat":"repeat","background-position":"center center","background-size":"auto","background-attachment":"scroll","background-type":"","background-media":"","overlay-type":"","overlay-color":"","overlay-opacity":"","overlay-gradient":""},"mobile":{"background-color":"var(--ast-global-color-5)","background-image":"","background-repeat":"repeat","background-position":"center center","background-size":"auto","background-attachment":"scroll","background-type":"","background-media":"","overlay-type":"","overlay-color":"","overlay-opacity":"","overlay-gradient":""}}},"product_brand":[],"product_cat":[291],"product_tag":[],"class_list":{"0":"post-5030","1":"product","2":"type-product","3":"status-publish","4":"has-post-thumbnail","6":"product_cat-qsfp28-dac-aoc","7":"desktop-align-left","8":"tablet-align-left","9":"mobile-align-left","10":"ast-product-gallery-layout-horizontal-slider","11":"ast-product-gallery-with-no-image","12":"ast-product-tabs-layout-horizontal","14":"first","15":"instock","16":"shipping-taxable","17":"purchasable","18":"product-type-simple"},"composite_virtual":false,"composite_layout":"","composite_add_to_cart_form_location":"","composite_editable_in_cart":false,"composite_sold_individually_context":"","composite_shop_price_calc":"","composite_components":[],"composite_scenarios":[],"acf":[],"_links":{"self":[{"href":"https:\/\/www.precisionot.com\/fr\/wp-json\/wp\/v2\/product\/5030","targetHints":{"allow":["GET"]}}],"collection":[{"href":"https:\/\/www.precisionot.com\/fr\/wp-json\/wp\/v2\/product"}],"about":[{"href":"https:\/\/www.precisionot.com\/fr\/wp-json\/wp\/v2\/types\/product"}],"version-history":[{"count":0,"href":"https:\/\/www.precisionot.com\/fr\/wp-json\/wp\/v2\/product\/5030\/revisions"}],"wp:featuredmedia":[{"embeddable":true,"href":"https:\/\/www.precisionot.com\/fr\/wp-json\/wp\/v2\/media\/5020"}],"wp:attachment":[{"href":"https:\/\/www.precisionot.com\/fr\/wp-json\/wp\/v2\/media?parent=5030"}],"wp:term":[{"taxonomy":"product_brand","embeddable":true,"href":"https:\/\/www.precisionot.com\/fr\/wp-json\/wp\/v2\/product_brand?post=5030"},{"taxonomy":"product_cat","embeddable":true,"href":"https:\/\/www.precisionot.com\/fr\/wp-json\/wp\/v2\/product_cat?post=5030"},{"taxonomy":"product_tag","embeddable":true,"href":"https:\/\/www.precisionot.com\/fr\/wp-json\/wp\/v2\/product_tag?post=5030"}],"curies":[{"name":"wp","href":"https:\/\/api.w.org\/{rel}","templated":true}]}}