{"id":4890,"date":"2021-08-23T10:03:15","date_gmt":"2021-08-23T14:03:15","guid":{"rendered":"https:\/\/www.precisionot.com\/?post_type=product&#038;p=4890"},"modified":"2024-09-19T15:22:30","modified_gmt":"2024-09-19T19:22:30","slug":"pre-sfp25g-dxx-10","status":"publish","type":"product","link":"https:\/\/www.precisionot.com\/fr\/product\/pre-sfp25g-dxx-10\/","title":{"rendered":"PRE-SFP25G-Dxx-10(I)"},"content":{"rendered":"<p><span class=\"NormalTextRun SCXW250483981 BCX0\">Le module \u00e9metteur-r\u00e9cepteur optique SFP25G-DXX-10(I) prend en charge la transmission Ethernet 25G sur des distances allant jusqu&#039;\u00e0 <\/span><span class=\"NormalTextRun AdvancedProofingIssueV2Themed SCXW250483981 BCX0\">10 kilom\u00e8tres<\/span><span class=\"NormalTextRun SCXW250483981 BCX0\"> utilisant la technologie de multiplexage par r\u00e9partition en longueur d&#039;onde dense (DWDM) sur une grille de 100 GHz. Fonctionnant \u00e0 une longueur d&#039;onde pr\u00e9cise de 1562,23 nm, ce module est id\u00e9al pour les applications longue port\u00e9e dans les r\u00e9seaux de t\u00e9l\u00e9communications et de centres de donn\u00e9es qui n\u00e9cessitent une bande passante \u00e9lev\u00e9e et une utilisation efficace des ressources en fibre.<\/span><\/p>\n<hr \/>\n<p><span class=\"NormalTextRun SCXW250483981 BCX0\">La variante de temp\u00e9rature industrielle (I-temp) garantit des performances fiables dans des conditions environnementales difficiles. Dot\u00e9 d&#039;une surveillance de diagnostic num\u00e9rique int\u00e9gr\u00e9e (DDM), cet \u00e9metteur-r\u00e9cepteur fournit un suivi des performances en temps r\u00e9el pour une gestion proactive du r\u00e9seau. <\/span><span class=\"NormalTextRun ContextualSpellingAndGrammarErrorV2Themed SCXW250483981 BCX0\">C&#039;est<\/span><span class=\"NormalTextRun SCXW250483981 BCX0\"> la conception rempla\u00e7able \u00e0 chaud permet une int\u00e9gration ou un remplacement rapide et facile sans interruption de service.<\/span><\/p>","protected":false},"excerpt":{"rendered":"<p><span class=\"NormalTextRun SCXW164134400 BCX0\">L&#039;\u00e9metteur-r\u00e9cepteur optique SFP25G-DXX-10(I) prend en charge Ethernet 25G sur fibre monomode avec une port\u00e9e allant jusqu&#039;\u00e0 <\/span><span class=\"NormalTextRun AdvancedProofingIssueV2Themed SCXW164134400 BCX0\">10 kilom\u00e8tres<\/span><span class=\"NormalTextRun SCXW164134400 BCX0\"> utilisant la technologie DWDM \u00e0 1562,23 nm.<\/span><\/p>\n<hr \/>\n<p><strong>SFP28, LR, DWDM, 100GHz, 1562.23nm, 25G, 10km, SMF\/LC, I-Temp, DDM<\/strong><\/p>","protected":false},"featured_media":27609,"template":"","meta":{"_acf_changed":false,"content-type":"","site-sidebar-layout":"default","site-content-layout":"default","ast-site-content-layout":"default","site-content-style":"default","site-sidebar-style":"default","ast-global-header-display":"","ast-banner-title-visibility":"","ast-main-header-display":"","ast-hfb-above-header-display":"","ast-hfb-below-header-display":"","ast-hfb-mobile-header-display":"","site-post-title":"","ast-breadcrumbs-content":"","ast-featured-img":"","footer-sml-layout":"","ast-disable-related-posts":"","theme-transparent-header-meta":"default","adv-header-id-meta":"","stick-header-meta":"","header-above-stick-meta":"","header-main-stick-meta":"","header-below-stick-meta":"","astra-migrate-meta-layouts":"set","ast-page-background-enabled":"default","ast-page-background-meta":{"desktop":{"background-color":"","background-image":"","background-repeat":"repeat","background-position":"center center","background-size":"auto","background-attachment":"scroll","background-type":"","background-media":"","overlay-type":"","overlay-color":"","overlay-opacity":"","overlay-gradient":""},"tablet":{"background-color":"","background-image":"","background-repeat":"repeat","background-position":"center center","background-size":"auto","background-attachment":"scroll","background-type":"","background-media":"","overlay-type":"","overlay-color":"","overlay-opacity":"","overlay-gradient":""},"mobile":{"background-color":"","background-image":"","background-repeat":"repeat","background-position":"center center","background-size":"auto","background-attachment":"scroll","background-type":"","background-media":"","overlay-type":"","overlay-color":"","overlay-opacity":"","overlay-gradient":""}},"ast-content-background-meta":{"desktop":{"background-color":"var(--ast-global-color-5)","background-image":"","background-repeat":"repeat","background-position":"center center","background-size":"auto","background-attachment":"scroll","background-type":"","background-media":"","overlay-type":"","overlay-color":"","overlay-opacity":"","overlay-gradient":""},"tablet":{"background-color":"var(--ast-global-color-5)","background-image":"","background-repeat":"repeat","background-position":"center center","background-size":"auto","background-attachment":"scroll","background-type":"","background-media":"","overlay-type":"","overlay-color":"","overlay-opacity":"","overlay-gradient":""},"mobile":{"background-color":"var(--ast-global-color-5)","background-image":"","background-repeat":"repeat","background-position":"center center","background-size":"auto","background-attachment":"scroll","background-type":"","background-media":"","overlay-type":"","overlay-color":"","overlay-opacity":"","overlay-gradient":""}}},"product_brand":[],"product_cat":[306],"product_tag":[],"class_list":{"0":"post-4890","1":"product","2":"type-product","3":"status-publish","4":"has-post-thumbnail","6":"product_cat-sfp28-dwdm","7":"desktop-align-left","8":"tablet-align-left","9":"mobile-align-left","10":"ast-product-gallery-layout-horizontal-slider","11":"ast-product-gallery-with-no-image","12":"ast-product-tabs-layout-horizontal","14":"first","15":"instock","16":"shipping-taxable","17":"purchasable","18":"product-type-simple"},"composite_virtual":false,"composite_layout":"","composite_add_to_cart_form_location":"","composite_editable_in_cart":false,"composite_sold_individually_context":"","composite_shop_price_calc":"","composite_components":[],"composite_scenarios":[],"acf":[],"_links":{"self":[{"href":"https:\/\/www.precisionot.com\/fr\/wp-json\/wp\/v2\/product\/4890","targetHints":{"allow":["GET"]}}],"collection":[{"href":"https:\/\/www.precisionot.com\/fr\/wp-json\/wp\/v2\/product"}],"about":[{"href":"https:\/\/www.precisionot.com\/fr\/wp-json\/wp\/v2\/types\/product"}],"version-history":[{"count":0,"href":"https:\/\/www.precisionot.com\/fr\/wp-json\/wp\/v2\/product\/4890\/revisions"}],"wp:featuredmedia":[{"embeddable":true,"href":"https:\/\/www.precisionot.com\/fr\/wp-json\/wp\/v2\/media\/27609"}],"wp:attachment":[{"href":"https:\/\/www.precisionot.com\/fr\/wp-json\/wp\/v2\/media?parent=4890"}],"wp:term":[{"taxonomy":"product_brand","embeddable":true,"href":"https:\/\/www.precisionot.com\/fr\/wp-json\/wp\/v2\/product_brand?post=4890"},{"taxonomy":"product_cat","embeddable":true,"href":"https:\/\/www.precisionot.com\/fr\/wp-json\/wp\/v2\/product_cat?post=4890"},{"taxonomy":"product_tag","embeddable":true,"href":"https:\/\/www.precisionot.com\/fr\/wp-json\/wp\/v2\/product_tag?post=4890"}],"curies":[{"name":"wp","href":"https:\/\/api.w.org\/{rel}","templated":true}]}}