{"id":479,"date":"2020-10-25T19:20:50","date_gmt":"2020-10-25T23:20:50","guid":{"rendered":"https:\/\/www.precisionot.com\/?post_type=product&#038;p=479"},"modified":"2026-02-20T11:41:58","modified_gmt":"2026-02-20T16:41:58","slug":"pre-sfp25g-cu30xxm","status":"publish","type":"product","link":"https:\/\/www.precisionot.com\/fr\/product\/pre-sfp25g-cu30xxm\/","title":{"rendered":"PRE-SFP25G-CU30xxM"},"content":{"rendered":"<p><span class=\"NormalTextRun SCXW30168196 BCX0\">Le c\u00e2ble cuivre passif \u00e0 connexion directe (DAC) SFP25G-CU30XXM permet une connectivit\u00e9 Ethernet 25G sur des distances allant jusqu&#039;\u00e0 <\/span><span class=\"NormalTextRun SpellingErrorV2Themed SCXW30168196 BCX0\">ouais<\/span><span class=\"NormalTextRun SCXW30168196 BCX0\"> m\u00e8tres utilisant des conducteurs en cuivre xx AWG. Cet assemblage de c\u00e2bles \u00e9conomique est con\u00e7u pour les connexions \u00e0 courte port\u00e9e et \u00e0 haut d\u00e9bit dans les centres de donn\u00e9es, les r\u00e9seaux d&#039;entreprise et les environnements de t\u00e9l\u00e9communications.<\/span><\/p>\n<hr \/>\n<p><span class=\"NormalTextRun SCXW30168196 BCX0\">Fonctionnant dans des conditions de temp\u00e9rature commerciale (C-temp), il offre une faible latence et une faible consommation d&#039;\u00e9nergie pour des performances r\u00e9seau efficaces. La conception plug-and-play permet une installation rapide et facile sans avoir besoin de <\/span><span class=\"NormalTextRun SCXW30168196 BCX0\">suppl\u00e9mentaire<\/span><span class=\"NormalTextRun SCXW30168196 BCX0\"> mat\u00e9riel ou \u00e9metteurs-r\u00e9cepteurs, ce qui le rend id\u00e9al pour les d\u00e9ploiements \u00e0 haute densit\u00e9.<\/span><\/p>","protected":false},"excerpt":{"rendered":"<p><span class=\"NormalTextRun SCXW165163301 BCX0\">Le c\u00e2ble DAC passif SFP25G-CU30XXM prend en charge Ethernet 25G sur <\/span><span class=\"NormalTextRun SpellingErrorV2Themed SCXW165163301 BCX0\">ouais<\/span><span class=\"NormalTextRun SCXW165163301 BCX0\"> compteurs utilisant des conducteurs en cuivre xx AWG, con\u00e7us pour une connectivit\u00e9 \u00e0 courte port\u00e9e rentable.<\/span><\/p>\n<hr \/>\n<p><strong>SFP28, Passif, DAC, xx AWG, 25G, yy m, C-Temp<\/strong><\/p>","protected":false},"featured_media":12183,"template":"","meta":{"_acf_changed":false,"content-type":"","site-sidebar-layout":"default","site-content-layout":"default","ast-site-content-layout":"default","site-content-style":"default","site-sidebar-style":"default","ast-global-header-display":"","ast-banner-title-visibility":"","ast-main-header-display":"","ast-hfb-above-header-display":"","ast-hfb-below-header-display":"","ast-hfb-mobile-header-display":"","site-post-title":"","ast-breadcrumbs-content":"","ast-featured-img":"","footer-sml-layout":"","ast-disable-related-posts":"","theme-transparent-header-meta":"default","adv-header-id-meta":"","stick-header-meta":"","header-above-stick-meta":"","header-main-stick-meta":"","header-below-stick-meta":"","astra-migrate-meta-layouts":"set","ast-page-background-enabled":"default","ast-page-background-meta":{"desktop":{"background-color":"","background-image":"","background-repeat":"repeat","background-position":"center center","background-size":"auto","background-attachment":"scroll","background-type":"","background-media":"","overlay-type":"","overlay-color":"","overlay-opacity":"","overlay-gradient":""},"tablet":{"background-color":"","background-image":"","background-repeat":"repeat","background-position":"center center","background-size":"auto","background-attachment":"scroll","background-type":"","background-media":"","overlay-type":"","overlay-color":"","overlay-opacity":"","overlay-gradient":""},"mobile":{"background-color":"","background-image":"","background-repeat":"repeat","background-position":"center center","background-size":"auto","background-attachment":"scroll","background-type":"","background-media":"","overlay-type":"","overlay-color":"","overlay-opacity":"","overlay-gradient":""}},"ast-content-background-meta":{"desktop":{"background-color":"var(--ast-global-color-5)","background-image":"","background-repeat":"repeat","background-position":"center center","background-size":"auto","background-attachment":"scroll","background-type":"","background-media":"","overlay-type":"","overlay-color":"","overlay-opacity":"","overlay-gradient":""},"tablet":{"background-color":"var(--ast-global-color-5)","background-image":"","background-repeat":"repeat","background-position":"center center","background-size":"auto","background-attachment":"scroll","background-type":"","background-media":"","overlay-type":"","overlay-color":"","overlay-opacity":"","overlay-gradient":""},"mobile":{"background-color":"var(--ast-global-color-5)","background-image":"","background-repeat":"repeat","background-position":"center center","background-size":"auto","background-attachment":"scroll","background-type":"","background-media":"","overlay-type":"","overlay-color":"","overlay-opacity":"","overlay-gradient":""}}},"product_brand":[],"product_cat":[307,260],"product_tag":[],"class_list":{"0":"post-479","1":"product","2":"type-product","3":"status-publish","4":"has-post-thumbnail","6":"product_cat-sfp28-dac-aoc","7":"product_cat-featured","8":"desktop-align-left","9":"tablet-align-left","10":"mobile-align-left","11":"ast-product-gallery-layout-horizontal-slider","12":"ast-product-gallery-with-no-image","13":"ast-product-tabs-layout-horizontal","15":"first","16":"instock","17":"shipping-taxable","18":"purchasable","19":"product-type-simple"},"composite_virtual":false,"composite_layout":"","composite_add_to_cart_form_location":"","composite_editable_in_cart":false,"composite_sold_individually_context":"","composite_shop_price_calc":"","composite_components":[],"composite_scenarios":[],"acf":[],"_links":{"self":[{"href":"https:\/\/www.precisionot.com\/fr\/wp-json\/wp\/v2\/product\/479","targetHints":{"allow":["GET"]}}],"collection":[{"href":"https:\/\/www.precisionot.com\/fr\/wp-json\/wp\/v2\/product"}],"about":[{"href":"https:\/\/www.precisionot.com\/fr\/wp-json\/wp\/v2\/types\/product"}],"version-history":[{"count":1,"href":"https:\/\/www.precisionot.com\/fr\/wp-json\/wp\/v2\/product\/479\/revisions"}],"predecessor-version":[{"id":33627,"href":"https:\/\/www.precisionot.com\/fr\/wp-json\/wp\/v2\/product\/479\/revisions\/33627"}],"wp:featuredmedia":[{"embeddable":true,"href":"https:\/\/www.precisionot.com\/fr\/wp-json\/wp\/v2\/media\/12183"}],"wp:attachment":[{"href":"https:\/\/www.precisionot.com\/fr\/wp-json\/wp\/v2\/media?parent=479"}],"wp:term":[{"taxonomy":"product_brand","embeddable":true,"href":"https:\/\/www.precisionot.com\/fr\/wp-json\/wp\/v2\/product_brand?post=479"},{"taxonomy":"product_cat","embeddable":true,"href":"https:\/\/www.precisionot.com\/fr\/wp-json\/wp\/v2\/product_cat?post=479"},{"taxonomy":"product_tag","embeddable":true,"href":"https:\/\/www.precisionot.com\/fr\/wp-json\/wp\/v2\/product_tag?post=479"}],"curies":[{"name":"wp","href":"https:\/\/api.w.org\/{rel}","templated":true}]}}