{"id":473,"date":"2020-10-25T19:17:40","date_gmt":"2020-10-25T23:17:40","guid":{"rendered":"https:\/\/www.precisionot.com\/?post_type=product&#038;p=473"},"modified":"2025-02-27T11:44:34","modified_gmt":"2025-02-27T16:44:34","slug":"avant-sfp25g-sr","status":"publish","type":"product","link":"https:\/\/www.precisionot.com\/fr\/product\/pre-sfp25g-sr\/","title":{"rendered":"PRE-SFP25G-SR"},"content":{"rendered":"<p><span class=\"NormalTextRun SCXW162147441 BCX0\">Le module \u00e9metteur-r\u00e9cepteur optique SFP25G-SR prend en charge la transmission Ethernet 25G sur des distances allant jusqu&#039;\u00e0 <\/span><span class=\"NormalTextRun SCXW162147441 BCX0\">100 m\u00e8tres<\/span><span class=\"NormalTextRun SCXW162147441 BCX0\"> utilisant une fibre multimode (MMF) avec des connecteurs duplex LC. Fonctionnant \u00e0 une longueur d&#039;onde de 850 nm, ce module est <\/span><span class=\"NormalTextRun SCXW162147441 BCX0\">optimis\u00e9<\/span><span class=\"NormalTextRun SCXW162147441 BCX0\"> pour une connectivit\u00e9 \u00e0 courte port\u00e9e et \u00e0 haut d\u00e9bit, ce qui le rend id\u00e9al pour les centres de donn\u00e9es, les r\u00e9seaux d&#039;entreprise et les applications de t\u00e9l\u00e9communications.<\/span><\/p>\n<hr \/>\n<p><span class=\"NormalTextRun SCXW162147441 BCX0\">Disponible en versions \u00e0 temp\u00e9rature commerciale (C-temp) et \u00e0 temp\u00e9rature industrielle (I-temp), il offre des performances fiables dans une large gamme d&#039;environnements. La surveillance de diagnostic num\u00e9rique int\u00e9gr\u00e9e (DDM) permet un suivi des performances en temps r\u00e9el, garantissant une gestion proactive du r\u00e9seau. <\/span><span class=\"NormalTextRun SCXW162147441 BCX0\">C&#039;est<\/span><span class=\"NormalTextRun SCXW162147441 BCX0\"> conception \u00e9changeable \u00e0 chaud <\/span><span class=\"NormalTextRun SCXW162147441 BCX0\">facilite<\/span><span class=\"NormalTextRun SCXW162147441 BCX0\"> installation ou remplacement rapide et facile sans interruption de service.<\/span><\/p>","protected":false},"excerpt":{"rendered":"<p><span class=\"NormalTextRun SCXW38107579 BCX0\">L&#039;\u00e9metteur-r\u00e9cepteur optique SFP25G-SR prend en charge Ethernet 25G sur fibre multimode avec une port\u00e9e allant jusqu&#039;\u00e0 <\/span><span class=\"NormalTextRun SCXW38107579 BCX0\">100 m\u00e8tres<\/span><span class=\"NormalTextRun SCXW38107579 BCX0\"> utilisant une longueur d&#039;onde de 850 nm, disponible dans les variantes C-temp et I-temp.<\/span><\/p>\n<hr \/>\n<p><strong>SFP28, SR, 850nm, 25G, 100m, SMF\/LC, C-Temp\/I-Temp, DDM<\/strong><\/p>","protected":false},"featured_media":27578,"template":"","meta":{"_acf_changed":false,"content-type":"","site-sidebar-layout":"default","site-content-layout":"default","ast-site-content-layout":"default","site-content-style":"default","site-sidebar-style":"default","ast-global-header-display":"","ast-banner-title-visibility":"","ast-main-header-display":"","ast-hfb-above-header-display":"","ast-hfb-below-header-display":"","ast-hfb-mobile-header-display":"","site-post-title":"","ast-breadcrumbs-content":"","ast-featured-img":"","footer-sml-layout":"","ast-disable-related-posts":"","theme-transparent-header-meta":"default","adv-header-id-meta":"","stick-header-meta":"","header-above-stick-meta":"","header-main-stick-meta":"","header-below-stick-meta":"","astra-migrate-meta-layouts":"set","ast-page-background-enabled":"default","ast-page-background-meta":{"desktop":{"background-color":"","background-image":"","background-repeat":"repeat","background-position":"center center","background-size":"auto","background-attachment":"scroll","background-type":"","background-media":"","overlay-type":"","overlay-color":"","overlay-opacity":"","overlay-gradient":""},"tablet":{"background-color":"","background-image":"","background-repeat":"repeat","background-position":"center center","background-size":"auto","background-attachment":"scroll","background-type":"","background-media":"","overlay-type":"","overlay-color":"","overlay-opacity":"","overlay-gradient":""},"mobile":{"background-color":"","background-image":"","background-repeat":"repeat","background-position":"center center","background-size":"auto","background-attachment":"scroll","background-type":"","background-media":"","overlay-type":"","overlay-color":"","overlay-opacity":"","overlay-gradient":""}},"ast-content-background-meta":{"desktop":{"background-color":"var(--ast-global-color-5)","background-image":"","background-repeat":"repeat","background-position":"center center","background-size":"auto","background-attachment":"scroll","background-type":"","background-media":"","overlay-type":"","overlay-color":"","overlay-opacity":"","overlay-gradient":""},"tablet":{"background-color":"var(--ast-global-color-5)","background-image":"","background-repeat":"repeat","background-position":"center center","background-size":"auto","background-attachment":"scroll","background-type":"","background-media":"","overlay-type":"","overlay-color":"","overlay-opacity":"","overlay-gradient":""},"mobile":{"background-color":"var(--ast-global-color-5)","background-image":"","background-repeat":"repeat","background-position":"center center","background-size":"auto","background-attachment":"scroll","background-type":"","background-media":"","overlay-type":"","overlay-color":"","overlay-opacity":"","overlay-gradient":""}}},"product_brand":[],"product_cat":[305],"product_tag":[],"class_list":{"0":"post-473","1":"product","2":"type-product","3":"status-publish","4":"has-post-thumbnail","6":"product_cat-sfp28-standard","7":"desktop-align-left","8":"tablet-align-left","9":"mobile-align-left","10":"ast-product-gallery-layout-horizontal-slider","11":"ast-product-gallery-with-no-image","12":"ast-product-tabs-layout-horizontal","14":"first","15":"instock","16":"shipping-taxable","17":"purchasable","18":"product-type-simple"},"composite_virtual":false,"composite_layout":"","composite_add_to_cart_form_location":"","composite_editable_in_cart":false,"composite_sold_individually_context":"","composite_shop_price_calc":"","composite_components":[],"composite_scenarios":[],"acf":[],"_links":{"self":[{"href":"https:\/\/www.precisionot.com\/fr\/wp-json\/wp\/v2\/product\/473","targetHints":{"allow":["GET"]}}],"collection":[{"href":"https:\/\/www.precisionot.com\/fr\/wp-json\/wp\/v2\/product"}],"about":[{"href":"https:\/\/www.precisionot.com\/fr\/wp-json\/wp\/v2\/types\/product"}],"version-history":[{"count":0,"href":"https:\/\/www.precisionot.com\/fr\/wp-json\/wp\/v2\/product\/473\/revisions"}],"wp:featuredmedia":[{"embeddable":true,"href":"https:\/\/www.precisionot.com\/fr\/wp-json\/wp\/v2\/media\/27578"}],"wp:attachment":[{"href":"https:\/\/www.precisionot.com\/fr\/wp-json\/wp\/v2\/media?parent=473"}],"wp:term":[{"taxonomy":"product_brand","embeddable":true,"href":"https:\/\/www.precisionot.com\/fr\/wp-json\/wp\/v2\/product_brand?post=473"},{"taxonomy":"product_cat","embeddable":true,"href":"https:\/\/www.precisionot.com\/fr\/wp-json\/wp\/v2\/product_cat?post=473"},{"taxonomy":"product_tag","embeddable":true,"href":"https:\/\/www.precisionot.com\/fr\/wp-json\/wp\/v2\/product_tag?post=473"}],"curies":[{"name":"wp","href":"https:\/\/api.w.org\/{rel}","templated":true}]}}