{"id":467,"date":"2020-10-25T19:13:22","date_gmt":"2020-10-25T23:13:22","guid":{"rendered":"https:\/\/www.precisionot.com\/?post_type=product&#038;p=467"},"modified":"2024-09-17T16:50:30","modified_gmt":"2024-09-17T20:50:30","slug":"pre-qsfp-4sfp10g-aocxxm","status":"publish","type":"product","link":"https:\/\/www.precisionot.com\/fr\/product\/pre-qsfp-4sfp10g-aocxxm\/","title":{"rendered":"PRE-QSFP-4SFP10G-AOCxxM"},"content":{"rendered":"<p><span class=\"TextRun SCXW239549331 BCX0\" lang=\"EN-US\" xml:lang=\"EN-US\" data-contrast=\"none\"><span class=\"NormalTextRun SCXW239549331 BCX0\">Le c\u00e2ble optique actif QSFP-4SFP10G-AOCXXM de Precision OT prend en charge les applications Ethernet 40G qui se divisent en 4 \u00e9metteurs-r\u00e9cepteurs SFP10G pour des distances allant jusqu&#039;\u00e0 10 m. Ce c\u00e2ble comprend des \u00e9metteurs VCSEL, des r\u00e9cepteurs PIN et une surveillance de diagnostic num\u00e9rique (DDM). Sa plage de temp\u00e9rature de fonctionnement est de 0 \u00e0 70\u00b0<\/span><span class=\"NormalTextRun SCXW239549331 BCX0\">C.\u00a0 <\/span><span class=\"NormalTextRun SCXW239549331 BCX0\">Ce c\u00e2ble polyvalent est id\u00e9al pour les centres de donn\u00e9es hautes performances, les r\u00e9seaux d&#039;entreprise et les r\u00e9seaux de stockage (SAN) o\u00f9 une connectivit\u00e9 efficace et haute densit\u00e9 est <\/span><span class=\"NormalTextRun SCXW239549331 BCX0\">requis<\/span><span class=\"NormalTextRun SCXW239549331 BCX0\">.<\/span><\/span><\/p>\n<hr \/>\n<p><span class=\"TextRun SCXW239549331 BCX0\" lang=\"EN-US\" xml:lang=\"EN-US\" data-contrast=\"none\"><span class=\"NormalTextRun SCXW239549331 BCX0\">Le format compact et la flexibilit\u00e9 du c\u00e2ble en font le c\u00e2ble id\u00e9al pour les environnements o\u00f9 l&#039;espace est limit\u00e9 et o\u00f9 une connectivit\u00e9 haute densit\u00e9 est essentielle. La solution AOC de Precision OT offre un \u00e9quilibre entre performances, efficacit\u00e9 \u00e9nerg\u00e9tique et facilit\u00e9 d&#039;utilisation, ce qui en fait une solution id\u00e9ale pour les environnements o\u00f9 l&#039;espace est limit\u00e9 et o\u00f9 une connectivit\u00e9 haute densit\u00e9 est essentielle. <\/span><span class=\"NormalTextRun SpellingErrorV2Themed SCXW239549331 BCX0\">r\u00e9galer<\/span><span class=\"NormalTextRun SCXW239549331 BCX0\"> choix pour \u00e9tendre le r\u00e9seau <\/span><span class=\"NormalTextRun SCXW239549331 BCX0\">capacit\u00e9<\/span><span class=\"NormalTextRun SCXW239549331 BCX0\"> et am\u00e9liorer la connectivit\u00e9.<\/span><\/span><span class=\"EOP SCXW239549331 BCX0\" data-ccp-props=\"{&quot;134233117&quot;:false,&quot;134233118&quot;:false,&quot;201341983&quot;:0,&quot;335557856&quot;:16777215,&quot;335559738&quot;:0,&quot;335559739&quot;:0,&quot;335559740&quot;:279}\">\u00a0<\/span><\/p>","protected":false},"excerpt":{"rendered":"<p><span class=\"TextRun SCXW91735452 BCX0\" lang=\"EN-US\" xml:lang=\"EN-US\" data-contrast=\"none\"><span class=\"NormalTextRun SCXW91735452 BCX0\">Le c\u00e2ble optique actif PRE-QSFP-4SFP10G-AOCXXM de Precision OT prend en charge les applications Ethernet 40G qui se divisent en 4 \u00e9metteurs-r\u00e9cepteurs SFP10G pour des distances allant jusqu&#039;\u00e0 10 m.<\/span><\/span><\/p>\n<hr \/>\n<p><strong>QSFP+, 4xSR, AOC, BREAKOUT, 850nm, 40G, xx m, C-Temp, DDM<\/strong><\/p>","protected":false},"featured_media":12164,"template":"","meta":{"_acf_changed":false,"content-type":"","site-sidebar-layout":"default","site-content-layout":"default","ast-site-content-layout":"default","site-content-style":"default","site-sidebar-style":"default","ast-global-header-display":"","ast-banner-title-visibility":"","ast-main-header-display":"","ast-hfb-above-header-display":"","ast-hfb-below-header-display":"","ast-hfb-mobile-header-display":"","site-post-title":"","ast-breadcrumbs-content":"","ast-featured-img":"","footer-sml-layout":"","ast-disable-related-posts":"","theme-transparent-header-meta":"default","adv-header-id-meta":"","stick-header-meta":"","header-above-stick-meta":"","header-main-stick-meta":"","header-below-stick-meta":"","astra-migrate-meta-layouts":"set","ast-page-background-enabled":"default","ast-page-background-meta":{"desktop":{"background-color":"","background-image":"","background-repeat":"repeat","background-position":"center center","background-size":"auto","background-attachment":"scroll","background-type":"","background-media":"","overlay-type":"","overlay-color":"","overlay-opacity":"","overlay-gradient":""},"tablet":{"background-color":"","background-image":"","background-repeat":"repeat","background-position":"center center","background-size":"auto","background-attachment":"scroll","background-type":"","background-media":"","overlay-type":"","overlay-color":"","overlay-opacity":"","overlay-gradient":""},"mobile":{"background-color":"","background-image":"","background-repeat":"repeat","background-position":"center center","background-size":"auto","background-attachment":"scroll","background-type":"","background-media":"","overlay-type":"","overlay-color":"","overlay-opacity":"","overlay-gradient":""}},"ast-content-background-meta":{"desktop":{"background-color":"var(--ast-global-color-5)","background-image":"","background-repeat":"repeat","background-position":"center center","background-size":"auto","background-attachment":"scroll","background-type":"","background-media":"","overlay-type":"","overlay-color":"","overlay-opacity":"","overlay-gradient":""},"tablet":{"background-color":"var(--ast-global-color-5)","background-image":"","background-repeat":"repeat","background-position":"center center","background-size":"auto","background-attachment":"scroll","background-type":"","background-media":"","overlay-type":"","overlay-color":"","overlay-opacity":"","overlay-gradient":""},"mobile":{"background-color":"var(--ast-global-color-5)","background-image":"","background-repeat":"repeat","background-position":"center center","background-size":"auto","background-attachment":"scroll","background-type":"","background-media":"","overlay-type":"","overlay-color":"","overlay-opacity":"","overlay-gradient":""}}},"product_brand":[],"product_cat":[301],"product_tag":[],"class_list":{"0":"post-467","1":"product","2":"type-product","3":"status-publish","4":"has-post-thumbnail","6":"product_cat-qsfp-dac-aoc","7":"desktop-align-left","8":"tablet-align-left","9":"mobile-align-left","10":"ast-product-gallery-layout-horizontal-slider","11":"ast-product-gallery-with-no-image","12":"ast-product-tabs-layout-horizontal","14":"first","15":"instock","16":"shipping-taxable","17":"purchasable","18":"product-type-simple"},"composite_virtual":false,"composite_layout":"","composite_add_to_cart_form_location":"","composite_editable_in_cart":false,"composite_sold_individually_context":"","composite_shop_price_calc":"","composite_components":[],"composite_scenarios":[],"acf":[],"_links":{"self":[{"href":"https:\/\/www.precisionot.com\/fr\/wp-json\/wp\/v2\/product\/467","targetHints":{"allow":["GET"]}}],"collection":[{"href":"https:\/\/www.precisionot.com\/fr\/wp-json\/wp\/v2\/product"}],"about":[{"href":"https:\/\/www.precisionot.com\/fr\/wp-json\/wp\/v2\/types\/product"}],"version-history":[{"count":0,"href":"https:\/\/www.precisionot.com\/fr\/wp-json\/wp\/v2\/product\/467\/revisions"}],"wp:featuredmedia":[{"embeddable":true,"href":"https:\/\/www.precisionot.com\/fr\/wp-json\/wp\/v2\/media\/12164"}],"wp:attachment":[{"href":"https:\/\/www.precisionot.com\/fr\/wp-json\/wp\/v2\/media?parent=467"}],"wp:term":[{"taxonomy":"product_brand","embeddable":true,"href":"https:\/\/www.precisionot.com\/fr\/wp-json\/wp\/v2\/product_brand?post=467"},{"taxonomy":"product_cat","embeddable":true,"href":"https:\/\/www.precisionot.com\/fr\/wp-json\/wp\/v2\/product_cat?post=467"},{"taxonomy":"product_tag","embeddable":true,"href":"https:\/\/www.precisionot.com\/fr\/wp-json\/wp\/v2\/product_tag?post=467"}],"curies":[{"name":"wp","href":"https:\/\/api.w.org\/{rel}","templated":true}]}}