{"id":451,"date":"2020-10-25T17:51:52","date_gmt":"2020-10-25T21:51:52","guid":{"rendered":"https:\/\/www.precisionot.com\/?post_type=product&#038;p=451"},"modified":"2024-09-17T16:32:10","modified_gmt":"2024-09-17T20:32:10","slug":"pre-qsfp-plr4","status":"publish","type":"product","link":"https:\/\/www.precisionot.com\/fr\/product\/pre-qsfp-plr4\/","title":{"rendered":"PRE-QSFP-PLR4"},"content":{"rendered":"<p class=\"p2\"><span class=\"TextRun SCXW147833066 BCX0\" lang=\"EN-US\" xml:lang=\"EN-US\" data-contrast=\"none\"><span class=\"NormalTextRun SCXW147833066 BCX0\">L&#039;\u00e9metteur-r\u00e9cepteur optique hautes performances QSFP-PLR4 de Precision OT prend en charge les applications Ethernet 40G jusqu&#039;\u00e0 <\/span><span class=\"NormalTextRun AdvancedProofingIssueV2Themed SCXW147833066 BCX0\">10 kilom\u00e8tres<\/span><span class=\"NormalTextRun SCXW147833066 BCX0\"> sur fibre monomode (SMF). Il <\/span><span class=\"NormalTextRun SCXW147833066 BCX0\">op\u00e8re<\/span><span class=\"NormalTextRun SCXW147833066 BCX0\"> avec quatre voies de 25 Gbit\/s sur une longueur d&#039;onde de 1 310 nm, ce qui le rend id\u00e9al pour les centres de donn\u00e9es, le calcul haute performance et les environnements de r\u00e9seau d&#039;entreprise o\u00f9 la connectivit\u00e9 longue distance et le d\u00e9bit de donn\u00e9es \u00e0 haut d\u00e9bit sont essentiels.<\/span><\/span><\/p>\n<hr \/>\n<p class=\"p2\"><span class=\"TextRun SCXW147833066 BCX0\" lang=\"EN-US\" xml:lang=\"EN-US\" data-contrast=\"none\"><span class=\"NormalTextRun SCXW147833066 BCX0\">L&#039;\u00e9metteur-r\u00e9cepteur est dot\u00e9 d&#039;un connecteur de type MPO-12 et d&#039;une surveillance des diagnostics num\u00e9riques (DDM). Le QSFP-PLR4 est class\u00e9 C-Temp et fournit une consommation \u00e9lectrique inf\u00e9rieure \u00e0 3,5 W, prenant en charge les d\u00e9ploiements \u00e0 haute densit\u00e9 et maximisant l&#039;utilisation de l&#039;\u00e9quipement. Gr\u00e2ce \u00e0 sa conception \u00e9changeable \u00e0 chaud, le QSFP-PLR4 simplifie l&#039;installation, les mises \u00e0 niveau et les remplacements sans perturber le trafic r\u00e9seau, ce qui en fait une excellente solution pour les applications r\u00e9seau \u00e9volutives, \u00e0 haut d\u00e9bit et \u00e0 longue port\u00e9e.<\/span><\/span><span class=\"EOP SCXW147833066 BCX0\" data-ccp-props=\"{&quot;134233117&quot;:false,&quot;134233118&quot;:false,&quot;201341983&quot;:0,&quot;335557856&quot;:16777215,&quot;335559738&quot;:0,&quot;335559739&quot;:0,&quot;335559740&quot;:279}\">\u00a0<\/span><\/p>","protected":false},"excerpt":{"rendered":"<p><span class=\"NormalTextRun SCXW225642740 BCX0\">L&#039;\u00e9metteur-r\u00e9cepteur optique PRE-QSFP-PLR4 de Precision OT prend en charge les applications Ethernet 40G jusqu&#039;\u00e0 <\/span><span class=\"NormalTextRun AdvancedProofingIssueV2Themed SCXW225642740 BCX0\">10km<\/span><span class=\"NormalTextRun SCXW225642740 BCX0\"> sur fibre monomode (SMF).\u00a0<\/span><\/p>\n<hr \/>\n<p class=\"p2\"><strong>QSFP, PLR4, 1310 nm, 40G, 10 km, SMF\/MPO12<\/strong><\/p>","protected":false},"featured_media":24284,"template":"","meta":{"_acf_changed":false,"content-type":"","site-sidebar-layout":"default","site-content-layout":"default","ast-site-content-layout":"default","site-content-style":"default","site-sidebar-style":"default","ast-global-header-display":"","ast-banner-title-visibility":"","ast-main-header-display":"","ast-hfb-above-header-display":"","ast-hfb-below-header-display":"","ast-hfb-mobile-header-display":"","site-post-title":"","ast-breadcrumbs-content":"","ast-featured-img":"","footer-sml-layout":"","ast-disable-related-posts":"","theme-transparent-header-meta":"default","adv-header-id-meta":"","stick-header-meta":"","header-above-stick-meta":"","header-main-stick-meta":"","header-below-stick-meta":"","astra-migrate-meta-layouts":"set","ast-page-background-enabled":"default","ast-page-background-meta":{"desktop":{"background-color":"","background-image":"","background-repeat":"repeat","background-position":"center center","background-size":"auto","background-attachment":"scroll","background-type":"","background-media":"","overlay-type":"","overlay-color":"","overlay-opacity":"","overlay-gradient":""},"tablet":{"background-color":"","background-image":"","background-repeat":"repeat","background-position":"center center","background-size":"auto","background-attachment":"scroll","background-type":"","background-media":"","overlay-type":"","overlay-color":"","overlay-opacity":"","overlay-gradient":""},"mobile":{"background-color":"","background-image":"","background-repeat":"repeat","background-position":"center center","background-size":"auto","background-attachment":"scroll","background-type":"","background-media":"","overlay-type":"","overlay-color":"","overlay-opacity":"","overlay-gradient":""}},"ast-content-background-meta":{"desktop":{"background-color":"var(--ast-global-color-5)","background-image":"","background-repeat":"repeat","background-position":"center center","background-size":"auto","background-attachment":"scroll","background-type":"","background-media":"","overlay-type":"","overlay-color":"","overlay-opacity":"","overlay-gradient":""},"tablet":{"background-color":"var(--ast-global-color-5)","background-image":"","background-repeat":"repeat","background-position":"center center","background-size":"auto","background-attachment":"scroll","background-type":"","background-media":"","overlay-type":"","overlay-color":"","overlay-opacity":"","overlay-gradient":""},"mobile":{"background-color":"var(--ast-global-color-5)","background-image":"","background-repeat":"repeat","background-position":"center center","background-size":"auto","background-attachment":"scroll","background-type":"","background-media":"","overlay-type":"","overlay-color":"","overlay-opacity":"","overlay-gradient":""}}},"product_brand":[],"product_cat":[300],"product_tag":[],"class_list":{"0":"post-451","1":"product","2":"type-product","3":"status-publish","4":"has-post-thumbnail","6":"product_cat-qsfp-standard","7":"desktop-align-left","8":"tablet-align-left","9":"mobile-align-left","10":"ast-product-gallery-layout-horizontal-slider","11":"ast-product-gallery-with-no-image","12":"ast-product-tabs-layout-horizontal","14":"first","15":"instock","16":"shipping-taxable","17":"purchasable","18":"product-type-simple"},"composite_virtual":false,"composite_layout":"","composite_add_to_cart_form_location":"","composite_editable_in_cart":false,"composite_sold_individually_context":"","composite_shop_price_calc":"","composite_components":[],"composite_scenarios":[],"acf":[],"_links":{"self":[{"href":"https:\/\/www.precisionot.com\/fr\/wp-json\/wp\/v2\/product\/451","targetHints":{"allow":["GET"]}}],"collection":[{"href":"https:\/\/www.precisionot.com\/fr\/wp-json\/wp\/v2\/product"}],"about":[{"href":"https:\/\/www.precisionot.com\/fr\/wp-json\/wp\/v2\/types\/product"}],"version-history":[{"count":0,"href":"https:\/\/www.precisionot.com\/fr\/wp-json\/wp\/v2\/product\/451\/revisions"}],"wp:featuredmedia":[{"embeddable":true,"href":"https:\/\/www.precisionot.com\/fr\/wp-json\/wp\/v2\/media\/24284"}],"wp:attachment":[{"href":"https:\/\/www.precisionot.com\/fr\/wp-json\/wp\/v2\/media?parent=451"}],"wp:term":[{"taxonomy":"product_brand","embeddable":true,"href":"https:\/\/www.precisionot.com\/fr\/wp-json\/wp\/v2\/product_brand?post=451"},{"taxonomy":"product_cat","embeddable":true,"href":"https:\/\/www.precisionot.com\/fr\/wp-json\/wp\/v2\/product_cat?post=451"},{"taxonomy":"product_tag","embeddable":true,"href":"https:\/\/www.precisionot.com\/fr\/wp-json\/wp\/v2\/product_tag?post=451"}],"curies":[{"name":"wp","href":"https:\/\/api.w.org\/{rel}","templated":true}]}}