{"id":4376,"date":"2021-06-02T12:46:15","date_gmt":"2021-06-02T16:46:15","guid":{"rendered":"https:\/\/www.precisionot.com\/?post_type=product&#038;p=4376"},"modified":"2024-10-28T17:27:49","modified_gmt":"2024-10-28T21:27:49","slug":"avant-ep30xfpm-20","status":"publish","type":"product","link":"https:\/\/www.precisionot.com\/fr\/product\/pre-ep30xfpm-20\/","title":{"rendered":"PRE-EP30XFPM-20I"},"content":{"rendered":"<p><span class=\"NormalTextRun SCXW111723117 BCX0\">Le module EP30XFPM-20I est un module \u00e9metteur-r\u00e9cepteur XFP hautes performances con\u00e7u pour les applications OLT de r\u00e9seau optique passif Ethernet 10G (EPON), conform\u00e9ment \u00e0 la norme PR30. Fonctionnant sur des longueurs d&#039;onde doubles de 1270 nm (Tx) et 1310 nm (Rx), ce module prend en charge la transmission sur des distances allant jusqu&#039;\u00e0 <\/span><span class=\"NormalTextRun SCXW111723117 BCX0\">20 kilom\u00e8tres<\/span><span class=\"NormalTextRun SCXW111723117 BCX0\"> sur fibre monomode (SMF) avec connecteurs SC.<\/span><\/p>\n<hr \/>\n<p><span class=\"NormalTextRun SCXW111723117 BCX0\">Id\u00e9al pour une utilisation dans les r\u00e9seaux de t\u00e9l\u00e9communications et industriels, le EP30XFPM-20I fonctionne de mani\u00e8re fiable dans les environnements \u00e0 temp\u00e9rature industrielle (I-temp), garantissant des performances stables dans des conditions exigeantes. Diagnostics num\u00e9riques int\u00e9gr\u00e9s <\/span><span class=\"NormalTextRun SCXW111723117 BCX0\">surveillance<\/span><span class=\"NormalTextRun SCXW111723117 BCX0\"> (DDM) fournit un suivi en temps r\u00e9el pour une gestion efficace du r\u00e9seau, et sa conception rempla\u00e7able \u00e0 chaud permet une int\u00e9gration ou un remplacement facile sans interruption de service.<\/span><\/p>","protected":false},"excerpt":{"rendered":"<p><span class=\"NormalTextRun SCXW202624292 BCX0\">L&#039;\u00e9metteur-r\u00e9cepteur XFP EP30XFPM-20I prend en charge les applications OLT EPON 10G sur fibre monomode avec une port\u00e9e allant jusqu&#039;\u00e0 <\/span><span class=\"NormalTextRun SCXW202624292 BCX0\">20 kilom\u00e8tres<\/span><span class=\"NormalTextRun SCXW202624292 BCX0\"> utilisant des longueurs d&#039;onde de 1270\/1310 nm, con\u00e7ues pour les environnements I-temp avec DDM int\u00e9gr\u00e9.<\/span><\/p>\n<hr \/>\n<p><strong>XFP, EPON, OLT, PR30, 1270\/1310nm, 10G, 20km, SMF\/SC, I-Temp, DDM<\/strong><\/p>","protected":false},"featured_media":25134,"template":"","meta":{"_acf_changed":false,"content-type":"","site-sidebar-layout":"default","site-content-layout":"default","ast-site-content-layout":"default","site-content-style":"default","site-sidebar-style":"default","ast-global-header-display":"","ast-banner-title-visibility":"","ast-main-header-display":"","ast-hfb-above-header-display":"","ast-hfb-below-header-display":"","ast-hfb-mobile-header-display":"","site-post-title":"","ast-breadcrumbs-content":"","ast-featured-img":"","footer-sml-layout":"","ast-disable-related-posts":"","theme-transparent-header-meta":"default","adv-header-id-meta":"","stick-header-meta":"","header-above-stick-meta":"","header-main-stick-meta":"","header-below-stick-meta":"","astra-migrate-meta-layouts":"set","ast-page-background-enabled":"default","ast-page-background-meta":{"desktop":{"background-color":"","background-image":"","background-repeat":"repeat","background-position":"center center","background-size":"auto","background-attachment":"scroll","background-type":"","background-media":"","overlay-type":"","overlay-color":"","overlay-opacity":"","overlay-gradient":""},"tablet":{"background-color":"","background-image":"","background-repeat":"repeat","background-position":"center center","background-size":"auto","background-attachment":"scroll","background-type":"","background-media":"","overlay-type":"","overlay-color":"","overlay-opacity":"","overlay-gradient":""},"mobile":{"background-color":"","background-image":"","background-repeat":"repeat","background-position":"center center","background-size":"auto","background-attachment":"scroll","background-type":"","background-media":"","overlay-type":"","overlay-color":"","overlay-opacity":"","overlay-gradient":""}},"ast-content-background-meta":{"desktop":{"background-color":"var(--ast-global-color-5)","background-image":"","background-repeat":"repeat","background-position":"center center","background-size":"auto","background-attachment":"scroll","background-type":"","background-media":"","overlay-type":"","overlay-color":"","overlay-opacity":"","overlay-gradient":""},"tablet":{"background-color":"var(--ast-global-color-5)","background-image":"","background-repeat":"repeat","background-position":"center center","background-size":"auto","background-attachment":"scroll","background-type":"","background-media":"","overlay-type":"","overlay-color":"","overlay-opacity":"","overlay-gradient":""},"mobile":{"background-color":"var(--ast-global-color-5)","background-image":"","background-repeat":"repeat","background-position":"center center","background-size":"auto","background-attachment":"scroll","background-type":"","background-media":"","overlay-type":"","overlay-color":"","overlay-opacity":"","overlay-gradient":""}}},"product_brand":[],"product_cat":[326,324],"product_tag":[],"class_list":{"0":"post-4376","1":"product","2":"type-product","3":"status-publish","4":"has-post-thumbnail","6":"product_cat-epon","7":"product_cat-sfp-specialty","8":"desktop-align-left","9":"tablet-align-left","10":"mobile-align-left","11":"ast-product-gallery-layout-horizontal-slider","12":"ast-product-gallery-with-no-image","13":"ast-product-tabs-layout-horizontal","15":"first","16":"instock","17":"shipping-taxable","18":"purchasable","19":"product-type-simple"},"composite_virtual":false,"composite_layout":"","composite_add_to_cart_form_location":"","composite_editable_in_cart":false,"composite_sold_individually_context":"","composite_shop_price_calc":"","composite_components":[],"composite_scenarios":[],"acf":[],"_links":{"self":[{"href":"https:\/\/www.precisionot.com\/fr\/wp-json\/wp\/v2\/product\/4376","targetHints":{"allow":["GET"]}}],"collection":[{"href":"https:\/\/www.precisionot.com\/fr\/wp-json\/wp\/v2\/product"}],"about":[{"href":"https:\/\/www.precisionot.com\/fr\/wp-json\/wp\/v2\/types\/product"}],"version-history":[{"count":0,"href":"https:\/\/www.precisionot.com\/fr\/wp-json\/wp\/v2\/product\/4376\/revisions"}],"wp:featuredmedia":[{"embeddable":true,"href":"https:\/\/www.precisionot.com\/fr\/wp-json\/wp\/v2\/media\/25134"}],"wp:attachment":[{"href":"https:\/\/www.precisionot.com\/fr\/wp-json\/wp\/v2\/media?parent=4376"}],"wp:term":[{"taxonomy":"product_brand","embeddable":true,"href":"https:\/\/www.precisionot.com\/fr\/wp-json\/wp\/v2\/product_brand?post=4376"},{"taxonomy":"product_cat","embeddable":true,"href":"https:\/\/www.precisionot.com\/fr\/wp-json\/wp\/v2\/product_cat?post=4376"},{"taxonomy":"product_tag","embeddable":true,"href":"https:\/\/www.precisionot.com\/fr\/wp-json\/wp\/v2\/product_tag?post=4376"}],"curies":[{"name":"wp","href":"https:\/\/api.w.org\/{rel}","templated":true}]}}