{"id":4205,"date":"2021-04-23T11:17:00","date_gmt":"2021-04-23T15:17:00","guid":{"rendered":"https:\/\/www.precisionot.com\/?post_type=product&#038;p=4205"},"modified":"2024-09-17T16:42:04","modified_gmt":"2024-09-17T20:42:04","slug":"pre-cvr-qsfp-sfp10g","status":"publish","type":"product","link":"https:\/\/www.precisionot.com\/fr\/product\/pre-cvr-qsfp-sfp10g\/","title":{"rendered":"PRE-CVR-QSFP-SFP10G"},"content":{"rendered":"<p><span class=\"TextRun SCXW262978649 BCX0\" lang=\"EN-US\" xml:lang=\"EN-US\" data-contrast=\"none\"><span class=\"NormalTextRun SCXW262978649 BCX0\">Le QSFP-CVR-SFP10G de Precision OT est un dispositif hautes performances et \u00e9conomique qui permet aux ports h\u00f4tes QSFP+ 40G de <\/span><span class=\"NormalTextRun SCXW262978649 BCX0\">fonctionner<\/span><span class=\"NormalTextRun SCXW262978649 BCX0\"> en tant que ports SFP+ 10GBase-X \u00e0 voie unique de mani\u00e8re transparente. Le convertisseur <\/span><span class=\"NormalTextRun SCXW262978649 BCX0\">op\u00e8re<\/span><span class=\"NormalTextRun SCXW262978649 BCX0\"> utilisant des \u00e9metteurs-r\u00e9cepteurs SFP+ conformes \u00e0 la norme MSA qui peuvent \u00eatre s\u00e9lectionn\u00e9s en fonction des exigences op\u00e9rationnelles du r\u00e9seau. Le CVR-QSFP-SFP10 prend en charge la transmission de donn\u00e9es \u00e0 haut d\u00e9bit, garantissant ainsi la compatibilit\u00e9 et des performances fiables dans diverses configurations de r\u00e9seau.<\/span><\/span><\/p>\n<hr \/>\n<p><span class=\"TextRun SCXW262978649 BCX0\" lang=\"EN-US\" xml:lang=\"EN-US\" data-contrast=\"none\"><span class=\"NormalTextRun SCXW262978649 BCX0\">Avec son format compact et sa conception \u00e9changeable \u00e0 chaud, le CVR-QSFP-SFP10G simplifie l&#039;installation et la maintenance sans interrompre les op\u00e9rations, ce qui le rend id\u00e9al pour les environnements \u00e0 forte demande. L&#039;adaptateur est compatible avec une large gamme de modules SFP+ 10 Gbit\/s, notamment les c\u00e2bles SR, LR et DAC, offrant aux utilisateurs des options de mise en r\u00e9seau polyvalentes. Le CVR-QSFP-SFP10G assure une transmission de donn\u00e9es transparente et convient aux organisations qui cherchent \u00e0 am\u00e9liorer l&#039;\u00e9volutivit\u00e9 de leur r\u00e9seau tout en <\/span><span class=\"NormalTextRun SCXW262978649 BCX0\">maintenir<\/span><span class=\"NormalTextRun SCXW262978649 BCX0\"> efficacit\u00e9 et minimisation des co\u00fbts.<\/span><\/span><span class=\"EOP SCXW262978649 BCX0\" data-ccp-props=\"{&quot;134233117&quot;:false,&quot;134233118&quot;:false,&quot;201341983&quot;:0,&quot;335551550&quot;:1,&quot;335551620&quot;:1,&quot;335557856&quot;:16777215,&quot;335559685&quot;:0,&quot;335559737&quot;:0,&quot;335559738&quot;:0,&quot;335559739&quot;:0,&quot;335559740&quot;:279}\">\u00a0<\/span><\/p>","protected":false},"excerpt":{"rendered":"<p><span class=\"NormalTextRun SCXW109536624 BCX0\">Le dispositif CVR-QSFP-SFP10 est une excellente solution pour les organisations <\/span><span class=\"NormalTextRun SCXW109536624 BCX0\">en cherchant<\/span><span class=\"NormalTextRun SCXW109536624 BCX0\"> pour am\u00e9liorer la flexibilit\u00e9 et les performances de leur r\u00e9seau en permettant une int\u00e9gration transparente entre les \u00e9metteurs-r\u00e9cepteurs QSFP et SFP+.\u00a0<\/span><\/p>\n<hr \/>\n<p><strong>Convertisseur 40G QSFP+ vers une seule voie SFP+ 10G<\/strong><\/p>","protected":false},"featured_media":27576,"template":"","meta":{"_acf_changed":false,"content-type":"","site-sidebar-layout":"default","site-content-layout":"default","ast-site-content-layout":"default","site-content-style":"default","site-sidebar-style":"default","ast-global-header-display":"","ast-banner-title-visibility":"","ast-main-header-display":"","ast-hfb-above-header-display":"","ast-hfb-below-header-display":"","ast-hfb-mobile-header-display":"","site-post-title":"","ast-breadcrumbs-content":"","ast-featured-img":"","footer-sml-layout":"","ast-disable-related-posts":"","theme-transparent-header-meta":"default","adv-header-id-meta":"","stick-header-meta":"","header-above-stick-meta":"","header-main-stick-meta":"","header-below-stick-meta":"","astra-migrate-meta-layouts":"set","ast-page-background-enabled":"default","ast-page-background-meta":{"desktop":{"background-color":"","background-image":"","background-repeat":"repeat","background-position":"center center","background-size":"auto","background-attachment":"scroll","background-type":"","background-media":"","overlay-type":"","overlay-color":"","overlay-opacity":"","overlay-gradient":""},"tablet":{"background-color":"","background-image":"","background-repeat":"repeat","background-position":"center center","background-size":"auto","background-attachment":"scroll","background-type":"","background-media":"","overlay-type":"","overlay-color":"","overlay-opacity":"","overlay-gradient":""},"mobile":{"background-color":"","background-image":"","background-repeat":"repeat","background-position":"center center","background-size":"auto","background-attachment":"scroll","background-type":"","background-media":"","overlay-type":"","overlay-color":"","overlay-opacity":"","overlay-gradient":""}},"ast-content-background-meta":{"desktop":{"background-color":"var(--ast-global-color-5)","background-image":"","background-repeat":"repeat","background-position":"center center","background-size":"auto","background-attachment":"scroll","background-type":"","background-media":"","overlay-type":"","overlay-color":"","overlay-opacity":"","overlay-gradient":""},"tablet":{"background-color":"var(--ast-global-color-5)","background-image":"","background-repeat":"repeat","background-position":"center center","background-size":"auto","background-attachment":"scroll","background-type":"","background-media":"","overlay-type":"","overlay-color":"","overlay-opacity":"","overlay-gradient":""},"mobile":{"background-color":"var(--ast-global-color-5)","background-image":"","background-repeat":"repeat","background-position":"center center","background-size":"auto","background-attachment":"scroll","background-type":"","background-media":"","overlay-type":"","overlay-color":"","overlay-opacity":"","overlay-gradient":""}}},"product_brand":[],"product_cat":[303],"product_tag":[],"class_list":{"0":"post-4205","1":"product","2":"type-product","3":"status-publish","4":"has-post-thumbnail","6":"product_cat-qsfp-specialty","7":"desktop-align-left","8":"tablet-align-left","9":"mobile-align-left","10":"ast-product-gallery-layout-horizontal-slider","11":"ast-product-gallery-with-no-image","12":"ast-product-tabs-layout-horizontal","14":"first","15":"instock","16":"shipping-taxable","17":"purchasable","18":"product-type-simple"},"composite_virtual":false,"composite_layout":"","composite_add_to_cart_form_location":"","composite_editable_in_cart":false,"composite_sold_individually_context":"","composite_shop_price_calc":"","composite_components":[],"composite_scenarios":[],"acf":[],"_links":{"self":[{"href":"https:\/\/www.precisionot.com\/fr\/wp-json\/wp\/v2\/product\/4205","targetHints":{"allow":["GET"]}}],"collection":[{"href":"https:\/\/www.precisionot.com\/fr\/wp-json\/wp\/v2\/product"}],"about":[{"href":"https:\/\/www.precisionot.com\/fr\/wp-json\/wp\/v2\/types\/product"}],"version-history":[{"count":0,"href":"https:\/\/www.precisionot.com\/fr\/wp-json\/wp\/v2\/product\/4205\/revisions"}],"wp:featuredmedia":[{"embeddable":true,"href":"https:\/\/www.precisionot.com\/fr\/wp-json\/wp\/v2\/media\/27576"}],"wp:attachment":[{"href":"https:\/\/www.precisionot.com\/fr\/wp-json\/wp\/v2\/media?parent=4205"}],"wp:term":[{"taxonomy":"product_brand","embeddable":true,"href":"https:\/\/www.precisionot.com\/fr\/wp-json\/wp\/v2\/product_brand?post=4205"},{"taxonomy":"product_cat","embeddable":true,"href":"https:\/\/www.precisionot.com\/fr\/wp-json\/wp\/v2\/product_cat?post=4205"},{"taxonomy":"product_tag","embeddable":true,"href":"https:\/\/www.precisionot.com\/fr\/wp-json\/wp\/v2\/product_tag?post=4205"}],"curies":[{"name":"wp","href":"https:\/\/api.w.org\/{rel}","templated":true}]}}