{"id":416,"date":"2020-10-25T17:18:49","date_gmt":"2020-10-25T21:18:49","guid":{"rendered":"https:\/\/www.precisionot.com\/?post_type=product&#038;p=416"},"modified":"2024-09-18T15:19:04","modified_gmt":"2024-09-18T19:19:04","slug":"pre-qsfp28-fr","status":"publish","type":"product","link":"https:\/\/www.precisionot.com\/fr\/product\/pre-qsfp28-fr\/","title":{"rendered":"PRE-QSFP28-FR"},"content":{"rendered":"<p>Le module \u00e9metteur-r\u00e9cepteur optique QSFP28-FR assure une transmission Ethernet 100G sur des distances allant jusqu&#039;\u00e0 2 kilom\u00e8tres \u00e0 l&#039;aide d&#039;une fibre monomode (SMF) avec des connecteurs duplex LC. Fonctionnant \u00e0 une longueur d&#039;onde de 1310 nm, ce module est optimis\u00e9 pour la transmission de donn\u00e9es \u00e0 moyenne port\u00e9e.<\/p>\n<hr \/>\n<p>Il est compatible avec les interconnexions QSFP56DD \u00e0 4x100G, ce qui en fait une solution id\u00e9ale pour les applications de centres de donn\u00e9es et de t\u00e9l\u00e9communications hautes performances. La conception \u00e9changeable \u00e0 chaud garantit une int\u00e9gration ou un remplacement transparent sans interruption de service, et le fonctionnement \u00e9conome en \u00e9nergie du module contribue \u00e0 r\u00e9duire la consommation d&#039;\u00e9nergie, ce qui en fait une solution rentable pour les r\u00e9seaux \u00e0 haut d\u00e9bit.<\/p>","protected":false},"excerpt":{"rendered":"<p>L&#039;\u00e9metteur-r\u00e9cepteur optique QSFP28-FR prend en charge Ethernet 100G sur fibre monomode avec une port\u00e9e allant jusqu&#039;\u00e0 2 kilom\u00e8tres, compatible pour les interconnexions QSFP56DD \u00e0 4x100G.<\/p>\n<hr \/>\n<p class=\"p2\"><strong>QSFP28, FR, 1310 nm, 100G, 2 km, SMF\/LC<\/strong><\/p>","protected":false},"featured_media":25683,"template":"","meta":{"_acf_changed":false,"content-type":"","site-sidebar-layout":"default","site-content-layout":"default","ast-site-content-layout":"default","site-content-style":"default","site-sidebar-style":"default","ast-global-header-display":"","ast-banner-title-visibility":"","ast-main-header-display":"","ast-hfb-above-header-display":"","ast-hfb-below-header-display":"","ast-hfb-mobile-header-display":"","site-post-title":"","ast-breadcrumbs-content":"","ast-featured-img":"","footer-sml-layout":"","ast-disable-related-posts":"","theme-transparent-header-meta":"default","adv-header-id-meta":"","stick-header-meta":"","header-above-stick-meta":"","header-main-stick-meta":"","header-below-stick-meta":"","astra-migrate-meta-layouts":"set","ast-page-background-enabled":"default","ast-page-background-meta":{"desktop":{"background-color":"","background-image":"","background-repeat":"repeat","background-position":"center center","background-size":"auto","background-attachment":"scroll","background-type":"","background-media":"","overlay-type":"","overlay-color":"","overlay-opacity":"","overlay-gradient":""},"tablet":{"background-color":"","background-image":"","background-repeat":"repeat","background-position":"center center","background-size":"auto","background-attachment":"scroll","background-type":"","background-media":"","overlay-type":"","overlay-color":"","overlay-opacity":"","overlay-gradient":""},"mobile":{"background-color":"","background-image":"","background-repeat":"repeat","background-position":"center center","background-size":"auto","background-attachment":"scroll","background-type":"","background-media":"","overlay-type":"","overlay-color":"","overlay-opacity":"","overlay-gradient":""}},"ast-content-background-meta":{"desktop":{"background-color":"var(--ast-global-color-5)","background-image":"","background-repeat":"repeat","background-position":"center center","background-size":"auto","background-attachment":"scroll","background-type":"","background-media":"","overlay-type":"","overlay-color":"","overlay-opacity":"","overlay-gradient":""},"tablet":{"background-color":"var(--ast-global-color-5)","background-image":"","background-repeat":"repeat","background-position":"center center","background-size":"auto","background-attachment":"scroll","background-type":"","background-media":"","overlay-type":"","overlay-color":"","overlay-opacity":"","overlay-gradient":""},"mobile":{"background-color":"var(--ast-global-color-5)","background-image":"","background-repeat":"repeat","background-position":"center center","background-size":"auto","background-attachment":"scroll","background-type":"","background-media":"","overlay-type":"","overlay-color":"","overlay-opacity":"","overlay-gradient":""}}},"product_brand":[],"product_cat":[292],"product_tag":[],"class_list":{"0":"post-416","1":"product","2":"type-product","3":"status-publish","4":"has-post-thumbnail","6":"product_cat-qsfp28-single-wave","7":"desktop-align-left","8":"tablet-align-left","9":"mobile-align-left","10":"ast-product-gallery-layout-horizontal-slider","11":"ast-product-gallery-with-no-image","12":"ast-product-tabs-layout-horizontal","14":"first","15":"instock","16":"shipping-taxable","17":"purchasable","18":"product-type-simple"},"composite_virtual":false,"composite_layout":"","composite_add_to_cart_form_location":"","composite_editable_in_cart":false,"composite_sold_individually_context":"","composite_shop_price_calc":"","composite_components":[],"composite_scenarios":[],"acf":[],"_links":{"self":[{"href":"https:\/\/www.precisionot.com\/fr\/wp-json\/wp\/v2\/product\/416","targetHints":{"allow":["GET"]}}],"collection":[{"href":"https:\/\/www.precisionot.com\/fr\/wp-json\/wp\/v2\/product"}],"about":[{"href":"https:\/\/www.precisionot.com\/fr\/wp-json\/wp\/v2\/types\/product"}],"version-history":[{"count":0,"href":"https:\/\/www.precisionot.com\/fr\/wp-json\/wp\/v2\/product\/416\/revisions"}],"wp:featuredmedia":[{"embeddable":true,"href":"https:\/\/www.precisionot.com\/fr\/wp-json\/wp\/v2\/media\/25683"}],"wp:attachment":[{"href":"https:\/\/www.precisionot.com\/fr\/wp-json\/wp\/v2\/media?parent=416"}],"wp:term":[{"taxonomy":"product_brand","embeddable":true,"href":"https:\/\/www.precisionot.com\/fr\/wp-json\/wp\/v2\/product_brand?post=416"},{"taxonomy":"product_cat","embeddable":true,"href":"https:\/\/www.precisionot.com\/fr\/wp-json\/wp\/v2\/product_cat?post=416"},{"taxonomy":"product_tag","embeddable":true,"href":"https:\/\/www.precisionot.com\/fr\/wp-json\/wp\/v2\/product_tag?post=416"}],"curies":[{"name":"wp","href":"https:\/\/api.w.org\/{rel}","templated":true}]}}