{"id":33517,"date":"2026-01-30T11:15:37","date_gmt":"2026-01-30T16:15:37","guid":{"rendered":"https:\/\/www.precisionot.com\/?post_type=product&#038;p=33517"},"modified":"2026-02-19T13:48:20","modified_gmt":"2026-02-19T18:48:20","slug":"services-de-gainage-par-extrusion-de-fibres-optiques","status":"publish","type":"product","link":"https:\/\/www.precisionot.com\/fr\/product\/fiber-optic-extrusion-upjacketing-services\/","title":{"rendered":"Services d&#039;extrusion et de gainage de fibres optiques"},"content":{"rendered":"<p>Precision OT\/Opticonx propose des services complets d&#039;extrusion et de gainage pour des solutions fibre optique sur mesure. Nous ma\u00eetrisons pratiquement tous les types de fibres pour vous fournir la solution adapt\u00e9e \u00e0 vos besoins. Notre \u00e9quipe d&#039;ing\u00e9nieurs est sp\u00e9cialis\u00e9e dans le d\u00e9veloppement de produits, de la conception \u00e0 la fabrication. Nos comp\u00e9tences incluent le gainage, le c\u00e2blage et le blindage de diverses fibres.<\/p>\n<p>Forte d&#039;une vaste exp\u00e9rience et d&#039;une grande flexibilit\u00e9 en mati\u00e8re de fabrication, Precision OT\/Opticonx con\u00e7oit et fabrique sur mesure des c\u00e2bles \u00e0 fibres optiques r\u00e9pondant aux exigences et sp\u00e9cifications propres \u00e0 votre application et \u00e0 l&#039;usage pr\u00e9vu. Nous pouvons utiliser nos propres fibres ou celles fournies par le client. Les petites s\u00e9ries sont accept\u00e9es et nous proposons des services de conseil en conception.<\/p>\n<p><strong><u>Les options comprennent\u00a0:<\/u><\/strong><\/p>\n<ul>\n<li>Fibre fournie par le client<\/li>\n<li>Teneur en fibres de 1 \u00e0 72<\/li>\n<li>Types de fibres\u00a0: multimodes OM1 \u00e0 OM5, monomodes OS2 et \u00e0 maintien de polarisation<\/li>\n<li>Rubans \u00e0 bourrelet serr\u00e9, \u00e0 tubes l\u00e2ches, plats et enroulables, et autres types de fibres<\/li>\n<li>Vestes d&#039;int\u00e9rieur\/ext\u00e9rieur homologu\u00e9es UL ONFR et OFNP, LSZH<\/li>\n<li>constructions hybrides multimodes\/monomodes<\/li>\n<li>Coloration personnalis\u00e9e et impression de la veste<\/li>\n<\/ul>\n<p><strong><u>Capacit\u00e9s :<\/u><\/strong><\/p>\n<ul>\n<li>Fibre optique tampon<\/li>\n<li>Gaine de fibre optique<\/li>\n<li>C\u00e2blage fibre optique<\/li>\n<li>Fibre optique color\u00e9e<\/li>\n<li>tubage de furcation<\/li>\n<li>Capacit\u00e9 \u00e0 traiter une large gamme de mat\u00e9riaux<\/li>\n<li>Outillage standard et sur mesure<\/li>\n<li>petites s\u00e9ries et quantit\u00e9s de production<\/li>\n<li>Couleurs standard et personnalis\u00e9es<\/li>\n<li>L\u00e9gendes d&#039;impression personnalis\u00e9es et \u00e9tiquetage<\/li>\n<\/ul>\n<p><strong><u>Veste disponible (tube ext\u00e9rieur), Mat\u00e9riaux\u00a0:<\/u><\/strong><\/p>\n<ul>\n<li>\u00a0PVDF, KYNAR FLEX\u00ae 2950-05 Mod. standard, KYNAR FLEX\u00ae 2850-00 Mod. \u00e9lev\u00e9<\/li>\n<li>TPE, Hytrel\u00ae 6356 standard, \u00e9galement 5556, 7246 ou 8238<\/li>\n<li>LDPE, (Poly\u00e9thyl\u00e8ne), Borstar\u00ae LE8706<\/li>\n<li>Nylon, Vestamid\u00ae L2101F Nylon 12<\/li>\n<li>PVC ignifug\u00e9 (polychlorure de vinyle ignifug\u00e9), Westlake Global Compounds\u2122<sup>\u00a0<\/sup>19463<\/li>\n<li>Pl\u00e9num en PVC, FireGUARD\u00ae 910A-26-NL ou 910A-48-NL<\/li>\n<li>Polyol\u00e9fine LSZH (HFFR TPO), MtegrityPlus\u2122 2545<\/li>\n<li>Polyur\u00e9thane LSZH (TPU HFFR), HFC 9140<\/li>\n<li>CPE, GEON\u00ae Flex 1335 CPE Noir OU<\/li>\n<\/ul>\n<p><strong><u>Mat\u00e9riaux disponibles pour les chambres \u00e0 air :<\/u><\/strong><\/p>\n<ul>\n<li>Polypropyl\u00e8ne, Borealis BC545MO<\/li>\n<li>PVDF, KYNAR FLEX\u00ae 2950-05 Mod. standard, KYNAR FLEX\u00ae 2850-00 Mod. \u00e9lev\u00e9<\/li>\n<li>TPE, Hytrel\u00ae 6356 standard, \u00e9galement 5556, 7246 ou 8238<\/li>\n<li>LDPE, (Poly\u00e9thyl\u00e8ne), Borstar\u00ae LE8706<\/li>\n<li>Nylon, Vestamid\u00ae L2101F Nylon 12<\/li>\n<\/ul>\n<p><strong><u>Fabrication sous contrat :<\/u><\/strong><\/p>\n<p>Precision OT\/Opticonx propose une vari\u00e9t\u00e9 de services de fabrication optique \u00e0 fa\u00e7on pour r\u00e9pondre aux exigences de ses clients, notamment\u00a0:<\/p>\n<ul>\n<li>Configuration personnalis\u00e9e<\/li>\n<li>marque priv\u00e9e<\/li>\n<li>\u00c9tiquetage personnalis\u00e9<\/li>\n<li>Emballage personnalis\u00e9<\/li>\n<li>Exp\u00e9dition \u00e0 l&#039;aveugle<\/li>\n<\/ul>\n<p><strong><u>Remarques importantes concernant le gainage des fibres fournies par le client\u00a0:<\/u><\/strong><\/p>\n<ul>\n<li>~50 \u00e0 100 m de fibre suppl\u00e9mentaire sont n\u00e9cessaires pour la production (processus de d\u00e9marrage\/arr\u00eat).<\/li>\n<li>Ce service de c\u00e2blage est r\u00e9alis\u00e9 au mieux de nos capacit\u00e9s, ce qui signifie que, m\u00eame si cela est rare, il est possible que la fibre fournie par le client soit endommag\u00e9e ou d\u00e9truite pendant le processus de c\u00e2blage (en raison de coupures\/fluctuations de courant ou de probl\u00e8mes avec l&#039;\u00e9quipement d&#039;extrusion).<\/li>\n<li>Precision OT\/Opticonx ne peut \u00eatre tenu responsable des co\u00fbts li\u00e9s aux fibres endommag\u00e9es.<\/li>\n<li>Precision OT\/Opticonx ne peut pas remplacer la fibre fournie par le client en cas de probl\u00e8me de fabrication.<\/li>\n<li>Si le client fournit une nouvelle fibre optique, Precision OT\/Opticonx effectuera \u00e0 nouveau l&#039;op\u00e9ration sans frais suppl\u00e9mentaires.<\/li>\n<li>Le taux d&#039;\u00e9chec historique est d&#039;environ 1%<\/li>\n<\/ul>","protected":false},"excerpt":{"rendered":"<p>PrecisionOT\/Opticonx propose des services complets d&#039;extrusion et de gainage pour les solutions de fibre optique sur mesure, prenant en charge pratiquement tous les types de fibres et accompagnant les produits de la conception \u00e0 la fabrication, avec des capacit\u00e9s incluant le gainage, le c\u00e2blage et le blindage. Gr\u00e2ce \u00e0 une production flexible, la prise en charge des petites s\u00e9ries et un large choix de mat\u00e9riaux et de techniques de construction, Opticonx fournit des c\u00e2bles \u00e0 fibre optique sur mesure, adapt\u00e9s aux exigences sp\u00e9cifiques de chaque application, utilisant des fibres internes ou fournies par le client.<\/p>","protected":false},"featured_media":33536,"template":"","meta":{"_acf_changed":false,"content-type":"","site-sidebar-layout":"default","site-content-layout":"","ast-site-content-layout":"default","site-content-style":"default","site-sidebar-style":"default","ast-global-header-display":"","ast-banner-title-visibility":"","ast-main-header-display":"","ast-hfb-above-header-display":"","ast-hfb-below-header-display":"","ast-hfb-mobile-header-display":"","site-post-title":"","ast-breadcrumbs-content":"","ast-featured-img":"","footer-sml-layout":"","ast-disable-related-posts":"","theme-transparent-header-meta":"default","adv-header-id-meta":"","stick-header-meta":"","header-above-stick-meta":"","header-main-stick-meta":"","header-below-stick-meta":"","astra-migrate-meta-layouts":"set","ast-page-background-enabled":"default","ast-page-background-meta":{"desktop":{"background-color":"","background-image":"","background-repeat":"repeat","background-position":"center center","background-size":"auto","background-attachment":"scroll","background-type":"","background-media":"","overlay-type":"","overlay-color":"","overlay-opacity":"","overlay-gradient":""},"tablet":{"background-color":"","background-image":"","background-repeat":"repeat","background-position":"center center","background-size":"auto","background-attachment":"scroll","background-type":"","background-media":"","overlay-type":"","overlay-color":"","overlay-opacity":"","overlay-gradient":""},"mobile":{"background-color":"","background-image":"","background-repeat":"repeat","background-position":"center center","background-size":"auto","background-attachment":"scroll","background-type":"","background-media":"","overlay-type":"","overlay-color":"","overlay-opacity":"","overlay-gradient":""}},"ast-content-background-meta":{"desktop":{"background-color":"var(--ast-global-color-5)","background-image":"","background-repeat":"repeat","background-position":"center center","background-size":"auto","background-attachment":"scroll","background-type":"","background-media":"","overlay-type":"","overlay-color":"","overlay-opacity":"","overlay-gradient":""},"tablet":{"background-color":"var(--ast-global-color-5)","background-image":"","background-repeat":"repeat","background-position":"center center","background-size":"auto","background-attachment":"scroll","background-type":"","background-media":"","overlay-type":"","overlay-color":"","overlay-opacity":"","overlay-gradient":""},"mobile":{"background-color":"var(--ast-global-color-5)","background-image":"","background-repeat":"repeat","background-position":"center center","background-size":"auto","background-attachment":"scroll","background-type":"","background-media":"","overlay-type":"","overlay-color":"","overlay-opacity":"","overlay-gradient":""}}},"product_brand":[],"product_cat":[437],"product_tag":[],"class_list":{"0":"post-33517","1":"product","2":"type-product","3":"status-publish","4":"has-post-thumbnail","6":"product_cat-fiber-optic-extrusion-upjacketing-services","7":"desktop-align-left","8":"tablet-align-left","9":"mobile-align-left","10":"ast-product-gallery-layout-horizontal-slider","11":"ast-product-gallery-with-no-image","12":"ast-product-tabs-layout-horizontal","14":"first","15":"instock","16":"shipping-taxable","17":"purchasable","18":"product-type-simple"},"composite_virtual":false,"composite_layout":"","composite_add_to_cart_form_location":"","composite_editable_in_cart":false,"composite_sold_individually_context":"","composite_shop_price_calc":"","composite_components":[],"composite_scenarios":[],"acf":[],"_links":{"self":[{"href":"https:\/\/www.precisionot.com\/fr\/wp-json\/wp\/v2\/product\/33517","targetHints":{"allow":["GET"]}}],"collection":[{"href":"https:\/\/www.precisionot.com\/fr\/wp-json\/wp\/v2\/product"}],"about":[{"href":"https:\/\/www.precisionot.com\/fr\/wp-json\/wp\/v2\/types\/product"}],"version-history":[{"count":4,"href":"https:\/\/www.precisionot.com\/fr\/wp-json\/wp\/v2\/product\/33517\/revisions"}],"predecessor-version":[{"id":33584,"href":"https:\/\/www.precisionot.com\/fr\/wp-json\/wp\/v2\/product\/33517\/revisions\/33584"}],"wp:featuredmedia":[{"embeddable":true,"href":"https:\/\/www.precisionot.com\/fr\/wp-json\/wp\/v2\/media\/33536"}],"wp:attachment":[{"href":"https:\/\/www.precisionot.com\/fr\/wp-json\/wp\/v2\/media?parent=33517"}],"wp:term":[{"taxonomy":"product_brand","embeddable":true,"href":"https:\/\/www.precisionot.com\/fr\/wp-json\/wp\/v2\/product_brand?post=33517"},{"taxonomy":"product_cat","embeddable":true,"href":"https:\/\/www.precisionot.com\/fr\/wp-json\/wp\/v2\/product_cat?post=33517"},{"taxonomy":"product_tag","embeddable":true,"href":"https:\/\/www.precisionot.com\/fr\/wp-json\/wp\/v2\/product_tag?post=33517"}],"curies":[{"name":"wp","href":"https:\/\/api.w.org\/{rel}","templated":true}]}}