{"id":33077,"date":"2025-11-06T15:44:58","date_gmt":"2025-11-06T20:44:58","guid":{"rendered":"https:\/\/www.precisionot.com\/?post_type=product&#038;p=33077"},"modified":"2025-11-14T14:03:20","modified_gmt":"2025-11-14T19:03:20","slug":"kits-dextraction-doeillets","status":"publish","type":"product","link":"https:\/\/www.precisionot.com\/fr\/product\/pulling-eye-kits\/","title":{"rendered":"Kits de traction"},"content":{"rendered":"<p>Les kits d&#039;\u0153illet de tirage prot\u00e8gent les c\u00e2bles \u00e0 fibres optiques pr\u00e9-connect\u00e9s lors de leur installation dans des conduits, des gaines ou des colonnes montantes. Compatibles avec les c\u00e2bles de 2 \u00e0 96 fibres, ces kits permettent un gain de temps et d&#039;argent gr\u00e2ce \u00e0 la pose simplifi\u00e9e de c\u00e2bles multifibres pr\u00e9-connect\u00e9s. L&#039;\u0153illet de tirage est fix\u00e9 directement sur la gaine ext\u00e9rieure du c\u00e2ble, tandis que les terminaisons sont prot\u00e9g\u00e9es par une gaine. Ainsi, aucune contrainte n&#039;est exerc\u00e9e sur les terminaisons lors de l&#039;installation. Disponibles avec montage en usine ou en kit pour une installation sur site.<\/p>","protected":false},"excerpt":{"rendered":"<p>Les kits d&#039;\u0153illet de tirage prot\u00e8gent les c\u00e2bles \u00e0 fibres optiques pr\u00e9-connect\u00e9s lors de leur installation dans des conduits, des gaines ou des colonnes montantes. Compatibles avec les c\u00e2bles de 2 \u00e0 96 fibres, ces kits permettent un gain de temps et d&#039;argent gr\u00e2ce \u00e0 la pose simplifi\u00e9e de c\u00e2bles multifibres pr\u00e9-connect\u00e9s. L&#039;\u0153illet de tirage est fix\u00e9 directement sur la gaine ext\u00e9rieure du c\u00e2ble, tandis que les terminaisons sont prot\u00e9g\u00e9es par une gaine. Ainsi, aucune contrainte n&#039;est exerc\u00e9e sur les terminaisons lors de l&#039;installation. Disponibles avec montage en usine ou en kit pour une installation sur site.<\/p>","protected":false},"featured_media":33157,"template":"","meta":{"_acf_changed":false,"content-type":"","site-sidebar-layout":"default","site-content-layout":"","ast-site-content-layout":"default","site-content-style":"default","site-sidebar-style":"default","ast-global-header-display":"","ast-banner-title-visibility":"","ast-main-header-display":"","ast-hfb-above-header-display":"","ast-hfb-below-header-display":"","ast-hfb-mobile-header-display":"","site-post-title":"","ast-breadcrumbs-content":"","ast-featured-img":"","footer-sml-layout":"","ast-disable-related-posts":"","theme-transparent-header-meta":"default","adv-header-id-meta":"","stick-header-meta":"","header-above-stick-meta":"","header-main-stick-meta":"","header-below-stick-meta":"","astra-migrate-meta-layouts":"set","ast-page-background-enabled":"default","ast-page-background-meta":{"desktop":{"background-color":"","background-image":"","background-repeat":"repeat","background-position":"center center","background-size":"auto","background-attachment":"scroll","background-type":"","background-media":"","overlay-type":"","overlay-color":"","overlay-opacity":"","overlay-gradient":""},"tablet":{"background-color":"","background-image":"","background-repeat":"repeat","background-position":"center center","background-size":"auto","background-attachment":"scroll","background-type":"","background-media":"","overlay-type":"","overlay-color":"","overlay-opacity":"","overlay-gradient":""},"mobile":{"background-color":"","background-image":"","background-repeat":"repeat","background-position":"center center","background-size":"auto","background-attachment":"scroll","background-type":"","background-media":"","overlay-type":"","overlay-color":"","overlay-opacity":"","overlay-gradient":""}},"ast-content-background-meta":{"desktop":{"background-color":"var(--ast-global-color-5)","background-image":"","background-repeat":"repeat","background-position":"center center","background-size":"auto","background-attachment":"scroll","background-type":"","background-media":"","overlay-type":"","overlay-color":"","overlay-opacity":"","overlay-gradient":""},"tablet":{"background-color":"var(--ast-global-color-5)","background-image":"","background-repeat":"repeat","background-position":"center center","background-size":"auto","background-attachment":"scroll","background-type":"","background-media":"","overlay-type":"","overlay-color":"","overlay-opacity":"","overlay-gradient":""},"mobile":{"background-color":"var(--ast-global-color-5)","background-image":"","background-repeat":"repeat","background-position":"center center","background-size":"auto","background-attachment":"scroll","background-type":"","background-media":"","overlay-type":"","overlay-color":"","overlay-opacity":"","overlay-gradient":""}}},"product_brand":[],"product_cat":[430],"product_tag":[],"class_list":{"0":"post-33077","1":"product","2":"type-product","3":"status-publish","4":"has-post-thumbnail","6":"product_cat-cable-assemblies","7":"desktop-align-left","8":"tablet-align-left","9":"mobile-align-left","10":"ast-product-gallery-layout-horizontal-slider","11":"ast-product-gallery-with-no-image","12":"ast-product-tabs-layout-horizontal","14":"first","15":"instock","16":"shipping-taxable","17":"purchasable","18":"product-type-simple"},"composite_virtual":false,"composite_layout":"","composite_add_to_cart_form_location":"","composite_editable_in_cart":false,"composite_sold_individually_context":"","composite_shop_price_calc":"","composite_components":[],"composite_scenarios":[],"acf":[],"_links":{"self":[{"href":"https:\/\/www.precisionot.com\/fr\/wp-json\/wp\/v2\/product\/33077","targetHints":{"allow":["GET"]}}],"collection":[{"href":"https:\/\/www.precisionot.com\/fr\/wp-json\/wp\/v2\/product"}],"about":[{"href":"https:\/\/www.precisionot.com\/fr\/wp-json\/wp\/v2\/types\/product"}],"version-history":[{"count":1,"href":"https:\/\/www.precisionot.com\/fr\/wp-json\/wp\/v2\/product\/33077\/revisions"}],"predecessor-version":[{"id":33158,"href":"https:\/\/www.precisionot.com\/fr\/wp-json\/wp\/v2\/product\/33077\/revisions\/33158"}],"wp:featuredmedia":[{"embeddable":true,"href":"https:\/\/www.precisionot.com\/fr\/wp-json\/wp\/v2\/media\/33157"}],"wp:attachment":[{"href":"https:\/\/www.precisionot.com\/fr\/wp-json\/wp\/v2\/media?parent=33077"}],"wp:term":[{"taxonomy":"product_brand","embeddable":true,"href":"https:\/\/www.precisionot.com\/fr\/wp-json\/wp\/v2\/product_brand?post=33077"},{"taxonomy":"product_cat","embeddable":true,"href":"https:\/\/www.precisionot.com\/fr\/wp-json\/wp\/v2\/product_cat?post=33077"},{"taxonomy":"product_tag","embeddable":true,"href":"https:\/\/www.precisionot.com\/fr\/wp-json\/wp\/v2\/product_tag?post=33077"}],"curies":[{"name":"wp","href":"https:\/\/api.w.org\/{rel}","templated":true}]}}