{"id":33065,"date":"2025-11-06T15:36:03","date_gmt":"2025-11-06T20:36:03","guid":{"rendered":"https:\/\/www.precisionot.com\/?post_type=product&#038;p=33065"},"modified":"2025-11-14T13:53:00","modified_gmt":"2025-11-14T18:53:00","slug":"cordons-de-brassage","status":"publish","type":"product","link":"https:\/\/www.precisionot.com\/fr\/product\/patch-cords\/","title":{"rendered":"Cordons de brassage"},"content":{"rendered":"<p>Precision OT fabrique une gamme compl\u00e8te de c\u00e2bles monomodes et multimodes simplex, duplex et multifibres. Ces c\u00e2bles utilisent des fibres monomodes OS2 insensibles \u00e0 la courbure et des fibres multimodes OM1, OM2, OM3, OM4 et OM5. Tous les connecteurs standard sont disponibles\u00a0: ST, SC, LC, FC et MTRJ, en versions UPC et APC. Des longueurs, types de fibres, couleurs de gaine, types de connecteurs, d\u00e9rivations et \u00e9tiquetages personnalis\u00e9s sont \u00e9galement propos\u00e9s.<\/p>","protected":false},"excerpt":{"rendered":"<p>Precision OT fabrique une gamme compl\u00e8te de c\u00e2bles monomodes et multimodes simplex, duplex et multifibres. Ces c\u00e2bles utilisent des fibres monomodes OS2 insensibles \u00e0 la courbure et des fibres multimodes OM1, OM2, OM3, OM4 et OM5. Tous les connecteurs standard sont disponibles\u00a0: ST, SC, LC, FC et MTRJ, en versions UPC et APC. Des longueurs, types de fibres, couleurs de gaine, types de connecteurs, d\u00e9rivations et \u00e9tiquetages personnalis\u00e9s sont \u00e9galement propos\u00e9s.<\/p>","protected":false},"featured_media":33184,"template":"","meta":{"_acf_changed":false,"content-type":"","site-sidebar-layout":"default","site-content-layout":"","ast-site-content-layout":"default","site-content-style":"default","site-sidebar-style":"default","ast-global-header-display":"","ast-banner-title-visibility":"","ast-main-header-display":"","ast-hfb-above-header-display":"","ast-hfb-below-header-display":"","ast-hfb-mobile-header-display":"","site-post-title":"","ast-breadcrumbs-content":"","ast-featured-img":"","footer-sml-layout":"","ast-disable-related-posts":"","theme-transparent-header-meta":"default","adv-header-id-meta":"","stick-header-meta":"","header-above-stick-meta":"","header-main-stick-meta":"","header-below-stick-meta":"","astra-migrate-meta-layouts":"set","ast-page-background-enabled":"default","ast-page-background-meta":{"desktop":{"background-color":"","background-image":"","background-repeat":"repeat","background-position":"center center","background-size":"auto","background-attachment":"scroll","background-type":"","background-media":"","overlay-type":"","overlay-color":"","overlay-opacity":"","overlay-gradient":""},"tablet":{"background-color":"","background-image":"","background-repeat":"repeat","background-position":"center center","background-size":"auto","background-attachment":"scroll","background-type":"","background-media":"","overlay-type":"","overlay-color":"","overlay-opacity":"","overlay-gradient":""},"mobile":{"background-color":"","background-image":"","background-repeat":"repeat","background-position":"center center","background-size":"auto","background-attachment":"scroll","background-type":"","background-media":"","overlay-type":"","overlay-color":"","overlay-opacity":"","overlay-gradient":""}},"ast-content-background-meta":{"desktop":{"background-color":"var(--ast-global-color-5)","background-image":"","background-repeat":"repeat","background-position":"center center","background-size":"auto","background-attachment":"scroll","background-type":"","background-media":"","overlay-type":"","overlay-color":"","overlay-opacity":"","overlay-gradient":""},"tablet":{"background-color":"var(--ast-global-color-5)","background-image":"","background-repeat":"repeat","background-position":"center center","background-size":"auto","background-attachment":"scroll","background-type":"","background-media":"","overlay-type":"","overlay-color":"","overlay-opacity":"","overlay-gradient":""},"mobile":{"background-color":"var(--ast-global-color-5)","background-image":"","background-repeat":"repeat","background-position":"center center","background-size":"auto","background-attachment":"scroll","background-type":"","background-media":"","overlay-type":"","overlay-color":"","overlay-opacity":"","overlay-gradient":""}}},"product_brand":[],"product_cat":[430],"product_tag":[],"class_list":{"0":"post-33065","1":"product","2":"type-product","3":"status-publish","4":"has-post-thumbnail","6":"product_cat-cable-assemblies","7":"desktop-align-left","8":"tablet-align-left","9":"mobile-align-left","10":"ast-product-gallery-layout-horizontal-slider","11":"ast-product-gallery-with-no-image","12":"ast-product-tabs-layout-horizontal","14":"first","15":"instock","16":"shipping-taxable","17":"purchasable","18":"product-type-simple"},"composite_virtual":false,"composite_layout":"","composite_add_to_cart_form_location":"","composite_editable_in_cart":false,"composite_sold_individually_context":"","composite_shop_price_calc":"","composite_components":[],"composite_scenarios":[],"acf":[],"_links":{"self":[{"href":"https:\/\/www.precisionot.com\/fr\/wp-json\/wp\/v2\/product\/33065","targetHints":{"allow":["GET"]}}],"collection":[{"href":"https:\/\/www.precisionot.com\/fr\/wp-json\/wp\/v2\/product"}],"about":[{"href":"https:\/\/www.precisionot.com\/fr\/wp-json\/wp\/v2\/types\/product"}],"version-history":[{"count":1,"href":"https:\/\/www.precisionot.com\/fr\/wp-json\/wp\/v2\/product\/33065\/revisions"}],"predecessor-version":[{"id":33186,"href":"https:\/\/www.precisionot.com\/fr\/wp-json\/wp\/v2\/product\/33065\/revisions\/33186"}],"wp:featuredmedia":[{"embeddable":true,"href":"https:\/\/www.precisionot.com\/fr\/wp-json\/wp\/v2\/media\/33184"}],"wp:attachment":[{"href":"https:\/\/www.precisionot.com\/fr\/wp-json\/wp\/v2\/media?parent=33065"}],"wp:term":[{"taxonomy":"product_brand","embeddable":true,"href":"https:\/\/www.precisionot.com\/fr\/wp-json\/wp\/v2\/product_brand?post=33065"},{"taxonomy":"product_cat","embeddable":true,"href":"https:\/\/www.precisionot.com\/fr\/wp-json\/wp\/v2\/product_cat?post=33065"},{"taxonomy":"product_tag","embeddable":true,"href":"https:\/\/www.precisionot.com\/fr\/wp-json\/wp\/v2\/product_tag?post=33065"}],"curies":[{"name":"wp","href":"https:\/\/api.w.org\/{rel}","templated":true}]}}