{"id":33011,"date":"2025-11-04T12:07:40","date_gmt":"2025-11-04T17:07:40","guid":{"rendered":"https:\/\/www.precisionot.com\/?post_type=product&#038;p=33011"},"modified":"2025-11-10T12:57:26","modified_gmt":"2025-11-10T17:57:26","slug":"cartes-des-panneaux-adaptateurs-modulaires","status":"publish","type":"product","link":"https:\/\/www.precisionot.com\/fr\/product\/modular-adapter-panels-maps\/","title":{"rendered":"Panneaux adaptateurs modulaires (MAPS)"},"content":{"rendered":"<p>Les adaptateurs de la s\u00e9rie MAP sont con\u00e7us pour nos panneaux de brassage rackables de la s\u00e9rie R et muraux de la s\u00e9rie WMP. Ils offrent des points de connexion facilitant les interconnexions ou le brassage d&#039;\u00e9quipements r\u00e9seau. Les panneaux MAP sont conformes au format et \u00e0 l&#039;espacement de type LGX. Ils sont disponibles avec des capacit\u00e9s de 6 \u00e0 144 fibres et prennent en charge les connexions de type ST, SC, LC, FC et MTP.<\/p>","protected":false},"excerpt":{"rendered":"<p>Les adaptateurs de la s\u00e9rie MAP sont con\u00e7us pour nos panneaux de brassage rackables de la s\u00e9rie R et muraux de la s\u00e9rie WMP. Ils offrent des points de connexion facilitant les interconnexions ou le brassage d&#039;\u00e9quipements r\u00e9seau. Les panneaux MAP sont conformes au format et \u00e0 l&#039;espacement de type LGX. Ils sont disponibles avec des capacit\u00e9s de 6 \u00e0 144 fibres et prennent en charge les connexions de type ST, SC, LC, FC et MTP.<\/p>","protected":false},"featured_media":33005,"template":"","meta":{"_acf_changed":false,"content-type":"","site-sidebar-layout":"default","site-content-layout":"default","ast-site-content-layout":"default","site-content-style":"default","site-sidebar-style":"default","ast-global-header-display":"","ast-banner-title-visibility":"","ast-main-header-display":"","ast-hfb-above-header-display":"","ast-hfb-below-header-display":"","ast-hfb-mobile-header-display":"","site-post-title":"","ast-breadcrumbs-content":"","ast-featured-img":"","footer-sml-layout":"","ast-disable-related-posts":"","theme-transparent-header-meta":"default","adv-header-id-meta":"","stick-header-meta":"","header-above-stick-meta":"","header-main-stick-meta":"","header-below-stick-meta":"","astra-migrate-meta-layouts":"set","ast-page-background-enabled":"default","ast-page-background-meta":{"desktop":{"background-color":"","background-image":"","background-repeat":"repeat","background-position":"center center","background-size":"auto","background-attachment":"scroll","background-type":"","background-media":"","overlay-type":"","overlay-color":"","overlay-opacity":"","overlay-gradient":""},"tablet":{"background-color":"","background-image":"","background-repeat":"repeat","background-position":"center center","background-size":"auto","background-attachment":"scroll","background-type":"","background-media":"","overlay-type":"","overlay-color":"","overlay-opacity":"","overlay-gradient":""},"mobile":{"background-color":"","background-image":"","background-repeat":"repeat","background-position":"center center","background-size":"auto","background-attachment":"scroll","background-type":"","background-media":"","overlay-type":"","overlay-color":"","overlay-opacity":"","overlay-gradient":""}},"ast-content-background-meta":{"desktop":{"background-color":"var(--ast-global-color-5)","background-image":"","background-repeat":"repeat","background-position":"center center","background-size":"auto","background-attachment":"scroll","background-type":"","background-media":"","overlay-type":"","overlay-color":"","overlay-opacity":"","overlay-gradient":""},"tablet":{"background-color":"var(--ast-global-color-5)","background-image":"","background-repeat":"repeat","background-position":"center center","background-size":"auto","background-attachment":"scroll","background-type":"","background-media":"","overlay-type":"","overlay-color":"","overlay-opacity":"","overlay-gradient":""},"mobile":{"background-color":"var(--ast-global-color-5)","background-image":"","background-repeat":"repeat","background-position":"center center","background-size":"auto","background-attachment":"scroll","background-type":"","background-media":"","overlay-type":"","overlay-color":"","overlay-opacity":"","overlay-gradient":""}}},"product_brand":[],"product_cat":[396],"product_tag":[],"class_list":{"0":"post-33011","1":"product","2":"type-product","3":"status-publish","4":"has-post-thumbnail","6":"product_cat-modular-adapter-panels-maps","7":"desktop-align-left","8":"tablet-align-left","9":"mobile-align-left","10":"ast-product-gallery-layout-horizontal-slider","11":"ast-product-gallery-with-no-image","12":"ast-product-tabs-layout-horizontal","14":"first","15":"instock","16":"shipping-taxable","17":"purchasable","18":"product-type-simple"},"composite_virtual":false,"composite_layout":"","composite_add_to_cart_form_location":"","composite_editable_in_cart":false,"composite_sold_individually_context":"","composite_shop_price_calc":"","composite_components":[],"composite_scenarios":[],"acf":[],"_links":{"self":[{"href":"https:\/\/www.precisionot.com\/fr\/wp-json\/wp\/v2\/product\/33011","targetHints":{"allow":["GET"]}}],"collection":[{"href":"https:\/\/www.precisionot.com\/fr\/wp-json\/wp\/v2\/product"}],"about":[{"href":"https:\/\/www.precisionot.com\/fr\/wp-json\/wp\/v2\/types\/product"}],"version-history":[{"count":1,"href":"https:\/\/www.precisionot.com\/fr\/wp-json\/wp\/v2\/product\/33011\/revisions"}],"predecessor-version":[{"id":33199,"href":"https:\/\/www.precisionot.com\/fr\/wp-json\/wp\/v2\/product\/33011\/revisions\/33199"}],"wp:featuredmedia":[{"embeddable":true,"href":"https:\/\/www.precisionot.com\/fr\/wp-json\/wp\/v2\/media\/33005"}],"wp:attachment":[{"href":"https:\/\/www.precisionot.com\/fr\/wp-json\/wp\/v2\/media?parent=33011"}],"wp:term":[{"taxonomy":"product_brand","embeddable":true,"href":"https:\/\/www.precisionot.com\/fr\/wp-json\/wp\/v2\/product_brand?post=33011"},{"taxonomy":"product_cat","embeddable":true,"href":"https:\/\/www.precisionot.com\/fr\/wp-json\/wp\/v2\/product_cat?post=33011"},{"taxonomy":"product_tag","embeddable":true,"href":"https:\/\/www.precisionot.com\/fr\/wp-json\/wp\/v2\/product_tag?post=33011"}],"curies":[{"name":"wp","href":"https:\/\/api.w.org\/{rel}","templated":true}]}}