{"id":32838,"date":"2025-11-03T12:14:10","date_gmt":"2025-11-03T17:14:10","guid":{"rendered":"https:\/\/www.precisionot.com\/?post_type=product&#038;p=32838"},"modified":"2025-11-07T09:36:49","modified_gmt":"2025-11-07T14:36:49","slug":"coupleurs-separateurs-circulateurs-isolateurs-prises-de-fibres-optiques-solutions","status":"publish","type":"product","link":"https:\/\/www.precisionot.com\/fr\/product\/fiber-optic-couplers-splitters-circulators-isolators-taps-solutions\/","title":{"rendered":"Solutions pour coupleurs, s\u00e9parateurs, circulateurs, isolateurs et prises de fibre optique"},"content":{"rendered":"<p>Precision OT propose une vaste gamme de solutions de fibre optique sur mesure, r\u00e9alis\u00e9es \u00e0 partir de fibres monomodes (SM), multimodes (MM), sp\u00e9ciales et \u00e0 maintien de polarisation (PM). Nos solutions standard offrent des options adapt\u00e9es \u00e0 la plupart des applications, et nos capacit\u00e9s de personnalisation nous permettent de r\u00e9pondre aux exigences les plus pointues. Nous avons une solution pour vos besoins dans les cat\u00e9gories suivantes\u00a0:<\/p>\n<div class=\"uls2 ul1\">\n<ul>\n<li>Coupleurs\u00a0: Coupleurs ind\u00e9pendants de longueur d&#039;onde (WIC), Coupleurs \u00e0 longueur d&#039;onde aplatie (WFC), Guide d&#039;ondes<\/li>\n<li>S\u00e9parateurs : optiques, circuits int\u00e9gr\u00e9s planaires \u00e0 guide d&#039;ondes (PLC), s\u00e9parateurs \u00e0 guide d&#039;ondes, bande \u00e9troite<\/li>\n<li>Circulateurs : optiques<\/li>\n<li>Isolateurs : optiques, \u00e0 maintien de polarisation<\/li>\n<li>Robinets : optiques, haute pr\u00e9cision<\/li>\n<li>Multiplexage par r\u00e9partition en longueur d&#039;onde (WDM), solutions\u00a0: multiplexage par r\u00e9partition en longueur d&#039;onde \u00e0 faible largeur (CWDM), multiplexage par r\u00e9partition en longueur d&#039;onde \u00e0 haute densit\u00e9 (DWDM)<\/li>\n<\/ul>\n<\/div>\n<div class=\"uls2 ul2\"><\/div>","protected":false},"excerpt":{"rendered":"<p>Precision OT propose une vaste gamme de solutions de fibre optique sur mesure, r\u00e9alis\u00e9es \u00e0 partir de fibres monomodes (SM), multimodes (MM), sp\u00e9ciales et \u00e0 maintien de polarisation (PM). Nos solutions standard offrent des options adapt\u00e9es \u00e0 la plupart des applications, tandis que nos capacit\u00e9s de personnalisation nous permettent de r\u00e9pondre aux exigences les plus pointues.<\/p>","protected":false},"featured_media":33144,"template":"","meta":{"_acf_changed":false,"content-type":"","site-sidebar-layout":"default","site-content-layout":"","ast-site-content-layout":"default","site-content-style":"default","site-sidebar-style":"default","ast-global-header-display":"","ast-banner-title-visibility":"","ast-main-header-display":"","ast-hfb-above-header-display":"","ast-hfb-below-header-display":"","ast-hfb-mobile-header-display":"","site-post-title":"","ast-breadcrumbs-content":"","ast-featured-img":"","footer-sml-layout":"","ast-disable-related-posts":"","theme-transparent-header-meta":"default","adv-header-id-meta":"","stick-header-meta":"","header-above-stick-meta":"","header-main-stick-meta":"","header-below-stick-meta":"","astra-migrate-meta-layouts":"set","ast-page-background-enabled":"default","ast-page-background-meta":{"desktop":{"background-color":"","background-image":"","background-repeat":"repeat","background-position":"center center","background-size":"auto","background-attachment":"scroll","background-type":"","background-media":"","overlay-type":"","overlay-color":"","overlay-opacity":"","overlay-gradient":""},"tablet":{"background-color":"","background-image":"","background-repeat":"repeat","background-position":"center center","background-size":"auto","background-attachment":"scroll","background-type":"","background-media":"","overlay-type":"","overlay-color":"","overlay-opacity":"","overlay-gradient":""},"mobile":{"background-color":"","background-image":"","background-repeat":"repeat","background-position":"center center","background-size":"auto","background-attachment":"scroll","background-type":"","background-media":"","overlay-type":"","overlay-color":"","overlay-opacity":"","overlay-gradient":""}},"ast-content-background-meta":{"desktop":{"background-color":"var(--ast-global-color-5)","background-image":"","background-repeat":"repeat","background-position":"center center","background-size":"auto","background-attachment":"scroll","background-type":"","background-media":"","overlay-type":"","overlay-color":"","overlay-opacity":"","overlay-gradient":""},"tablet":{"background-color":"var(--ast-global-color-5)","background-image":"","background-repeat":"repeat","background-position":"center center","background-size":"auto","background-attachment":"scroll","background-type":"","background-media":"","overlay-type":"","overlay-color":"","overlay-opacity":"","overlay-gradient":""},"mobile":{"background-color":"var(--ast-global-color-5)","background-image":"","background-repeat":"repeat","background-position":"center center","background-size":"auto","background-attachment":"scroll","background-type":"","background-media":"","overlay-type":"","overlay-color":"","overlay-opacity":"","overlay-gradient":""}}},"product_brand":[],"product_cat":[426],"product_tag":[],"class_list":{"0":"post-32838","1":"product","2":"type-product","3":"status-publish","4":"has-post-thumbnail","6":"product_cat-custom-fiber-solutions","7":"desktop-align-left","8":"tablet-align-left","9":"mobile-align-left","10":"ast-product-gallery-layout-horizontal-slider","11":"ast-product-gallery-with-no-image","12":"ast-product-tabs-layout-horizontal","14":"first","15":"instock","16":"shipping-taxable","17":"purchasable","18":"product-type-simple"},"composite_virtual":false,"composite_layout":"","composite_add_to_cart_form_location":"","composite_editable_in_cart":false,"composite_sold_individually_context":"","composite_shop_price_calc":"","composite_components":[],"composite_scenarios":[],"acf":[],"_links":{"self":[{"href":"https:\/\/www.precisionot.com\/fr\/wp-json\/wp\/v2\/product\/32838","targetHints":{"allow":["GET"]}}],"collection":[{"href":"https:\/\/www.precisionot.com\/fr\/wp-json\/wp\/v2\/product"}],"about":[{"href":"https:\/\/www.precisionot.com\/fr\/wp-json\/wp\/v2\/types\/product"}],"version-history":[{"count":2,"href":"https:\/\/www.precisionot.com\/fr\/wp-json\/wp\/v2\/product\/32838\/revisions"}],"predecessor-version":[{"id":33145,"href":"https:\/\/www.precisionot.com\/fr\/wp-json\/wp\/v2\/product\/32838\/revisions\/33145"}],"wp:featuredmedia":[{"embeddable":true,"href":"https:\/\/www.precisionot.com\/fr\/wp-json\/wp\/v2\/media\/33144"}],"wp:attachment":[{"href":"https:\/\/www.precisionot.com\/fr\/wp-json\/wp\/v2\/media?parent=32838"}],"wp:term":[{"taxonomy":"product_brand","embeddable":true,"href":"https:\/\/www.precisionot.com\/fr\/wp-json\/wp\/v2\/product_brand?post=32838"},{"taxonomy":"product_cat","embeddable":true,"href":"https:\/\/www.precisionot.com\/fr\/wp-json\/wp\/v2\/product_cat?post=32838"},{"taxonomy":"product_tag","embeddable":true,"href":"https:\/\/www.precisionot.com\/fr\/wp-json\/wp\/v2\/product_tag?post=32838"}],"curies":[{"name":"wp","href":"https:\/\/api.w.org\/{rel}","templated":true}]}}