{"id":32775,"date":"2025-10-23T15:47:30","date_gmt":"2025-10-23T19:47:30","guid":{"rendered":"https:\/\/www.precisionot.com\/?post_type=product&#038;p=32775"},"modified":"2025-12-05T16:42:07","modified_gmt":"2025-12-05T21:42:07","slug":"pre-qsfp28m-zrht","status":"publish","type":"product","link":"https:\/\/www.precisionot.com\/fr\/product\/pre-qsfp28m-zrht\/","title":{"rendered":"PR\u00c9-QSFP28M-ZRHT"},"content":{"rendered":"<p class=\"p2\">Le PRE-QSFP28M-ZRHT est un \u00e9metteur-r\u00e9cepteur coh\u00e9rent 100G QSFP28 ZR dot\u00e9 d&#039;une accordabilit\u00e9 compl\u00e8te en bande C, d&#039;une puissance de transmission de 0 dBm et d&#039;une port\u00e9e non amplifi\u00e9e jusqu&#039;\u00e0 120 km, id\u00e9al pour les applications 100GE et OTU4 \u00e0 haut d\u00e9bit sur fibre monomode.<\/p>\n<hr \/>\n<p>Le PRE-QSFP28M-ZRHT est un \u00e9metteur-r\u00e9cepteur coh\u00e9rent 100G QSFP28 ZR con\u00e7u pour l&#039;interconnexion des centres de donn\u00e9es, les r\u00e9seaux m\u00e9tropolitains et longue distance, prenant en charge les normes IEEE 802.3-2022 100GBASE-ZR et ITU-T G.709.2 OTN avec conformit\u00e9 CMIS\/C-CMIS et certification RoHS.<\/p>\n<p>&nbsp;<\/p>","protected":false},"excerpt":{"rendered":"<p>Le PRE-QSFP28M-ZRHT est un \u00e9metteur-r\u00e9cepteur coh\u00e9rent 100G QSFP28 ZR con\u00e7u pour l&#039;interconnexion des centres de donn\u00e9es et les r\u00e9seaux m\u00e9tropolitains longue distance, prenant en charge les applications 100GBASE-ZR et OTU4 avec une accordabilit\u00e9 compl\u00e8te en bande C et une conformit\u00e9 CMIS\/C-CMIS.<\/p>\n<hr \/>\n<p class=\"p2\"><strong>QSFP28, ZR, 0 dBm, accordable, bande C, 100 GE\/OTU4, 120 km, SMF\/LC, temp\u00e9rature C, CMIS<\/strong><\/p>","protected":false},"featured_media":32777,"template":"","meta":{"_acf_changed":false,"content-type":"","site-sidebar-layout":"default","site-content-layout":"default","ast-site-content-layout":"default","site-content-style":"default","site-sidebar-style":"default","ast-global-header-display":"","ast-banner-title-visibility":"","ast-main-header-display":"","ast-hfb-above-header-display":"","ast-hfb-below-header-display":"","ast-hfb-mobile-header-display":"","site-post-title":"","ast-breadcrumbs-content":"","ast-featured-img":"","footer-sml-layout":"","ast-disable-related-posts":"","theme-transparent-header-meta":"default","adv-header-id-meta":"","stick-header-meta":"","header-above-stick-meta":"","header-main-stick-meta":"","header-below-stick-meta":"","astra-migrate-meta-layouts":"set","ast-page-background-enabled":"default","ast-page-background-meta":{"desktop":{"background-color":"","background-image":"","background-repeat":"repeat","background-position":"center center","background-size":"auto","background-attachment":"scroll","background-type":"","background-media":"","overlay-type":"","overlay-color":"","overlay-opacity":"","overlay-gradient":""},"tablet":{"background-color":"","background-image":"","background-repeat":"repeat","background-position":"center center","background-size":"auto","background-attachment":"scroll","background-type":"","background-media":"","overlay-type":"","overlay-color":"","overlay-opacity":"","overlay-gradient":""},"mobile":{"background-color":"","background-image":"","background-repeat":"repeat","background-position":"center center","background-size":"auto","background-attachment":"scroll","background-type":"","background-media":"","overlay-type":"","overlay-color":"","overlay-opacity":"","overlay-gradient":""}},"ast-content-background-meta":{"desktop":{"background-color":"var(--ast-global-color-5)","background-image":"","background-repeat":"repeat","background-position":"center center","background-size":"auto","background-attachment":"scroll","background-type":"","background-media":"","overlay-type":"","overlay-color":"","overlay-opacity":"","overlay-gradient":""},"tablet":{"background-color":"var(--ast-global-color-5)","background-image":"","background-repeat":"repeat","background-position":"center center","background-size":"auto","background-attachment":"scroll","background-type":"","background-media":"","overlay-type":"","overlay-color":"","overlay-opacity":"","overlay-gradient":""},"mobile":{"background-color":"var(--ast-global-color-5)","background-image":"","background-repeat":"repeat","background-position":"center center","background-size":"auto","background-attachment":"scroll","background-type":"","background-media":"","overlay-type":"","overlay-color":"","overlay-opacity":"","overlay-gradient":""}}},"product_brand":[],"product_cat":[362,367],"product_tag":[],"class_list":{"0":"post-32775","1":"product","2":"type-product","3":"status-publish","4":"has-post-thumbnail","6":"product_cat-qsfp28-wdm","7":"product_cat-qsfp28-coherent","8":"desktop-align-left","9":"tablet-align-left","10":"mobile-align-left","11":"ast-product-gallery-layout-horizontal-slider","12":"ast-product-gallery-with-no-image","13":"ast-product-tabs-layout-horizontal","15":"first","16":"instock","17":"shipping-taxable","18":"purchasable","19":"product-type-simple"},"composite_virtual":false,"composite_layout":"","composite_add_to_cart_form_location":"","composite_editable_in_cart":false,"composite_sold_individually_context":"","composite_shop_price_calc":"","composite_components":[],"composite_scenarios":[],"acf":[],"_links":{"self":[{"href":"https:\/\/www.precisionot.com\/fr\/wp-json\/wp\/v2\/product\/32775","targetHints":{"allow":["GET"]}}],"collection":[{"href":"https:\/\/www.precisionot.com\/fr\/wp-json\/wp\/v2\/product"}],"about":[{"href":"https:\/\/www.precisionot.com\/fr\/wp-json\/wp\/v2\/types\/product"}],"version-history":[{"count":1,"href":"https:\/\/www.precisionot.com\/fr\/wp-json\/wp\/v2\/product\/32775\/revisions"}],"predecessor-version":[{"id":33402,"href":"https:\/\/www.precisionot.com\/fr\/wp-json\/wp\/v2\/product\/32775\/revisions\/33402"}],"wp:featuredmedia":[{"embeddable":true,"href":"https:\/\/www.precisionot.com\/fr\/wp-json\/wp\/v2\/media\/32777"}],"wp:attachment":[{"href":"https:\/\/www.precisionot.com\/fr\/wp-json\/wp\/v2\/media?parent=32775"}],"wp:term":[{"taxonomy":"product_brand","embeddable":true,"href":"https:\/\/www.precisionot.com\/fr\/wp-json\/wp\/v2\/product_brand?post=32775"},{"taxonomy":"product_cat","embeddable":true,"href":"https:\/\/www.precisionot.com\/fr\/wp-json\/wp\/v2\/product_cat?post=32775"},{"taxonomy":"product_tag","embeddable":true,"href":"https:\/\/www.precisionot.com\/fr\/wp-json\/wp\/v2\/product_tag?post=32775"}],"curies":[{"name":"wp","href":"https:\/\/api.w.org\/{rel}","templated":true}]}}