{"id":32373,"date":"2025-07-04T00:06:08","date_gmt":"2025-07-04T04:06:08","guid":{"rendered":"https:\/\/www.precisionot.com\/?post_type=product&#038;p=32373"},"modified":"2025-11-14T15:22:43","modified_gmt":"2025-11-14T20:22:43","slug":"solution-de-rupture-a-nombre-eleve-de-fibres-xbr","status":"publish","type":"product","link":"https:\/\/www.precisionot.com\/fr\/product\/xbr-high-fiber-count-breakout-solution\/","title":{"rendered":"Solution de d\u00e9rivation \u00e0 nombre \u00e9lev\u00e9 de fibres XBR+"},"content":{"rendered":"<p>Les kits de d\u00e9rivation de la s\u00e9rie XBR sont con\u00e7us pour l&#039;identification, la protection, le routage et la gestion des rubans \u00e0 fibres rondes, enroulables et en toile d&#039;araign\u00e9e, et des rubans plats et ovales \u00e0 fort nombre de fibres des c\u00e2bles \u00e0 densit\u00e9 extr\u00eame. Ils ont \u00e9t\u00e9 d\u00e9velopp\u00e9s pour acheminer plusieurs rubans nus de 12 fibres par groupes de 12 (144 fibres au total) dans des tubes individuels \u00e0 code couleur, prot\u00e9g\u00e9s par un bo\u00eetier de protection. Les faisceaux de fibres prot\u00e9g\u00e9s et \u00e0 code couleur peuvent ensuite \u00eatre achemin\u00e9s vers des plateaux d&#039;\u00e9pissure ou directement raccord\u00e9s \u00e0 des connecteurs MTP\/MPO gr\u00e2ce aux kits de d\u00e9rivation des s\u00e9ries UBK ou UBR.<\/p>","protected":false},"excerpt":{"rendered":"<p><img decoding=\"async\" class=\"alignnone size-medium wp-image-33245\" src=\"https:\/\/www.precisionot.com\/wp-content\/uploads\/Light-Tube-300x36.png\" alt=\"\" width=\"300\" height=\"36\" srcset=\"https:\/\/www.precisionot.com\/wp-content\/uploads\/Light-Tube-300x36.png 300w, https:\/\/www.precisionot.com\/wp-content\/uploads\/Light-Tube-1024x124.png 1024w, https:\/\/www.precisionot.com\/wp-content\/uploads\/Light-Tube-768x93.png 768w, https:\/\/www.precisionot.com\/wp-content\/uploads\/Light-Tube-1536x186.png 1536w, https:\/\/www.precisionot.com\/wp-content\/uploads\/Light-Tube-2048x248.png 2048w, https:\/\/www.precisionot.com\/wp-content\/uploads\/Light-Tube-18x2.png 18w, https:\/\/www.precisionot.com\/wp-content\/uploads\/Light-Tube-600x73.png 600w, https:\/\/www.precisionot.com\/wp-content\/uploads\/Light-Tube-64x8.png 64w\" sizes=\"(max-width: 300px) 100vw, 300px\" \/><\/p>\n<p>Les kits de d\u00e9rivation de la s\u00e9rie XBR sont con\u00e7us pour l&#039;identification, la protection, le routage et la gestion des rubans \u00e0 fibres rondes, enroulables et en toile d&#039;araign\u00e9e, et des rubans plats et ovales \u00e0 fort nombre de fibres des c\u00e2bles \u00e0 densit\u00e9 extr\u00eame. Ils ont \u00e9t\u00e9 d\u00e9velopp\u00e9s pour acheminer plusieurs rubans nus de 12 fibres par groupes de 12 (144 fibres au total) dans des tubes individuels \u00e0 code couleur, prot\u00e9g\u00e9s par un bo\u00eetier de protection. Les faisceaux de fibres prot\u00e9g\u00e9s et \u00e0 code couleur peuvent ensuite \u00eatre achemin\u00e9s vers des plateaux d&#039;\u00e9pissure ou directement raccord\u00e9s \u00e0 des connecteurs MTP\/MPO gr\u00e2ce aux kits de d\u00e9rivation des s\u00e9ries UBK ou UBR.<\/p>","protected":false},"featured_media":33176,"template":"","meta":{"_acf_changed":false,"content-type":"","site-sidebar-layout":"default","site-content-layout":"","ast-site-content-layout":"default","site-content-style":"default","site-sidebar-style":"default","ast-global-header-display":"","ast-banner-title-visibility":"","ast-main-header-display":"","ast-hfb-above-header-display":"","ast-hfb-below-header-display":"","ast-hfb-mobile-header-display":"","site-post-title":"","ast-breadcrumbs-content":"","ast-featured-img":"","footer-sml-layout":"","ast-disable-related-posts":"","theme-transparent-header-meta":"default","adv-header-id-meta":"","stick-header-meta":"","header-above-stick-meta":"","header-main-stick-meta":"","header-below-stick-meta":"","astra-migrate-meta-layouts":"set","ast-page-background-enabled":"default","ast-page-background-meta":{"desktop":{"background-color":"","background-image":"","background-repeat":"repeat","background-position":"center center","background-size":"auto","background-attachment":"scroll","background-type":"","background-media":"","overlay-type":"","overlay-color":"","overlay-opacity":"","overlay-gradient":""},"tablet":{"background-color":"","background-image":"","background-repeat":"repeat","background-position":"center center","background-size":"auto","background-attachment":"scroll","background-type":"","background-media":"","overlay-type":"","overlay-color":"","overlay-opacity":"","overlay-gradient":""},"mobile":{"background-color":"","background-image":"","background-repeat":"repeat","background-position":"center center","background-size":"auto","background-attachment":"scroll","background-type":"","background-media":"","overlay-type":"","overlay-color":"","overlay-opacity":"","overlay-gradient":""}},"ast-content-background-meta":{"desktop":{"background-color":"var(--ast-global-color-5)","background-image":"","background-repeat":"repeat","background-position":"center center","background-size":"auto","background-attachment":"scroll","background-type":"","background-media":"","overlay-type":"","overlay-color":"","overlay-opacity":"","overlay-gradient":""},"tablet":{"background-color":"var(--ast-global-color-5)","background-image":"","background-repeat":"repeat","background-position":"center center","background-size":"auto","background-attachment":"scroll","background-type":"","background-media":"","overlay-type":"","overlay-color":"","overlay-opacity":"","overlay-gradient":""},"mobile":{"background-color":"var(--ast-global-color-5)","background-image":"","background-repeat":"repeat","background-position":"center center","background-size":"auto","background-attachment":"scroll","background-type":"","background-media":"","overlay-type":"","overlay-color":"","overlay-opacity":"","overlay-gradient":""}}},"product_brand":[],"product_cat":[418],"product_tag":[],"class_list":{"0":"post-32373","1":"product","2":"type-product","3":"status-publish","4":"has-post-thumbnail","6":"product_cat-breakout-fanout-solutions","7":"desktop-align-left","8":"tablet-align-left","9":"mobile-align-left","10":"ast-product-gallery-layout-horizontal-slider","11":"ast-product-gallery-with-no-image","12":"ast-product-tabs-layout-horizontal","14":"first","15":"instock","16":"shipping-taxable","17":"purchasable","18":"product-type-simple"},"composite_virtual":false,"composite_layout":"","composite_add_to_cart_form_location":"","composite_editable_in_cart":false,"composite_sold_individually_context":"","composite_shop_price_calc":"","composite_components":[],"composite_scenarios":[],"acf":[],"_links":{"self":[{"href":"https:\/\/www.precisionot.com\/fr\/wp-json\/wp\/v2\/product\/32373","targetHints":{"allow":["GET"]}}],"collection":[{"href":"https:\/\/www.precisionot.com\/fr\/wp-json\/wp\/v2\/product"}],"about":[{"href":"https:\/\/www.precisionot.com\/fr\/wp-json\/wp\/v2\/types\/product"}],"version-history":[{"count":4,"href":"https:\/\/www.precisionot.com\/fr\/wp-json\/wp\/v2\/product\/32373\/revisions"}],"predecessor-version":[{"id":33278,"href":"https:\/\/www.precisionot.com\/fr\/wp-json\/wp\/v2\/product\/32373\/revisions\/33278"}],"wp:featuredmedia":[{"embeddable":true,"href":"https:\/\/www.precisionot.com\/fr\/wp-json\/wp\/v2\/media\/33176"}],"wp:attachment":[{"href":"https:\/\/www.precisionot.com\/fr\/wp-json\/wp\/v2\/media?parent=32373"}],"wp:term":[{"taxonomy":"product_brand","embeddable":true,"href":"https:\/\/www.precisionot.com\/fr\/wp-json\/wp\/v2\/product_brand?post=32373"},{"taxonomy":"product_cat","embeddable":true,"href":"https:\/\/www.precisionot.com\/fr\/wp-json\/wp\/v2\/product_cat?post=32373"},{"taxonomy":"product_tag","embeddable":true,"href":"https:\/\/www.precisionot.com\/fr\/wp-json\/wp\/v2\/product_tag?post=32373"}],"curies":[{"name":"wp","href":"https:\/\/api.w.org\/{rel}","templated":true}]}}