{"id":32364,"date":"2025-07-04T00:01:26","date_gmt":"2025-07-04T04:01:26","guid":{"rendered":"https:\/\/www.precisionot.com\/?post_type=product&#038;p=32364"},"modified":"2026-02-13T13:19:44","modified_gmt":"2026-02-13T18:19:44","slug":"kits-de-derivation-de-la-serie-ubk","status":"publish","type":"product","link":"https:\/\/www.precisionot.com\/fr\/product\/ubk-series-breakout-kits\/","title":{"rendered":"Kits de d\u00e9rivation de la s\u00e9rie UBK"},"content":{"rendered":"<p>Les kits de d\u00e9rivation de la s\u00e9rie UBK sont con\u00e7us pour offrir une solution de terminaison directe pour les c\u00e2bles unitubes \u00e0 nombre \u00e9lev\u00e9 de fibres, ronds ou enroulables, et les connecteurs MTP\/MPO. UBK permet \u00e9galement d&#039;acheminer 12 faisceaux de fibres dans des tubes individuels \u00e0 code couleur, via un bo\u00eetier de protection. Ces faisceaux de fibres prot\u00e9g\u00e9s et \u00e0 code couleur peuvent ensuite \u00eatre achemin\u00e9s vers des plateaux d&#039;\u00e9pissure ou directement termin\u00e9s par des connecteurs MTP\/MPO. Ces kits sont compatibles avec tous les c\u00e2bles de 1 \u00e0 12 faisceaux de fibres, quel que soit le fabricant.<\/p>","protected":false},"excerpt":{"rendered":"<p><img decoding=\"async\" class=\"alignnone size-medium wp-image-33245\" src=\"https:\/\/www.precisionot.com\/wp-content\/uploads\/Light-Tube-300x36.png\" alt=\"\" width=\"300\" height=\"36\" srcset=\"https:\/\/www.precisionot.com\/wp-content\/uploads\/Light-Tube-300x36.png 300w, https:\/\/www.precisionot.com\/wp-content\/uploads\/Light-Tube-1024x124.png 1024w, https:\/\/www.precisionot.com\/wp-content\/uploads\/Light-Tube-768x93.png 768w, https:\/\/www.precisionot.com\/wp-content\/uploads\/Light-Tube-1536x186.png 1536w, https:\/\/www.precisionot.com\/wp-content\/uploads\/Light-Tube-2048x248.png 2048w, https:\/\/www.precisionot.com\/wp-content\/uploads\/Light-Tube-18x2.png 18w, https:\/\/www.precisionot.com\/wp-content\/uploads\/Light-Tube-600x73.png 600w, https:\/\/www.precisionot.com\/wp-content\/uploads\/Light-Tube-64x8.png 64w\" sizes=\"(max-width: 300px) 100vw, 300px\" \/><\/p>\n<p>Les kits de d\u00e9rivation de la s\u00e9rie UBK sont con\u00e7us pour offrir une solution de terminaison directe pour les c\u00e2bles unitubes \u00e0 nombre \u00e9lev\u00e9 de fibres, ronds ou enroulables, et les connecteurs MTP\/MPO. UBK permet \u00e9galement d&#039;acheminer 12 faisceaux de fibres dans des tubes individuels \u00e0 code couleur, via un bo\u00eetier de protection. Ces faisceaux de fibres prot\u00e9g\u00e9s et \u00e0 code couleur peuvent ensuite \u00eatre achemin\u00e9s vers des plateaux d&#039;\u00e9pissure ou directement termin\u00e9s par des connecteurs MTP\/MPO. Ces kits sont compatibles avec tous les c\u00e2bles de 1 \u00e0 12 faisceaux de fibres, quel que soit le fabricant.<\/p>","protected":false},"featured_media":33160,"template":"","meta":{"_acf_changed":false,"content-type":"","site-sidebar-layout":"default","site-content-layout":"","ast-site-content-layout":"default","site-content-style":"default","site-sidebar-style":"default","ast-global-header-display":"","ast-banner-title-visibility":"","ast-main-header-display":"","ast-hfb-above-header-display":"","ast-hfb-below-header-display":"","ast-hfb-mobile-header-display":"","site-post-title":"","ast-breadcrumbs-content":"","ast-featured-img":"","footer-sml-layout":"","ast-disable-related-posts":"","theme-transparent-header-meta":"default","adv-header-id-meta":"","stick-header-meta":"","header-above-stick-meta":"","header-main-stick-meta":"","header-below-stick-meta":"","astra-migrate-meta-layouts":"set","ast-page-background-enabled":"default","ast-page-background-meta":{"desktop":{"background-color":"","background-image":"","background-repeat":"repeat","background-position":"center center","background-size":"auto","background-attachment":"scroll","background-type":"","background-media":"","overlay-type":"","overlay-color":"","overlay-opacity":"","overlay-gradient":""},"tablet":{"background-color":"","background-image":"","background-repeat":"repeat","background-position":"center center","background-size":"auto","background-attachment":"scroll","background-type":"","background-media":"","overlay-type":"","overlay-color":"","overlay-opacity":"","overlay-gradient":""},"mobile":{"background-color":"","background-image":"","background-repeat":"repeat","background-position":"center center","background-size":"auto","background-attachment":"scroll","background-type":"","background-media":"","overlay-type":"","overlay-color":"","overlay-opacity":"","overlay-gradient":""}},"ast-content-background-meta":{"desktop":{"background-color":"var(--ast-global-color-5)","background-image":"","background-repeat":"repeat","background-position":"center center","background-size":"auto","background-attachment":"scroll","background-type":"","background-media":"","overlay-type":"","overlay-color":"","overlay-opacity":"","overlay-gradient":""},"tablet":{"background-color":"var(--ast-global-color-5)","background-image":"","background-repeat":"repeat","background-position":"center center","background-size":"auto","background-attachment":"scroll","background-type":"","background-media":"","overlay-type":"","overlay-color":"","overlay-opacity":"","overlay-gradient":""},"mobile":{"background-color":"var(--ast-global-color-5)","background-image":"","background-repeat":"repeat","background-position":"center center","background-size":"auto","background-attachment":"scroll","background-type":"","background-media":"","overlay-type":"","overlay-color":"","overlay-opacity":"","overlay-gradient":""}}},"product_brand":[],"product_cat":[418],"product_tag":[],"class_list":{"0":"post-32364","1":"product","2":"type-product","3":"status-publish","4":"has-post-thumbnail","6":"product_cat-breakout-fanout-solutions","7":"desktop-align-left","8":"tablet-align-left","9":"mobile-align-left","10":"ast-product-gallery-layout-horizontal-slider","11":"ast-product-gallery-with-no-image","12":"ast-product-tabs-layout-horizontal","14":"first","15":"instock","16":"shipping-taxable","17":"purchasable","18":"product-type-simple"},"composite_virtual":false,"composite_layout":"","composite_add_to_cart_form_location":"","composite_editable_in_cart":false,"composite_sold_individually_context":"","composite_shop_price_calc":"","composite_components":[],"composite_scenarios":[],"acf":[],"_links":{"self":[{"href":"https:\/\/www.precisionot.com\/fr\/wp-json\/wp\/v2\/product\/32364","targetHints":{"allow":["GET"]}}],"collection":[{"href":"https:\/\/www.precisionot.com\/fr\/wp-json\/wp\/v2\/product"}],"about":[{"href":"https:\/\/www.precisionot.com\/fr\/wp-json\/wp\/v2\/types\/product"}],"version-history":[{"count":3,"href":"https:\/\/www.precisionot.com\/fr\/wp-json\/wp\/v2\/product\/32364\/revisions"}],"predecessor-version":[{"id":33574,"href":"https:\/\/www.precisionot.com\/fr\/wp-json\/wp\/v2\/product\/32364\/revisions\/33574"}],"wp:featuredmedia":[{"embeddable":true,"href":"https:\/\/www.precisionot.com\/fr\/wp-json\/wp\/v2\/media\/33160"}],"wp:attachment":[{"href":"https:\/\/www.precisionot.com\/fr\/wp-json\/wp\/v2\/media?parent=32364"}],"wp:term":[{"taxonomy":"product_brand","embeddable":true,"href":"https:\/\/www.precisionot.com\/fr\/wp-json\/wp\/v2\/product_brand?post=32364"},{"taxonomy":"product_cat","embeddable":true,"href":"https:\/\/www.precisionot.com\/fr\/wp-json\/wp\/v2\/product_cat?post=32364"},{"taxonomy":"product_tag","embeddable":true,"href":"https:\/\/www.precisionot.com\/fr\/wp-json\/wp\/v2\/product_tag?post=32364"}],"curies":[{"name":"wp","href":"https:\/\/api.w.org\/{rel}","templated":true}]}}