{"id":32349,"date":"2025-07-03T23:51:59","date_gmt":"2025-07-04T03:51:59","guid":{"rendered":"https:\/\/www.precisionot.com\/?post_type=product&#038;p=32349"},"modified":"2025-11-14T14:53:59","modified_gmt":"2025-11-14T19:53:59","slug":"rupture-du-ruban","status":"publish","type":"product","link":"https:\/\/www.precisionot.com\/fr\/product\/ribbon-breakout\/","title":{"rendered":"D\u00e9roulement du ruban"},"content":{"rendered":"<p>Precision OT propose deux types de gaines de d\u00e9rivation de ruban. Notre gaine de d\u00e9rivation renforc\u00e9e RB1251XX00 pour rubans de 12 fibres \u00e0 fibres tamponn\u00e9es de 250 \u03bcM est disponible en 12 couleurs diff\u00e9rentes. Elle permet de d\u00e9river les rubans de 12 fibres nus vers des gaines \u00e0 code couleur pour la terminaison avec des connecteurs MTP\/MPO 12 fibres. Elle est compos\u00e9e d&#039;un tube int\u00e9rieur pour les fibres ins\u00e9r\u00e9es, d&#039;une couche de fil aramide pour la d\u00e9charge de traction et le sertissage des connecteurs, et d&#039;une gaine PVC \u00e0 code couleur. Une deuxi\u00e8me version, la R120XX00, est \u00e9galement propos\u00e9e pour la d\u00e9rivation, la protection et la gestion des rubans de 12 fibres nus pour la fusion et l&#039;\u00e9pissure m\u00e9canique. Il s&#039;agit d&#039;une construction monotube sans fil aramide ni gaine ext\u00e9rieure.<\/p>","protected":false},"excerpt":{"rendered":"<p><img decoding=\"async\" class=\"alignnone size-medium wp-image-33245\" src=\"https:\/\/www.precisionot.com\/wp-content\/uploads\/Light-Tube-300x36.png\" alt=\"\" width=\"300\" height=\"36\" srcset=\"https:\/\/www.precisionot.com\/wp-content\/uploads\/Light-Tube-300x36.png 300w, https:\/\/www.precisionot.com\/wp-content\/uploads\/Light-Tube-1024x124.png 1024w, https:\/\/www.precisionot.com\/wp-content\/uploads\/Light-Tube-768x93.png 768w, https:\/\/www.precisionot.com\/wp-content\/uploads\/Light-Tube-1536x186.png 1536w, https:\/\/www.precisionot.com\/wp-content\/uploads\/Light-Tube-2048x248.png 2048w, https:\/\/www.precisionot.com\/wp-content\/uploads\/Light-Tube-18x2.png 18w, https:\/\/www.precisionot.com\/wp-content\/uploads\/Light-Tube-600x73.png 600w, https:\/\/www.precisionot.com\/wp-content\/uploads\/Light-Tube-64x8.png 64w\" sizes=\"(max-width: 300px) 100vw, 300px\" \/><\/p>\n<p>Precision OT propose deux types de gaines de d\u00e9rivation de ruban. Notre gaine de d\u00e9rivation renforc\u00e9e RB1251XX00 pour rubans de 12 fibres \u00e0 fibres tamponn\u00e9es de 250 \u03bcM est disponible en 12 couleurs diff\u00e9rentes. Elle permet de d\u00e9river les rubans de 12 fibres nus vers des gaines \u00e0 code couleur pour la terminaison avec des connecteurs MTP\/MPO 12 fibres. Elle est compos\u00e9e d&#039;un tube int\u00e9rieur pour les fibres ins\u00e9r\u00e9es, d&#039;une couche de fil aramide pour la d\u00e9charge de traction et le sertissage des connecteurs, et d&#039;une gaine PVC \u00e0 code couleur. Une deuxi\u00e8me version, la R120XX00, est \u00e9galement propos\u00e9e pour la d\u00e9rivation, la protection et la gestion des rubans de 12 fibres nus pour la fusion et l&#039;\u00e9pissure m\u00e9canique. Il s&#039;agit d&#039;une construction monotube sans fil aramide ni gaine ext\u00e9rieure.<\/p>","protected":false},"featured_media":33041,"template":"","meta":{"_acf_changed":false,"content-type":"","site-sidebar-layout":"default","site-content-layout":"","ast-site-content-layout":"default","site-content-style":"default","site-sidebar-style":"default","ast-global-header-display":"","ast-banner-title-visibility":"","ast-main-header-display":"","ast-hfb-above-header-display":"","ast-hfb-below-header-display":"","ast-hfb-mobile-header-display":"","site-post-title":"","ast-breadcrumbs-content":"","ast-featured-img":"","footer-sml-layout":"","ast-disable-related-posts":"","theme-transparent-header-meta":"default","adv-header-id-meta":"","stick-header-meta":"","header-above-stick-meta":"","header-main-stick-meta":"","header-below-stick-meta":"","astra-migrate-meta-layouts":"set","ast-page-background-enabled":"default","ast-page-background-meta":{"desktop":{"background-color":"","background-image":"","background-repeat":"repeat","background-position":"center center","background-size":"auto","background-attachment":"scroll","background-type":"","background-media":"","overlay-type":"","overlay-color":"","overlay-opacity":"","overlay-gradient":""},"tablet":{"background-color":"","background-image":"","background-repeat":"repeat","background-position":"center center","background-size":"auto","background-attachment":"scroll","background-type":"","background-media":"","overlay-type":"","overlay-color":"","overlay-opacity":"","overlay-gradient":""},"mobile":{"background-color":"","background-image":"","background-repeat":"repeat","background-position":"center center","background-size":"auto","background-attachment":"scroll","background-type":"","background-media":"","overlay-type":"","overlay-color":"","overlay-opacity":"","overlay-gradient":""}},"ast-content-background-meta":{"desktop":{"background-color":"var(--ast-global-color-5)","background-image":"","background-repeat":"repeat","background-position":"center center","background-size":"auto","background-attachment":"scroll","background-type":"","background-media":"","overlay-type":"","overlay-color":"","overlay-opacity":"","overlay-gradient":""},"tablet":{"background-color":"var(--ast-global-color-5)","background-image":"","background-repeat":"repeat","background-position":"center center","background-size":"auto","background-attachment":"scroll","background-type":"","background-media":"","overlay-type":"","overlay-color":"","overlay-opacity":"","overlay-gradient":""},"mobile":{"background-color":"var(--ast-global-color-5)","background-image":"","background-repeat":"repeat","background-position":"center center","background-size":"auto","background-attachment":"scroll","background-type":"","background-media":"","overlay-type":"","overlay-color":"","overlay-opacity":"","overlay-gradient":""}}},"product_brand":[],"product_cat":[417],"product_tag":[],"class_list":{"0":"post-32349","1":"product","2":"type-product","3":"status-publish","4":"has-post-thumbnail","6":"product_cat-furcation-and-breakout-tubing","7":"desktop-align-left","8":"tablet-align-left","9":"mobile-align-left","10":"ast-product-gallery-layout-horizontal-slider","11":"ast-product-gallery-with-no-image","12":"ast-product-tabs-layout-horizontal","14":"first","15":"instock","16":"shipping-taxable","17":"purchasable","18":"product-type-simple"},"composite_virtual":false,"composite_layout":"","composite_add_to_cart_form_location":"","composite_editable_in_cart":false,"composite_sold_individually_context":"","composite_shop_price_calc":"","composite_components":[],"composite_scenarios":[],"acf":[],"_links":{"self":[{"href":"https:\/\/www.precisionot.com\/fr\/wp-json\/wp\/v2\/product\/32349","targetHints":{"allow":["GET"]}}],"collection":[{"href":"https:\/\/www.precisionot.com\/fr\/wp-json\/wp\/v2\/product"}],"about":[{"href":"https:\/\/www.precisionot.com\/fr\/wp-json\/wp\/v2\/types\/product"}],"version-history":[{"count":2,"href":"https:\/\/www.precisionot.com\/fr\/wp-json\/wp\/v2\/product\/32349\/revisions"}],"predecessor-version":[{"id":33271,"href":"https:\/\/www.precisionot.com\/fr\/wp-json\/wp\/v2\/product\/32349\/revisions\/33271"}],"wp:featuredmedia":[{"embeddable":true,"href":"https:\/\/www.precisionot.com\/fr\/wp-json\/wp\/v2\/media\/33041"}],"wp:attachment":[{"href":"https:\/\/www.precisionot.com\/fr\/wp-json\/wp\/v2\/media?parent=32349"}],"wp:term":[{"taxonomy":"product_brand","embeddable":true,"href":"https:\/\/www.precisionot.com\/fr\/wp-json\/wp\/v2\/product_brand?post=32349"},{"taxonomy":"product_cat","embeddable":true,"href":"https:\/\/www.precisionot.com\/fr\/wp-json\/wp\/v2\/product_cat?post=32349"},{"taxonomy":"product_tag","embeddable":true,"href":"https:\/\/www.precisionot.com\/fr\/wp-json\/wp\/v2\/product_tag?post=32349"}],"curies":[{"name":"wp","href":"https:\/\/api.w.org\/{rel}","templated":true}]}}