{"id":32346,"date":"2025-07-03T23:50:58","date_gmt":"2025-07-04T03:50:58","guid":{"rendered":"https:\/\/www.precisionot.com\/?post_type=product&#038;p=32346"},"modified":"2025-11-14T14:49:18","modified_gmt":"2025-11-14T19:49:18","slug":"38-mm","status":"publish","type":"product","link":"https:\/\/www.precisionot.com\/fr\/product\/3-8mm\/","title":{"rendered":"3,8 mm"},"content":{"rendered":"<p>Le tube de d\u00e9rivation de 3,8 mm est un tube simplex ou duplex permettant de d\u00e9river des fibres \u00e0 m\u00e9moire tampon de 250 \u03bcM vers des d\u00e9rivations de 3,8 mm, pour une connexion avec n&#039;importe quel connecteur standard. Il est compos\u00e9 d&#039;un tube int\u00e9rieur pour la fibre ins\u00e9r\u00e9e, d&#039;une couche de fil aramide pour le d\u00e9tachage et le sertissage du connecteur, et d&#039;une gaine \u00e0 code couleur. Les mat\u00e9riaux disponibles incluent le PVC, le PVDF, le TPE, le LSZH (TPO) et le polyur\u00e9thane.<\/p>","protected":false},"excerpt":{"rendered":"<p><img decoding=\"async\" class=\"alignnone size-medium wp-image-33245\" src=\"https:\/\/www.precisionot.com\/wp-content\/uploads\/Light-Tube-300x36.png\" alt=\"\" width=\"300\" height=\"36\" srcset=\"https:\/\/www.precisionot.com\/wp-content\/uploads\/Light-Tube-300x36.png 300w, https:\/\/www.precisionot.com\/wp-content\/uploads\/Light-Tube-1024x124.png 1024w, https:\/\/www.precisionot.com\/wp-content\/uploads\/Light-Tube-768x93.png 768w, https:\/\/www.precisionot.com\/wp-content\/uploads\/Light-Tube-1536x186.png 1536w, https:\/\/www.precisionot.com\/wp-content\/uploads\/Light-Tube-2048x248.png 2048w, https:\/\/www.precisionot.com\/wp-content\/uploads\/Light-Tube-18x2.png 18w, https:\/\/www.precisionot.com\/wp-content\/uploads\/Light-Tube-600x73.png 600w, https:\/\/www.precisionot.com\/wp-content\/uploads\/Light-Tube-64x8.png 64w\" sizes=\"(max-width: 300px) 100vw, 300px\" \/><\/p>\n<p>Le tube de d\u00e9rivation de 3,8 mm est un tube simplex ou duplex permettant de d\u00e9river des fibres \u00e0 m\u00e9moire tampon de 250 \u03bcM vers des d\u00e9rivations de 3,8 mm, pour une connexion avec n&#039;importe quel connecteur standard. Il est compos\u00e9 d&#039;un tube int\u00e9rieur pour la fibre ins\u00e9r\u00e9e, d&#039;une couche de fil aramide pour le d\u00e9tachage et le sertissage du connecteur, et d&#039;une gaine \u00e0 code couleur. Les mat\u00e9riaux disponibles incluent le PVC, le PVDF, le TPE, le LSZH (TPO) et le polyur\u00e9thane.<\/p>","protected":false},"featured_media":33038,"template":"","meta":{"_acf_changed":false,"content-type":"","site-sidebar-layout":"default","site-content-layout":"","ast-site-content-layout":"default","site-content-style":"default","site-sidebar-style":"default","ast-global-header-display":"","ast-banner-title-visibility":"","ast-main-header-display":"","ast-hfb-above-header-display":"","ast-hfb-below-header-display":"","ast-hfb-mobile-header-display":"","site-post-title":"","ast-breadcrumbs-content":"","ast-featured-img":"","footer-sml-layout":"","ast-disable-related-posts":"","theme-transparent-header-meta":"default","adv-header-id-meta":"","stick-header-meta":"","header-above-stick-meta":"","header-main-stick-meta":"","header-below-stick-meta":"","astra-migrate-meta-layouts":"set","ast-page-background-enabled":"default","ast-page-background-meta":{"desktop":{"background-color":"","background-image":"","background-repeat":"repeat","background-position":"center center","background-size":"auto","background-attachment":"scroll","background-type":"","background-media":"","overlay-type":"","overlay-color":"","overlay-opacity":"","overlay-gradient":""},"tablet":{"background-color":"","background-image":"","background-repeat":"repeat","background-position":"center center","background-size":"auto","background-attachment":"scroll","background-type":"","background-media":"","overlay-type":"","overlay-color":"","overlay-opacity":"","overlay-gradient":""},"mobile":{"background-color":"","background-image":"","background-repeat":"repeat","background-position":"center center","background-size":"auto","background-attachment":"scroll","background-type":"","background-media":"","overlay-type":"","overlay-color":"","overlay-opacity":"","overlay-gradient":""}},"ast-content-background-meta":{"desktop":{"background-color":"var(--ast-global-color-5)","background-image":"","background-repeat":"repeat","background-position":"center center","background-size":"auto","background-attachment":"scroll","background-type":"","background-media":"","overlay-type":"","overlay-color":"","overlay-opacity":"","overlay-gradient":""},"tablet":{"background-color":"var(--ast-global-color-5)","background-image":"","background-repeat":"repeat","background-position":"center center","background-size":"auto","background-attachment":"scroll","background-type":"","background-media":"","overlay-type":"","overlay-color":"","overlay-opacity":"","overlay-gradient":""},"mobile":{"background-color":"var(--ast-global-color-5)","background-image":"","background-repeat":"repeat","background-position":"center center","background-size":"auto","background-attachment":"scroll","background-type":"","background-media":"","overlay-type":"","overlay-color":"","overlay-opacity":"","overlay-gradient":""}}},"product_brand":[],"product_cat":[417],"product_tag":[],"class_list":{"0":"post-32346","1":"product","2":"type-product","3":"status-publish","4":"has-post-thumbnail","6":"product_cat-furcation-and-breakout-tubing","7":"desktop-align-left","8":"tablet-align-left","9":"mobile-align-left","10":"ast-product-gallery-layout-horizontal-slider","11":"ast-product-gallery-with-no-image","12":"ast-product-tabs-layout-horizontal","14":"first","15":"instock","16":"shipping-taxable","17":"purchasable","18":"product-type-simple"},"composite_virtual":false,"composite_layout":"","composite_add_to_cart_form_location":"","composite_editable_in_cart":false,"composite_sold_individually_context":"","composite_shop_price_calc":"","composite_components":[],"composite_scenarios":[],"acf":[],"_links":{"self":[{"href":"https:\/\/www.precisionot.com\/fr\/wp-json\/wp\/v2\/product\/32346","targetHints":{"allow":["GET"]}}],"collection":[{"href":"https:\/\/www.precisionot.com\/fr\/wp-json\/wp\/v2\/product"}],"about":[{"href":"https:\/\/www.precisionot.com\/fr\/wp-json\/wp\/v2\/types\/product"}],"version-history":[{"count":1,"href":"https:\/\/www.precisionot.com\/fr\/wp-json\/wp\/v2\/product\/32346\/revisions"}],"predecessor-version":[{"id":33269,"href":"https:\/\/www.precisionot.com\/fr\/wp-json\/wp\/v2\/product\/32346\/revisions\/33269"}],"wp:featuredmedia":[{"embeddable":true,"href":"https:\/\/www.precisionot.com\/fr\/wp-json\/wp\/v2\/media\/33038"}],"wp:attachment":[{"href":"https:\/\/www.precisionot.com\/fr\/wp-json\/wp\/v2\/media?parent=32346"}],"wp:term":[{"taxonomy":"product_brand","embeddable":true,"href":"https:\/\/www.precisionot.com\/fr\/wp-json\/wp\/v2\/product_brand?post=32346"},{"taxonomy":"product_cat","embeddable":true,"href":"https:\/\/www.precisionot.com\/fr\/wp-json\/wp\/v2\/product_cat?post=32346"},{"taxonomy":"product_tag","embeddable":true,"href":"https:\/\/www.precisionot.com\/fr\/wp-json\/wp\/v2\/product_tag?post=32346"}],"curies":[{"name":"wp","href":"https:\/\/api.w.org\/{rel}","templated":true}]}}