{"id":3153,"date":"2020-12-14T11:09:30","date_gmt":"2020-12-14T16:09:30","guid":{"rendered":"https:\/\/www.precisionot.com\/?post_type=product&#038;p=3153"},"modified":"2024-09-20T12:07:04","modified_gmt":"2024-09-20T16:07:04","slug":"pre-qsfp28-cuxxyym","status":"publish","type":"product","link":"https:\/\/www.precisionot.com\/fr\/product\/pre-qsfp28-cuxxyym\/","title":{"rendered":"PRE-QSFP28-CUxxyyM"},"content":{"rendered":"<p>QSFP28, DAC passif, 100G, I-Temp<\/p>\n<p><span class=\"NormalTextRun SCXW236126615 BCX0\">Le c\u00e2ble cuivre passif \u00e0 connexion directe (DAC) QSFP28-CUXXYYM permet une connectivit\u00e9 Ethernet 100G sur des distances allant jusqu&#039;\u00e0 <\/span><span class=\"NormalTextRun SCXW236126615 BCX0\">ouais<\/span><span class=\"NormalTextRun SCXW236126615 BCX0\"> m\u00e8tres utilisant des conducteurs en cuivre xx AWG. Cet assemblage de c\u00e2bles est con\u00e7u pour la transmission de donn\u00e9es \u00e0 haut d\u00e9bit et \u00e0 courte port\u00e9e dans des environnements \u00e0 temp\u00e9rature industrielle (I-Temp), ce qui le rend id\u00e9al pour les centres de donn\u00e9es, les r\u00e9seaux d&#039;entreprise et les applications de t\u00e9l\u00e9communications n\u00e9cessitant des connexions robustes et fiables.<\/span><\/p>\n<hr \/>\n<p><span class=\"NormalTextRun SCXW236126615 BCX0\">Le QSFP28-CUXXYYM offre une solution \u00e9conomique pour les r\u00e9seaux haute densit\u00e9, offrant une faible latence et une faible consommation d&#039;\u00e9nergie. Sa conception plug-and-play permet un d\u00e9ploiement rapide et facile sans n\u00e9cessiter de <\/span><span class=\"NormalTextRun SCXW236126615 BCX0\">suppl\u00e9mentaire<\/span><span class=\"NormalTextRun SCXW236126615 BCX0\"> mat\u00e9riel ou \u00e9metteurs-r\u00e9cepteurs.<\/span><\/p>","protected":false},"excerpt":{"rendered":"<p><span class=\"NormalTextRun SCXW211290534 BCX0\">Le c\u00e2ble DAC passif QSFP28-CUXXYYM prend en charge Ethernet 100G sur cuivre xx AWG jusqu&#039;\u00e0 <\/span><span class=\"NormalTextRun SCXW211290534 BCX0\">ouais<\/span><span class=\"NormalTextRun SCXW211290534 BCX0\"> compteurs, id\u00e9aux pour les environnements de temp\u00e9rature industriels.<\/span><\/p>\n<hr \/>\n<p>QSFP28, DAC passif, 100G, I-Temp<\/p>","protected":false},"featured_media":25859,"template":"","meta":{"_acf_changed":false,"content-type":"","site-sidebar-layout":"default","site-content-layout":"default","ast-site-content-layout":"default","site-content-style":"default","site-sidebar-style":"default","ast-global-header-display":"","ast-banner-title-visibility":"","ast-main-header-display":"","ast-hfb-above-header-display":"","ast-hfb-below-header-display":"","ast-hfb-mobile-header-display":"","site-post-title":"","ast-breadcrumbs-content":"","ast-featured-img":"","footer-sml-layout":"","ast-disable-related-posts":"","theme-transparent-header-meta":"default","adv-header-id-meta":"","stick-header-meta":"","header-above-stick-meta":"","header-main-stick-meta":"","header-below-stick-meta":"","astra-migrate-meta-layouts":"set","ast-page-background-enabled":"default","ast-page-background-meta":{"desktop":{"background-color":"","background-image":"","background-repeat":"repeat","background-position":"center center","background-size":"auto","background-attachment":"scroll","background-type":"","background-media":"","overlay-type":"","overlay-color":"","overlay-opacity":"","overlay-gradient":""},"tablet":{"background-color":"","background-image":"","background-repeat":"repeat","background-position":"center center","background-size":"auto","background-attachment":"scroll","background-type":"","background-media":"","overlay-type":"","overlay-color":"","overlay-opacity":"","overlay-gradient":""},"mobile":{"background-color":"","background-image":"","background-repeat":"repeat","background-position":"center center","background-size":"auto","background-attachment":"scroll","background-type":"","background-media":"","overlay-type":"","overlay-color":"","overlay-opacity":"","overlay-gradient":""}},"ast-content-background-meta":{"desktop":{"background-color":"var(--ast-global-color-5)","background-image":"","background-repeat":"repeat","background-position":"center center","background-size":"auto","background-attachment":"scroll","background-type":"","background-media":"","overlay-type":"","overlay-color":"","overlay-opacity":"","overlay-gradient":""},"tablet":{"background-color":"var(--ast-global-color-5)","background-image":"","background-repeat":"repeat","background-position":"center center","background-size":"auto","background-attachment":"scroll","background-type":"","background-media":"","overlay-type":"","overlay-color":"","overlay-opacity":"","overlay-gradient":""},"mobile":{"background-color":"var(--ast-global-color-5)","background-image":"","background-repeat":"repeat","background-position":"center center","background-size":"auto","background-attachment":"scroll","background-type":"","background-media":"","overlay-type":"","overlay-color":"","overlay-opacity":"","overlay-gradient":""}}},"product_brand":[],"product_cat":[291],"product_tag":[],"class_list":{"0":"post-3153","1":"product","2":"type-product","3":"status-publish","4":"has-post-thumbnail","6":"product_cat-qsfp28-dac-aoc","7":"desktop-align-left","8":"tablet-align-left","9":"mobile-align-left","10":"ast-product-gallery-layout-horizontal-slider","11":"ast-product-gallery-with-no-image","12":"ast-product-tabs-layout-horizontal","14":"first","15":"instock","16":"shipping-taxable","17":"purchasable","18":"product-type-simple"},"composite_virtual":false,"composite_layout":"","composite_add_to_cart_form_location":"","composite_editable_in_cart":false,"composite_sold_individually_context":"","composite_shop_price_calc":"","composite_components":[],"composite_scenarios":[],"acf":[],"_links":{"self":[{"href":"https:\/\/www.precisionot.com\/fr\/wp-json\/wp\/v2\/product\/3153","targetHints":{"allow":["GET"]}}],"collection":[{"href":"https:\/\/www.precisionot.com\/fr\/wp-json\/wp\/v2\/product"}],"about":[{"href":"https:\/\/www.precisionot.com\/fr\/wp-json\/wp\/v2\/types\/product"}],"version-history":[{"count":0,"href":"https:\/\/www.precisionot.com\/fr\/wp-json\/wp\/v2\/product\/3153\/revisions"}],"wp:featuredmedia":[{"embeddable":true,"href":"https:\/\/www.precisionot.com\/fr\/wp-json\/wp\/v2\/media\/25859"}],"wp:attachment":[{"href":"https:\/\/www.precisionot.com\/fr\/wp-json\/wp\/v2\/media?parent=3153"}],"wp:term":[{"taxonomy":"product_brand","embeddable":true,"href":"https:\/\/www.precisionot.com\/fr\/wp-json\/wp\/v2\/product_brand?post=3153"},{"taxonomy":"product_cat","embeddable":true,"href":"https:\/\/www.precisionot.com\/fr\/wp-json\/wp\/v2\/product_cat?post=3153"},{"taxonomy":"product_tag","embeddable":true,"href":"https:\/\/www.precisionot.com\/fr\/wp-json\/wp\/v2\/product_tag?post=3153"}],"curies":[{"name":"wp","href":"https:\/\/api.w.org\/{rel}","templated":true}]}}