{"id":31164,"date":"2025-04-22T16:38:59","date_gmt":"2025-04-22T20:38:59","guid":{"rendered":"https:\/\/www.precisionot.com\/?post_type=product&#038;p=31164"},"modified":"2025-04-22T16:53:12","modified_gmt":"2025-04-22T20:53:12","slug":"pre-sfp56dd-er1","status":"publish","type":"product","link":"https:\/\/www.precisionot.com\/fr\/product\/pre-sfp56dd-er1\/","title":{"rendered":"PR\u00c9-SFP56DD-ER1"},"content":{"rendered":"<p class=\"p2\">Le PRE-SFP56DD-ER1 est un \u00e9metteur-r\u00e9cepteur SFP-DD 100G hautes performances con\u00e7u pour les applications longue port\u00e9e, prenant en charge jusqu&#039;\u00e0 40 km sur fibre monomode (SMF) via un connecteur LC sur la longueur d&#039;onde de 1310 nm, id\u00e9al pour les liaisons \u00e9tendues de centres de donn\u00e9es et de t\u00e9l\u00e9communications.<\/p>\n<hr \/>\n<p class=\"p2\">Le PRE-SFP56DD-ER1 est un \u00e9metteur-r\u00e9cepteur 100G longue port\u00e9e con\u00e7u pour les r\u00e9seaux des fournisseurs de services et conforme \u00e0 la norme Ethernet 100GBASE-ER1. Il est conforme \u00e0 la norme SFP-DD MSA et prend en charge l&#039;interface \u00e9lectrique IEEE 802.3 100GAUI-2 pour des performances haut d\u00e9bit et haute efficacit\u00e9. \u00c9quip\u00e9 d&#039;un laser de classe 1 pour un fonctionnement optique s\u00fbr et certifi\u00e9 RoHS, le PRE-SFP56DD-ER1 est id\u00e9al pour les d\u00e9ploiements de fibre monomode \u00e9tendus n\u00e9cessitant une port\u00e9e allant jusqu&#039;\u00e0 40 km \u00e0 1310 nm.<\/p>","protected":false},"excerpt":{"rendered":"<p class=\"p2\">Le PRE-SFP56DD-ER1 est un \u00e9metteur-r\u00e9cepteur SFP-DD 100G longue port\u00e9e fonctionnant \u00e0 1310 nm sur fibre monomode (SMF), offrant une connectivit\u00e9 jusqu&#039;\u00e0 40 km avec une faible consommation d&#039;\u00e9nergie et une conformit\u00e9 totale avec les normes Ethernet 100GBASE-ER1 et SFP-DD MSA.<\/p>\n<hr \/>\n<p class=\"p2\"><strong>SFP-DD, ER1, 1310 nm, 100 G, 40 km, SMF\/LC<\/strong><\/p>","protected":false},"featured_media":31166,"template":"","meta":{"_acf_changed":false,"content-type":"","site-sidebar-layout":"default","site-content-layout":"default","ast-site-content-layout":"default","site-content-style":"default","site-sidebar-style":"default","ast-global-header-display":"","ast-banner-title-visibility":"","ast-main-header-display":"","ast-hfb-above-header-display":"","ast-hfb-below-header-display":"","ast-hfb-mobile-header-display":"","site-post-title":"","ast-breadcrumbs-content":"","ast-featured-img":"","footer-sml-layout":"","ast-disable-related-posts":"","theme-transparent-header-meta":"default","adv-header-id-meta":"","stick-header-meta":"","header-above-stick-meta":"","header-main-stick-meta":"","header-below-stick-meta":"","astra-migrate-meta-layouts":"set","ast-page-background-enabled":"default","ast-page-background-meta":{"desktop":{"background-color":"","background-image":"","background-repeat":"repeat","background-position":"center center","background-size":"auto","background-attachment":"scroll","background-type":"","background-media":"","overlay-type":"","overlay-color":"","overlay-opacity":"","overlay-gradient":""},"tablet":{"background-color":"","background-image":"","background-repeat":"repeat","background-position":"center center","background-size":"auto","background-attachment":"scroll","background-type":"","background-media":"","overlay-type":"","overlay-color":"","overlay-opacity":"","overlay-gradient":""},"mobile":{"background-color":"","background-image":"","background-repeat":"repeat","background-position":"center center","background-size":"auto","background-attachment":"scroll","background-type":"","background-media":"","overlay-type":"","overlay-color":"","overlay-opacity":"","overlay-gradient":""}},"ast-content-background-meta":{"desktop":{"background-color":"var(--ast-global-color-5)","background-image":"","background-repeat":"repeat","background-position":"center center","background-size":"auto","background-attachment":"scroll","background-type":"","background-media":"","overlay-type":"","overlay-color":"","overlay-opacity":"","overlay-gradient":""},"tablet":{"background-color":"var(--ast-global-color-5)","background-image":"","background-repeat":"repeat","background-position":"center center","background-size":"auto","background-attachment":"scroll","background-type":"","background-media":"","overlay-type":"","overlay-color":"","overlay-opacity":"","overlay-gradient":""},"mobile":{"background-color":"var(--ast-global-color-5)","background-image":"","background-repeat":"repeat","background-position":"center center","background-size":"auto","background-attachment":"scroll","background-type":"","background-media":"","overlay-type":"","overlay-color":"","overlay-opacity":"","overlay-gradient":""}}},"product_brand":[],"product_cat":[359],"product_tag":[357],"class_list":{"0":"post-31164","1":"product","2":"type-product","3":"status-publish","4":"has-post-thumbnail","6":"product_cat-sfpdd-standard","7":"product_tag-new-template","8":"desktop-align-left","9":"tablet-align-left","10":"mobile-align-left","11":"ast-product-gallery-layout-horizontal-slider","12":"ast-product-gallery-with-no-image","13":"ast-product-tabs-layout-horizontal","15":"first","16":"instock","17":"shipping-taxable","18":"purchasable","19":"product-type-simple"},"composite_virtual":false,"composite_layout":"","composite_add_to_cart_form_location":"","composite_editable_in_cart":false,"composite_sold_individually_context":"","composite_shop_price_calc":"","composite_components":[],"composite_scenarios":[],"acf":[],"_links":{"self":[{"href":"https:\/\/www.precisionot.com\/fr\/wp-json\/wp\/v2\/product\/31164","targetHints":{"allow":["GET"]}}],"collection":[{"href":"https:\/\/www.precisionot.com\/fr\/wp-json\/wp\/v2\/product"}],"about":[{"href":"https:\/\/www.precisionot.com\/fr\/wp-json\/wp\/v2\/types\/product"}],"version-history":[{"count":0,"href":"https:\/\/www.precisionot.com\/fr\/wp-json\/wp\/v2\/product\/31164\/revisions"}],"wp:featuredmedia":[{"embeddable":true,"href":"https:\/\/www.precisionot.com\/fr\/wp-json\/wp\/v2\/media\/31166"}],"wp:attachment":[{"href":"https:\/\/www.precisionot.com\/fr\/wp-json\/wp\/v2\/media?parent=31164"}],"wp:term":[{"taxonomy":"product_brand","embeddable":true,"href":"https:\/\/www.precisionot.com\/fr\/wp-json\/wp\/v2\/product_brand?post=31164"},{"taxonomy":"product_cat","embeddable":true,"href":"https:\/\/www.precisionot.com\/fr\/wp-json\/wp\/v2\/product_cat?post=31164"},{"taxonomy":"product_tag","embeddable":true,"href":"https:\/\/www.precisionot.com\/fr\/wp-json\/wp\/v2\/product_tag?post=31164"}],"curies":[{"name":"wp","href":"https:\/\/api.w.org\/{rel}","templated":true}]}}