{"id":30983,"date":"2025-04-08T15:19:16","date_gmt":"2025-04-08T19:19:16","guid":{"rendered":"https:\/\/www.precisionot.com\/?post_type=product&#038;p=30983"},"modified":"2025-04-10T08:10:45","modified_gmt":"2025-04-10T12:10:45","slug":"sur-xgs-olt16si","status":"publish","type":"product","link":"https:\/\/www.precisionot.com\/fr\/product\/op-xgs-olt16si\/","title":{"rendered":"OP-XGS-OLT16SI"},"content":{"rendered":"<p>L&#039;OP-XGS-OLT16SI est une plateforme OLT compacte et r\u00e9sistante aux temp\u00e9ratures de 1 RU, con\u00e7ue pour un acc\u00e8s fibre \u00e9volutif et flexible, prenant en charge jusqu&#039;\u00e0 1\u00a0024 ONT. Elle dispose de 16 ports PON combin\u00e9s permettant la diffusion simultan\u00e9e de GPON et de XGS-PON, ce qui la rend id\u00e9ale pour les mises \u00e0 niveau r\u00e9seau \u00e9volutives. Polyvalente, elle peut \u00eatre d\u00e9ploy\u00e9e dans les centraux t\u00e9l\u00e9phoniques, les centres de donn\u00e9es ou les armoires ext\u00e9rieures. Elle s&#039;int\u00e8gre parfaitement au syst\u00e8me de gestion de r\u00e9seau OpenPath (NMS) pour un provisionnement et une surveillance centralis\u00e9s et efficaces des services.<\/p>\n<hr \/>\n<p>Le Precision OpenPath OP-XGS-OLT16SI est un n\u0153ud d&#039;acc\u00e8s fibre optique compact, r\u00e9sistant aux hautes temp\u00e9ratures et d\u00e9fini par logiciel, con\u00e7u pour les d\u00e9ploiements de r\u00e9seaux de nouvelle g\u00e9n\u00e9ration. Prenant en charge les technologies GPON et XGS-PON, il permet la fourniture de services haut d\u00e9bit pour les applications r\u00e9sidentielles, professionnelles et d&#039;entreprise. \u00c9quip\u00e9 du chipset Broadcom BCM68650, l&#039;OP-XGS-OLT16SI allie haute capacit\u00e9, \u00e9volutivit\u00e9 et efficacit\u00e9 \u00e9nerg\u00e9tique, offrant une fiabilit\u00e9 et des performances op\u00e9rationnelles exceptionnelles dans divers environnements de d\u00e9ploiement.<\/p>","protected":false},"excerpt":{"rendered":"<p>L&#039;OP-XGS-OLT16SI est un n\u0153ud d&#039;acc\u00e8s fibre 1RU compact, r\u00e9sistant aux temp\u00e9ratures \u00e9lev\u00e9es et haute capacit\u00e9, prenant en charge la transmission simultan\u00e9e de GPON et de XGS-PON sur 16 ports Combo PON. \u00c9quip\u00e9 du chipset Broadcom BCM68650, il offre des performances \u00e9volutives, un d\u00e9ploiement flexible et une int\u00e9gration transparente avec le syst\u00e8me de gestion de r\u00e9seau OpenPath (NMS) pour les r\u00e9seaux fibre optique de nouvelle g\u00e9n\u00e9ration.<\/p>","protected":false},"featured_media":30991,"template":"","meta":{"_acf_changed":false,"content-type":"","site-sidebar-layout":"default","site-content-layout":"","ast-site-content-layout":"default","site-content-style":"default","site-sidebar-style":"default","ast-global-header-display":"","ast-banner-title-visibility":"","ast-main-header-display":"","ast-hfb-above-header-display":"","ast-hfb-below-header-display":"","ast-hfb-mobile-header-display":"","site-post-title":"","ast-breadcrumbs-content":"","ast-featured-img":"","footer-sml-layout":"","ast-disable-related-posts":"","theme-transparent-header-meta":"default","adv-header-id-meta":"","stick-header-meta":"","header-above-stick-meta":"","header-main-stick-meta":"","header-below-stick-meta":"","astra-migrate-meta-layouts":"set","ast-page-background-enabled":"default","ast-page-background-meta":{"desktop":{"background-color":"","background-image":"","background-repeat":"repeat","background-position":"center center","background-size":"auto","background-attachment":"scroll","background-type":"","background-media":"","overlay-type":"","overlay-color":"","overlay-opacity":"","overlay-gradient":""},"tablet":{"background-color":"","background-image":"","background-repeat":"repeat","background-position":"center center","background-size":"auto","background-attachment":"scroll","background-type":"","background-media":"","overlay-type":"","overlay-color":"","overlay-opacity":"","overlay-gradient":""},"mobile":{"background-color":"","background-image":"","background-repeat":"repeat","background-position":"center center","background-size":"auto","background-attachment":"scroll","background-type":"","background-media":"","overlay-type":"","overlay-color":"","overlay-opacity":"","overlay-gradient":""}},"ast-content-background-meta":{"desktop":{"background-color":"var(--ast-global-color-5)","background-image":"","background-repeat":"repeat","background-position":"center center","background-size":"auto","background-attachment":"scroll","background-type":"","background-media":"","overlay-type":"","overlay-color":"","overlay-opacity":"","overlay-gradient":""},"tablet":{"background-color":"var(--ast-global-color-5)","background-image":"","background-repeat":"repeat","background-position":"center center","background-size":"auto","background-attachment":"scroll","background-type":"","background-media":"","overlay-type":"","overlay-color":"","overlay-opacity":"","overlay-gradient":""},"mobile":{"background-color":"var(--ast-global-color-5)","background-image":"","background-repeat":"repeat","background-position":"center center","background-size":"auto","background-attachment":"scroll","background-type":"","background-media":"","overlay-type":"","overlay-color":"","overlay-opacity":"","overlay-gradient":""}}},"product_brand":[],"product_cat":[342],"product_tag":[],"class_list":{"0":"post-30983","1":"product","2":"type-product","3":"status-publish","4":"has-post-thumbnail","6":"product_cat-openpath-pon","7":"desktop-align-left","8":"tablet-align-left","9":"mobile-align-left","10":"ast-product-gallery-layout-horizontal-slider","11":"ast-product-gallery-with-no-image","12":"ast-product-tabs-layout-horizontal","14":"first","15":"instock","16":"shipping-taxable","17":"purchasable","18":"product-type-simple"},"composite_virtual":false,"composite_layout":"","composite_add_to_cart_form_location":"","composite_editable_in_cart":false,"composite_sold_individually_context":"","composite_shop_price_calc":"","composite_components":[],"composite_scenarios":[],"acf":[],"_links":{"self":[{"href":"https:\/\/www.precisionot.com\/fr\/wp-json\/wp\/v2\/product\/30983","targetHints":{"allow":["GET"]}}],"collection":[{"href":"https:\/\/www.precisionot.com\/fr\/wp-json\/wp\/v2\/product"}],"about":[{"href":"https:\/\/www.precisionot.com\/fr\/wp-json\/wp\/v2\/types\/product"}],"version-history":[{"count":0,"href":"https:\/\/www.precisionot.com\/fr\/wp-json\/wp\/v2\/product\/30983\/revisions"}],"wp:featuredmedia":[{"embeddable":true,"href":"https:\/\/www.precisionot.com\/fr\/wp-json\/wp\/v2\/media\/30991"}],"wp:attachment":[{"href":"https:\/\/www.precisionot.com\/fr\/wp-json\/wp\/v2\/media?parent=30983"}],"wp:term":[{"taxonomy":"product_brand","embeddable":true,"href":"https:\/\/www.precisionot.com\/fr\/wp-json\/wp\/v2\/product_brand?post=30983"},{"taxonomy":"product_cat","embeddable":true,"href":"https:\/\/www.precisionot.com\/fr\/wp-json\/wp\/v2\/product_cat?post=30983"},{"taxonomy":"product_tag","embeddable":true,"href":"https:\/\/www.precisionot.com\/fr\/wp-json\/wp\/v2\/product_tag?post=30983"}],"curies":[{"name":"wp","href":"https:\/\/api.w.org\/{rel}","templated":true}]}}