{"id":30785,"date":"2025-03-25T08:23:49","date_gmt":"2025-03-25T12:23:49","guid":{"rendered":"https:\/\/www.precisionot.com\/?post_type=product&#038;p=30785"},"modified":"2025-03-25T08:45:30","modified_gmt":"2025-03-25T12:45:30","slug":"pre-sfp10g-xgtb-n2i-2","status":"publish","type":"product","link":"https:\/\/www.precisionot.com\/fr\/product\/pre-sfp10g-xgtb-n2i-2\/","title":{"rendered":"PR\u00c9-SFP10G-XGTB-N2I+"},"content":{"rendered":"<p>Le PRE-SFP10G-XGTB-N2I+ est un \u00e9metteur-r\u00e9cepteur OLT XGS-PON hautes performances, con\u00e7u pour des d\u00e9bits sym\u00e9triques de 9,953 Gbit\/s sur des longueurs d&#039;onde de 1577\/1270 nm. Il est \u00e9quip\u00e9 d&#039;un \u00e9metteur laser EML et d&#039;un r\u00e9cepteur APD en mode rafale pour des communications montantes et descendantes fiables. Dot\u00e9 d&#039;un connecteur SC\/UPC, d&#039;une surveillance DDM\/RSSI et d&#039;un indice I-Temp, il assure un fonctionnement robuste dans les environnements exigeants. Des versions conformes BEAD\/BABA sont disponibles, ce qui le rend id\u00e9al pour les projets d&#039;extension du haut d\u00e9bit.<\/p>\n<hr \/>\n<p>Le PRE-SFP10G-XGTB-N2I+ est un \u00e9metteur-r\u00e9cepteur OLT XGS-PON hautes performances con\u00e7u pour les r\u00e9seaux FTTH (fibre optique jusqu&#039;au domicile). Il prend en charge les d\u00e9bits sym\u00e9triques 10G et est conforme \u00e0 la norme ITU-T G.9807.1 Classe N2, garantissant une interop\u00e9rabilit\u00e9 transparente avec l&#039;infrastructure XGS-PON. Con\u00e7u pour les applications OLT, il offre un acc\u00e8s haut d\u00e9bit fiable. De plus, ce module est conforme \u00e0 la directive RoHS, respectant ainsi les normes environnementales et de s\u00e9curit\u00e9 pour des d\u00e9ploiements de r\u00e9seaux durables.<\/p>","protected":false},"excerpt":{"rendered":"<p class=\"p2\">Le PRE-SFP10G-XGTB-N2I+ est un \u00e9metteur-r\u00e9cepteur OLT XGS-PON hautes performances, prenant en charge des d\u00e9bits de donn\u00e9es sym\u00e9triques de 9,953 Gbit\/s, la conformit\u00e9 ITU-T G.9807.1 Classe N2 et un fonctionnement \u00e0 temp\u00e9rature industrielle, ce qui le rend id\u00e9al pour les d\u00e9ploiements FTTH et les r\u00e9seaux haut d\u00e9bit de nouvelle g\u00e9n\u00e9ration.<\/p>\n<hr \/>\n<p class=\"p2\"><strong>SFP+, XGS-PON OLT, N2I+, SMF\/SC, I-Temp<\/strong><\/p>","protected":false},"featured_media":30787,"template":"","meta":{"_acf_changed":false,"content-type":"","site-sidebar-layout":"default","site-content-layout":"default","ast-site-content-layout":"default","site-content-style":"default","site-sidebar-style":"default","ast-global-header-display":"","ast-banner-title-visibility":"","ast-main-header-display":"","ast-hfb-above-header-display":"","ast-hfb-below-header-display":"","ast-hfb-mobile-header-display":"","site-post-title":"","ast-breadcrumbs-content":"","ast-featured-img":"","footer-sml-layout":"","ast-disable-related-posts":"","theme-transparent-header-meta":"default","adv-header-id-meta":"","stick-header-meta":"","header-above-stick-meta":"","header-main-stick-meta":"","header-below-stick-meta":"","astra-migrate-meta-layouts":"set","ast-page-background-enabled":"default","ast-page-background-meta":{"desktop":{"background-color":"","background-image":"","background-repeat":"repeat","background-position":"center center","background-size":"auto","background-attachment":"scroll","background-type":"","background-media":"","overlay-type":"","overlay-color":"","overlay-opacity":"","overlay-gradient":""},"tablet":{"background-color":"","background-image":"","background-repeat":"repeat","background-position":"center center","background-size":"auto","background-attachment":"scroll","background-type":"","background-media":"","overlay-type":"","overlay-color":"","overlay-opacity":"","overlay-gradient":""},"mobile":{"background-color":"","background-image":"","background-repeat":"repeat","background-position":"center center","background-size":"auto","background-attachment":"scroll","background-type":"","background-media":"","overlay-type":"","overlay-color":"","overlay-opacity":"","overlay-gradient":""}},"ast-content-background-meta":{"desktop":{"background-color":"var(--ast-global-color-5)","background-image":"","background-repeat":"repeat","background-position":"center center","background-size":"auto","background-attachment":"scroll","background-type":"","background-media":"","overlay-type":"","overlay-color":"","overlay-opacity":"","overlay-gradient":""},"tablet":{"background-color":"var(--ast-global-color-5)","background-image":"","background-repeat":"repeat","background-position":"center center","background-size":"auto","background-attachment":"scroll","background-type":"","background-media":"","overlay-type":"","overlay-color":"","overlay-opacity":"","overlay-gradient":""},"mobile":{"background-color":"var(--ast-global-color-5)","background-image":"","background-repeat":"repeat","background-position":"center center","background-size":"auto","background-attachment":"scroll","background-type":"","background-media":"","overlay-type":"","overlay-color":"","overlay-opacity":"","overlay-gradient":""}}},"product_brand":[],"product_cat":[327],"product_tag":[],"class_list":{"0":"post-30785","1":"product","2":"type-product","3":"status-publish","4":"has-post-thumbnail","6":"product_cat-xgspon","7":"desktop-align-left","8":"tablet-align-left","9":"mobile-align-left","10":"ast-product-gallery-layout-horizontal-slider","11":"ast-product-gallery-with-no-image","12":"ast-product-tabs-layout-horizontal","14":"first","15":"instock","16":"shipping-taxable","17":"purchasable","18":"product-type-simple"},"composite_virtual":false,"composite_layout":"","composite_add_to_cart_form_location":"","composite_editable_in_cart":false,"composite_sold_individually_context":"","composite_shop_price_calc":"","composite_components":[],"composite_scenarios":[],"acf":[],"_links":{"self":[{"href":"https:\/\/www.precisionot.com\/fr\/wp-json\/wp\/v2\/product\/30785","targetHints":{"allow":["GET"]}}],"collection":[{"href":"https:\/\/www.precisionot.com\/fr\/wp-json\/wp\/v2\/product"}],"about":[{"href":"https:\/\/www.precisionot.com\/fr\/wp-json\/wp\/v2\/types\/product"}],"version-history":[{"count":0,"href":"https:\/\/www.precisionot.com\/fr\/wp-json\/wp\/v2\/product\/30785\/revisions"}],"wp:featuredmedia":[{"embeddable":true,"href":"https:\/\/www.precisionot.com\/fr\/wp-json\/wp\/v2\/media\/30787"}],"wp:attachment":[{"href":"https:\/\/www.precisionot.com\/fr\/wp-json\/wp\/v2\/media?parent=30785"}],"wp:term":[{"taxonomy":"product_brand","embeddable":true,"href":"https:\/\/www.precisionot.com\/fr\/wp-json\/wp\/v2\/product_brand?post=30785"},{"taxonomy":"product_cat","embeddable":true,"href":"https:\/\/www.precisionot.com\/fr\/wp-json\/wp\/v2\/product_cat?post=30785"},{"taxonomy":"product_tag","embeddable":true,"href":"https:\/\/www.precisionot.com\/fr\/wp-json\/wp\/v2\/product_tag?post=30785"}],"curies":[{"name":"wp","href":"https:\/\/api.w.org\/{rel}","templated":true}]}}