{"id":29475,"date":"2024-11-15T14:23:14","date_gmt":"2024-11-15T19:23:14","guid":{"rendered":"https:\/\/www.precisionot.com\/?post_type=product&#038;p=29475"},"modified":"2025-04-09T15:33:25","modified_gmt":"2025-04-09T19:33:25","slug":"pre-qsfp28-zri","status":"publish","type":"product","link":"https:\/\/www.precisionot.com\/fr\/product\/pre-qsfp28-zri\/","title":{"rendered":"TQSFP28-ZR(I)"},"content":{"rendered":"<p>Le TQSFP28-ZR(I) est un module \u00e9metteur-r\u00e9cepteur optique QSFP28 r\u00e9glable con\u00e7u pour les applications Ethernet 100G. Fonctionnant dans la bande C avec la technologie DWDM, cet \u00e9metteur-r\u00e9cepteur offre une s\u00e9lection de longueur d&#039;onde flexible pour les r\u00e9seaux \u00e0 haute capacit\u00e9.<\/p>\n<hr \/>\n<p>Avec une port\u00e9e allant jusqu&#039;\u00e0 80 kilom\u00e8tres sur fibre monomode (SMF) et un connecteur duplex LC, le TQSFP28-ZR est optimis\u00e9 pour les r\u00e9seaux longue distance et m\u00e9tropolitains. Enti\u00e8rement conforme \u00e0 la norme SFF-8636, ce module garantit une connectivit\u00e9 fiable et performante. Sa conception r\u00e9glable et \u00e9changeable \u00e0 chaud permet une int\u00e9gration ou un remplacement transparent sans interruption du r\u00e9seau.<\/p>","protected":false},"excerpt":{"rendered":"<p><span data-teams=\"true\">L&#039;\u00e9metteur-r\u00e9cepteur TQSFP28-ZR(I) prend en charge Ethernet 100G sur fibre monomode avec une port\u00e9e allant jusqu&#039;\u00e0 80 kilom\u00e8tres \u00e0 l&#039;aide de la technologie DWDM r\u00e9glable en bande C, conforme \u00e0 la norme SFF-8636.<\/span><\/p>\n<hr \/>\n<p class=\"p2\"><strong>QSFP28, ZR, -8 dBm, accordable, bande C, 100 G, 80 km, SMF\/LC, SFF-8636<\/strong><\/p>","protected":false},"featured_media":29492,"template":"","meta":{"_acf_changed":false,"content-type":"","site-sidebar-layout":"default","site-content-layout":"default","ast-site-content-layout":"default","site-content-style":"default","site-sidebar-style":"default","ast-global-header-display":"","ast-banner-title-visibility":"","ast-main-header-display":"","ast-hfb-above-header-display":"","ast-hfb-below-header-display":"","ast-hfb-mobile-header-display":"","site-post-title":"","ast-breadcrumbs-content":"","ast-featured-img":"","footer-sml-layout":"","ast-disable-related-posts":"","theme-transparent-header-meta":"default","adv-header-id-meta":"","stick-header-meta":"","header-above-stick-meta":"","header-main-stick-meta":"","header-below-stick-meta":"","astra-migrate-meta-layouts":"set","ast-page-background-enabled":"default","ast-page-background-meta":{"desktop":{"background-color":"","background-image":"","background-repeat":"repeat","background-position":"center center","background-size":"auto","background-attachment":"scroll","background-type":"","background-media":"","overlay-type":"","overlay-color":"","overlay-opacity":"","overlay-gradient":""},"tablet":{"background-color":"","background-image":"","background-repeat":"repeat","background-position":"center center","background-size":"auto","background-attachment":"scroll","background-type":"","background-media":"","overlay-type":"","overlay-color":"","overlay-opacity":"","overlay-gradient":""},"mobile":{"background-color":"","background-image":"","background-repeat":"repeat","background-position":"center center","background-size":"auto","background-attachment":"scroll","background-type":"","background-media":"","overlay-type":"","overlay-color":"","overlay-opacity":"","overlay-gradient":""}},"ast-content-background-meta":{"desktop":{"background-color":"var(--ast-global-color-5)","background-image":"","background-repeat":"repeat","background-position":"center center","background-size":"auto","background-attachment":"scroll","background-type":"","background-media":"","overlay-type":"","overlay-color":"","overlay-opacity":"","overlay-gradient":""},"tablet":{"background-color":"var(--ast-global-color-5)","background-image":"","background-repeat":"repeat","background-position":"center center","background-size":"auto","background-attachment":"scroll","background-type":"","background-media":"","overlay-type":"","overlay-color":"","overlay-opacity":"","overlay-gradient":""},"mobile":{"background-color":"var(--ast-global-color-5)","background-image":"","background-repeat":"repeat","background-position":"center center","background-size":"auto","background-attachment":"scroll","background-type":"","background-media":"","overlay-type":"","overlay-color":"","overlay-opacity":"","overlay-gradient":""}}},"product_brand":[],"product_cat":[362,367],"product_tag":[357],"class_list":{"0":"post-29475","1":"product","2":"type-product","3":"status-publish","4":"has-post-thumbnail","6":"product_cat-qsfp28-wdm","7":"product_cat-qsfp28-coherent","8":"product_tag-new-template","9":"desktop-align-left","10":"tablet-align-left","11":"mobile-align-left","12":"ast-product-gallery-layout-horizontal-slider","13":"ast-product-gallery-with-no-image","14":"ast-product-tabs-layout-horizontal","16":"first","17":"instock","18":"shipping-taxable","19":"purchasable","20":"product-type-simple"},"composite_virtual":false,"composite_layout":"","composite_add_to_cart_form_location":"","composite_editable_in_cart":false,"composite_sold_individually_context":"","composite_shop_price_calc":"","composite_components":[],"composite_scenarios":[],"acf":[],"_links":{"self":[{"href":"https:\/\/www.precisionot.com\/fr\/wp-json\/wp\/v2\/product\/29475","targetHints":{"allow":["GET"]}}],"collection":[{"href":"https:\/\/www.precisionot.com\/fr\/wp-json\/wp\/v2\/product"}],"about":[{"href":"https:\/\/www.precisionot.com\/fr\/wp-json\/wp\/v2\/types\/product"}],"version-history":[{"count":0,"href":"https:\/\/www.precisionot.com\/fr\/wp-json\/wp\/v2\/product\/29475\/revisions"}],"wp:featuredmedia":[{"embeddable":true,"href":"https:\/\/www.precisionot.com\/fr\/wp-json\/wp\/v2\/media\/29492"}],"wp:attachment":[{"href":"https:\/\/www.precisionot.com\/fr\/wp-json\/wp\/v2\/media?parent=29475"}],"wp:term":[{"taxonomy":"product_brand","embeddable":true,"href":"https:\/\/www.precisionot.com\/fr\/wp-json\/wp\/v2\/product_brand?post=29475"},{"taxonomy":"product_cat","embeddable":true,"href":"https:\/\/www.precisionot.com\/fr\/wp-json\/wp\/v2\/product_cat?post=29475"},{"taxonomy":"product_tag","embeddable":true,"href":"https:\/\/www.precisionot.com\/fr\/wp-json\/wp\/v2\/product_tag?post=29475"}],"curies":[{"name":"wp","href":"https:\/\/api.w.org\/{rel}","templated":true}]}}