{"id":29243,"date":"2024-11-01T13:38:20","date_gmt":"2024-11-01T17:38:20","guid":{"rendered":"https:\/\/www.precisionot.com\/?post_type=product&#038;p=29243"},"modified":"2024-12-11T11:32:09","modified_gmt":"2024-12-11T16:32:09","slug":"tsfp-nbx-120","status":"publish","type":"product","link":"https:\/\/www.precisionot.com\/fr\/product\/tsfp-nbx-120\/","title":{"rendered":"TSFP-NBx-120"},"content":{"rendered":"<p class=\"p2\">Le module \u00e9metteur-r\u00e9cepteur optique TSFP-NBx-120 est un SFP r\u00e9glable con\u00e7u pour les applications Ethernet 1G. Fonctionnant dans la bande DWDM \u00e9troite (canaux ITU 20 \u00e0 60), cet \u00e9metteur-r\u00e9cepteur permet une s\u00e9lection flexible de la longueur d&#039;onde pour les r\u00e9seaux \u00e0 haute capacit\u00e9.<\/p>\n<hr \/>\n<p class=\"p2\">Avec une port\u00e9e allant jusqu&#039;\u00e0 120 kilom\u00e8tres sur fibre monomode (SMF) et un connecteur duplex LC, le TSFP-NBx-120 est optimis\u00e9 pour les d\u00e9ploiements de r\u00e9seaux longue distance et m\u00e9tropolitains. Sa conception r\u00e9glable garantit une allocation efficace des longueurs d&#039;onde, tandis que son format SFP compact et sa capacit\u00e9 d&#039;\u00e9change \u00e0 chaud permettent une int\u00e9gration ou un remplacement transparent sans perturber les op\u00e9rations du r\u00e9seau.<\/p>","protected":false},"excerpt":{"rendered":"<p class=\"p2\"><span class=\"s2\">L&#039;\u00e9metteur-r\u00e9cepteur TSFP-NBx-120 prend en charge Ethernet 1G sur fibre monomode avec une port\u00e9e allant jusqu&#039;\u00e0 120 kilom\u00e8tres \u00e0 l&#039;aide de la technologie r\u00e9glable \u00e0 bande \u00e9troite DWDM.<\/span><\/p>\n<hr \/>\n<p class=\"p2\"><strong><span class=\"s2\">SFP, DWDM r\u00e9glable, <\/span>Bande \u00e9troite (ITU 20 \u2013 60), 1G, 120 km, SMF\/LC<\/strong><\/p>","protected":false},"featured_media":29245,"template":"","meta":{"_acf_changed":false,"content-type":"","site-sidebar-layout":"default","site-content-layout":"default","ast-site-content-layout":"default","site-content-style":"default","site-sidebar-style":"default","ast-global-header-display":"","ast-banner-title-visibility":"","ast-main-header-display":"","ast-hfb-above-header-display":"","ast-hfb-below-header-display":"","ast-hfb-mobile-header-display":"","site-post-title":"","ast-breadcrumbs-content":"","ast-featured-img":"","footer-sml-layout":"","ast-disable-related-posts":"","theme-transparent-header-meta":"default","adv-header-id-meta":"","stick-header-meta":"","header-above-stick-meta":"","header-main-stick-meta":"","header-below-stick-meta":"","astra-migrate-meta-layouts":"set","ast-page-background-enabled":"default","ast-page-background-meta":{"desktop":{"background-color":"","background-image":"","background-repeat":"repeat","background-position":"center center","background-size":"auto","background-attachment":"scroll","background-type":"","background-media":"","overlay-type":"","overlay-color":"","overlay-opacity":"","overlay-gradient":""},"tablet":{"background-color":"","background-image":"","background-repeat":"repeat","background-position":"center center","background-size":"auto","background-attachment":"scroll","background-type":"","background-media":"","overlay-type":"","overlay-color":"","overlay-opacity":"","overlay-gradient":""},"mobile":{"background-color":"","background-image":"","background-repeat":"repeat","background-position":"center center","background-size":"auto","background-attachment":"scroll","background-type":"","background-media":"","overlay-type":"","overlay-color":"","overlay-opacity":"","overlay-gradient":""}},"ast-content-background-meta":{"desktop":{"background-color":"var(--ast-global-color-5)","background-image":"","background-repeat":"repeat","background-position":"center center","background-size":"auto","background-attachment":"scroll","background-type":"","background-media":"","overlay-type":"","overlay-color":"","overlay-opacity":"","overlay-gradient":""},"tablet":{"background-color":"var(--ast-global-color-5)","background-image":"","background-repeat":"repeat","background-position":"center center","background-size":"auto","background-attachment":"scroll","background-type":"","background-media":"","overlay-type":"","overlay-color":"","overlay-opacity":"","overlay-gradient":""},"mobile":{"background-color":"var(--ast-global-color-5)","background-image":"","background-repeat":"repeat","background-position":"center center","background-size":"auto","background-attachment":"scroll","background-type":"","background-media":"","overlay-type":"","overlay-color":"","overlay-opacity":"","overlay-gradient":""}}},"product_brand":[],"product_cat":[323,365],"product_tag":[],"class_list":{"0":"post-29243","1":"product","2":"type-product","3":"status-publish","4":"has-post-thumbnail","6":"product_cat-sfp-dwdm","7":"product_cat-tunablesfp","8":"desktop-align-left","9":"tablet-align-left","10":"mobile-align-left","11":"ast-product-gallery-layout-horizontal-slider","12":"ast-product-gallery-with-no-image","13":"ast-product-tabs-layout-horizontal","15":"first","16":"instock","17":"shipping-taxable","18":"purchasable","19":"product-type-simple"},"composite_virtual":false,"composite_layout":"","composite_add_to_cart_form_location":"","composite_editable_in_cart":false,"composite_sold_individually_context":"","composite_shop_price_calc":"","composite_components":[],"composite_scenarios":[],"acf":[],"_links":{"self":[{"href":"https:\/\/www.precisionot.com\/fr\/wp-json\/wp\/v2\/product\/29243","targetHints":{"allow":["GET"]}}],"collection":[{"href":"https:\/\/www.precisionot.com\/fr\/wp-json\/wp\/v2\/product"}],"about":[{"href":"https:\/\/www.precisionot.com\/fr\/wp-json\/wp\/v2\/types\/product"}],"version-history":[{"count":0,"href":"https:\/\/www.precisionot.com\/fr\/wp-json\/wp\/v2\/product\/29243\/revisions"}],"wp:featuredmedia":[{"embeddable":true,"href":"https:\/\/www.precisionot.com\/fr\/wp-json\/wp\/v2\/media\/29245"}],"wp:attachment":[{"href":"https:\/\/www.precisionot.com\/fr\/wp-json\/wp\/v2\/media?parent=29243"}],"wp:term":[{"taxonomy":"product_brand","embeddable":true,"href":"https:\/\/www.precisionot.com\/fr\/wp-json\/wp\/v2\/product_brand?post=29243"},{"taxonomy":"product_cat","embeddable":true,"href":"https:\/\/www.precisionot.com\/fr\/wp-json\/wp\/v2\/product_cat?post=29243"},{"taxonomy":"product_tag","embeddable":true,"href":"https:\/\/www.precisionot.com\/fr\/wp-json\/wp\/v2\/product_tag?post=29243"}],"curies":[{"name":"wp","href":"https:\/\/api.w.org\/{rel}","templated":true}]}}