{"id":2913,"date":"2020-12-09T22:44:50","date_gmt":"2020-12-10T03:44:50","guid":{"rendered":"https:\/\/www.precisionot.com\/?post_type=product&#038;p=2913"},"modified":"2024-10-28T10:58:50","modified_gmt":"2024-10-28T14:58:50","slug":"pre-sfp-dxx-160","status":"publish","type":"product","link":"https:\/\/www.precisionot.com\/fr\/product\/pre-sfp-dxx-160\/","title":{"rendered":"PRE-SFP-Dxx-160"},"content":{"rendered":"<p><span class=\"NormalTextRun SCXW107888518 BCX0\">Le module \u00e9metteur-r\u00e9cepteur optique SFP-Dxx-160 prend en charge la transmission Ethernet 1G sur des distances ultra-longues allant jusqu&#039;\u00e0 <\/span><span class=\"NormalTextRun SCXW107888518 BCX0\">160 kilom\u00e8tres<\/span><span class=\"NormalTextRun SCXW107888518 BCX0\"> utilisant la technologie de multiplexage par r\u00e9partition en longueur d&#039;onde dense (DWDM) sur une grille de 100 GHz. Fonctionnant \u00e0 une longueur d&#039;onde DWDM sp\u00e9cifique (<\/span><span class=\"NormalTextRun SpellingErrorV2Themed SCXW107888518 BCX0\">xxxx.xx<\/span><span class=\"NormalTextRun SCXW107888518 BCX0\"> nm), cet \u00e9metteur-r\u00e9cepteur est id\u00e9al pour la connectivit\u00e9 haute capacit\u00e9 et port\u00e9e \u00e9tendue dans les r\u00e9seaux de t\u00e9l\u00e9communications, de centres de donn\u00e9es et d&#039;entreprise.<\/span><\/p>\n<hr \/>\n<p><span class=\"NormalTextRun SCXW107888518 BCX0\">Con\u00e7u pour la fibre monomode (SMF) avec connecteurs duplex LC, le SFP-Dxx-160 est disponible dans des variantes de temp\u00e9rature commerciales (C-temp) et industrielles (I-temp), garantissant des performances stables dans des conditions environnementales vari\u00e9es. Diagnostics num\u00e9riques int\u00e9gr\u00e9s <\/span><span class=\"NormalTextRun SCXW107888518 BCX0\">surveillance<\/span><span class=\"NormalTextRun SCXW107888518 BCX0\"> (DDM) permet un suivi des performances en temps r\u00e9el, <\/span><span class=\"NormalTextRun SCXW107888518 BCX0\">facilitant<\/span><span class=\"NormalTextRun SCXW107888518 BCX0\"> gestion proactive du r\u00e9seau, tandis que la conception rempla\u00e7able \u00e0 chaud permet une int\u00e9gration ou un remplacement facile sans interruption de service.<\/span><\/p>","protected":false},"excerpt":{"rendered":"<p><span class=\"NormalTextRun SCXW114171611 BCX0\">L&#039;\u00e9metteur-r\u00e9cepteur SFP-Dxx-160 prend en charge Ethernet 1G sur fibre monomode avec une port\u00e9e allant jusqu&#039;\u00e0 <\/span><span class=\"NormalTextRun SCXW114171611 BCX0\">160 kilom\u00e8tres<\/span><span class=\"NormalTextRun SCXW114171611 BCX0\"> utilisant la technologie DWDM, disponible dans des longueurs d&#039;onde sp\u00e9cifiques xxxx.xx nm et des variantes C-temp\/I-temp avec DDM int\u00e9gr\u00e9.<\/span><\/p>\n<hr \/>\n<p><strong>SFP, EZX, DWDM, 100 GHz, xxxx.xx nm, 1G, 160 km, SMF\/LC, C-Temp\/I-Temp, DDM<\/strong><\/p>","protected":false},"featured_media":13013,"template":"","meta":{"_acf_changed":false,"content-type":"","site-sidebar-layout":"default","site-content-layout":"default","ast-site-content-layout":"default","site-content-style":"default","site-sidebar-style":"default","ast-global-header-display":"","ast-banner-title-visibility":"","ast-main-header-display":"","ast-hfb-above-header-display":"","ast-hfb-below-header-display":"","ast-hfb-mobile-header-display":"","site-post-title":"","ast-breadcrumbs-content":"","ast-featured-img":"","footer-sml-layout":"","ast-disable-related-posts":"","theme-transparent-header-meta":"default","adv-header-id-meta":"","stick-header-meta":"","header-above-stick-meta":"","header-main-stick-meta":"","header-below-stick-meta":"","astra-migrate-meta-layouts":"set","ast-page-background-enabled":"default","ast-page-background-meta":{"desktop":{"background-color":"","background-image":"","background-repeat":"repeat","background-position":"center center","background-size":"auto","background-attachment":"scroll","background-type":"","background-media":"","overlay-type":"","overlay-color":"","overlay-opacity":"","overlay-gradient":""},"tablet":{"background-color":"","background-image":"","background-repeat":"repeat","background-position":"center center","background-size":"auto","background-attachment":"scroll","background-type":"","background-media":"","overlay-type":"","overlay-color":"","overlay-opacity":"","overlay-gradient":""},"mobile":{"background-color":"","background-image":"","background-repeat":"repeat","background-position":"center center","background-size":"auto","background-attachment":"scroll","background-type":"","background-media":"","overlay-type":"","overlay-color":"","overlay-opacity":"","overlay-gradient":""}},"ast-content-background-meta":{"desktop":{"background-color":"var(--ast-global-color-5)","background-image":"","background-repeat":"repeat","background-position":"center center","background-size":"auto","background-attachment":"scroll","background-type":"","background-media":"","overlay-type":"","overlay-color":"","overlay-opacity":"","overlay-gradient":""},"tablet":{"background-color":"var(--ast-global-color-5)","background-image":"","background-repeat":"repeat","background-position":"center center","background-size":"auto","background-attachment":"scroll","background-type":"","background-media":"","overlay-type":"","overlay-color":"","overlay-opacity":"","overlay-gradient":""},"mobile":{"background-color":"var(--ast-global-color-5)","background-image":"","background-repeat":"repeat","background-position":"center center","background-size":"auto","background-attachment":"scroll","background-type":"","background-media":"","overlay-type":"","overlay-color":"","overlay-opacity":"","overlay-gradient":""}}},"product_brand":[],"product_cat":[323],"product_tag":[208],"class_list":{"0":"post-2913","1":"product","2":"type-product","3":"status-publish","4":"has-post-thumbnail","6":"product_cat-sfp-dwdm","7":"product_tag-datasheets","8":"desktop-align-left","9":"tablet-align-left","10":"mobile-align-left","11":"ast-product-gallery-layout-horizontal-slider","12":"ast-product-gallery-with-no-image","13":"ast-product-single-variable","14":"ast-product-tabs-layout-horizontal","16":"first","17":"instock","18":"shipping-taxable","19":"purchasable","20":"product-type-variable","21":"has-default-attributes"},"composite_virtual":false,"composite_layout":"","composite_add_to_cart_form_location":"","composite_editable_in_cart":false,"composite_sold_individually_context":"","composite_shop_price_calc":"","composite_components":[],"composite_scenarios":[],"acf":[],"_links":{"self":[{"href":"https:\/\/www.precisionot.com\/fr\/wp-json\/wp\/v2\/product\/2913","targetHints":{"allow":["GET"]}}],"collection":[{"href":"https:\/\/www.precisionot.com\/fr\/wp-json\/wp\/v2\/product"}],"about":[{"href":"https:\/\/www.precisionot.com\/fr\/wp-json\/wp\/v2\/types\/product"}],"version-history":[{"count":0,"href":"https:\/\/www.precisionot.com\/fr\/wp-json\/wp\/v2\/product\/2913\/revisions"}],"wp:featuredmedia":[{"embeddable":true,"href":"https:\/\/www.precisionot.com\/fr\/wp-json\/wp\/v2\/media\/13013"}],"wp:attachment":[{"href":"https:\/\/www.precisionot.com\/fr\/wp-json\/wp\/v2\/media?parent=2913"}],"wp:term":[{"taxonomy":"product_brand","embeddable":true,"href":"https:\/\/www.precisionot.com\/fr\/wp-json\/wp\/v2\/product_brand?post=2913"},{"taxonomy":"product_cat","embeddable":true,"href":"https:\/\/www.precisionot.com\/fr\/wp-json\/wp\/v2\/product_cat?post=2913"},{"taxonomy":"product_tag","embeddable":true,"href":"https:\/\/www.precisionot.com\/fr\/wp-json\/wp\/v2\/product_tag?post=2913"}],"curies":[{"name":"wp","href":"https:\/\/api.w.org\/{rel}","templated":true}]}}