{"id":28354,"date":"2024-09-16T12:26:24","date_gmt":"2024-09-16T16:26:24","guid":{"rendered":"https:\/\/www.precisionot.com\/?post_type=product&#038;p=28354"},"modified":"2025-12-05T16:44:24","modified_gmt":"2025-12-05T21:44:24","slug":"pre-qsfp28m-zri","status":"publish","type":"product","link":"https:\/\/www.precisionot.com\/fr\/product\/pre-qsfp28m-zri\/","title":{"rendered":"PR\u00c9-QSFP28M-ZR(I)"},"content":{"rendered":"<p class=\"p2\">Le module \u00e9metteur-r\u00e9cepteur optique QSFP28M-ZR(I) est con\u00e7u pour la transmission longue distance 100GE et OTU4 sur des distances allant jusqu&#039;\u00e0 80 kilom\u00e8tres gr\u00e2ce \u00e0 la technologie LAN-WDM (LWDM). Fonctionnant sur fibre monomode (SMF) avec des connecteurs LC duplex, ce module est id\u00e9al pour les r\u00e9seaux longue distance, les centres de donn\u00e9es et les applications de t\u00e9l\u00e9communications n\u00e9cessitant une connectivit\u00e9 longue port\u00e9e hautes performances.<\/p>\n<hr \/>\n<p class=\"p2\">L&#039;\u00e9metteur-r\u00e9cepteur prend en charge les protocoles Ethernet 100G et OTU4, ce qui le rend polyvalent pour une gamme d&#039;applications r\u00e9seau. Sa conception \u00e9changeable \u00e0 chaud garantit une installation ou un remplacement facile sans interruption du r\u00e9seau, tandis que la faible consommation d&#039;\u00e9nergie contribue \u00e0 un fonctionnement \u00e9conome en \u00e9nergie.<\/p>","protected":false},"excerpt":{"rendered":"<p>L&#039;\u00e9metteur-r\u00e9cepteur optique QSFP28M-ZR(I) prend en charge 100GE\/OTU4 sur fibre monomode avec une port\u00e9e allant jusqu&#039;\u00e0 80 kilom\u00e8tres \u00e0 l&#039;aide de la technologie LWDM.<\/p>\n<hr \/>\n<p class=\"p2\"><strong>QSFP28, ZR, -8 dBm, accordable, bande C, 100 GE\/OTU4, 80 km, SMF\/LC, CMIS<\/strong><\/p>","protected":false},"featured_media":32760,"template":"","meta":{"_acf_changed":false,"content-type":"","site-sidebar-layout":"default","site-content-layout":"default","ast-site-content-layout":"default","site-content-style":"default","site-sidebar-style":"default","ast-global-header-display":"","ast-banner-title-visibility":"","ast-main-header-display":"","ast-hfb-above-header-display":"","ast-hfb-below-header-display":"","ast-hfb-mobile-header-display":"","site-post-title":"","ast-breadcrumbs-content":"","ast-featured-img":"","footer-sml-layout":"","ast-disable-related-posts":"","theme-transparent-header-meta":"default","adv-header-id-meta":"","stick-header-meta":"","header-above-stick-meta":"","header-main-stick-meta":"","header-below-stick-meta":"","astra-migrate-meta-layouts":"set","ast-page-background-enabled":"default","ast-page-background-meta":{"desktop":{"background-color":"","background-image":"","background-repeat":"repeat","background-position":"center center","background-size":"auto","background-attachment":"scroll","background-type":"","background-media":"","overlay-type":"","overlay-color":"","overlay-opacity":"","overlay-gradient":""},"tablet":{"background-color":"","background-image":"","background-repeat":"repeat","background-position":"center center","background-size":"auto","background-attachment":"scroll","background-type":"","background-media":"","overlay-type":"","overlay-color":"","overlay-opacity":"","overlay-gradient":""},"mobile":{"background-color":"","background-image":"","background-repeat":"repeat","background-position":"center center","background-size":"auto","background-attachment":"scroll","background-type":"","background-media":"","overlay-type":"","overlay-color":"","overlay-opacity":"","overlay-gradient":""}},"ast-content-background-meta":{"desktop":{"background-color":"var(--ast-global-color-5)","background-image":"","background-repeat":"repeat","background-position":"center center","background-size":"auto","background-attachment":"scroll","background-type":"","background-media":"","overlay-type":"","overlay-color":"","overlay-opacity":"","overlay-gradient":""},"tablet":{"background-color":"var(--ast-global-color-5)","background-image":"","background-repeat":"repeat","background-position":"center center","background-size":"auto","background-attachment":"scroll","background-type":"","background-media":"","overlay-type":"","overlay-color":"","overlay-opacity":"","overlay-gradient":""},"mobile":{"background-color":"var(--ast-global-color-5)","background-image":"","background-repeat":"repeat","background-position":"center center","background-size":"auto","background-attachment":"scroll","background-type":"","background-media":"","overlay-type":"","overlay-color":"","overlay-opacity":"","overlay-gradient":""}}},"product_brand":[],"product_cat":[362,367],"product_tag":[],"class_list":{"0":"post-28354","1":"product","2":"type-product","3":"status-publish","4":"has-post-thumbnail","6":"product_cat-qsfp28-wdm","7":"product_cat-qsfp28-coherent","8":"desktop-align-left","9":"tablet-align-left","10":"mobile-align-left","11":"ast-product-gallery-layout-horizontal-slider","12":"ast-product-gallery-with-no-image","13":"ast-product-tabs-layout-horizontal","15":"first","16":"instock","17":"shipping-taxable","18":"purchasable","19":"product-type-simple"},"composite_virtual":false,"composite_layout":"","composite_add_to_cart_form_location":"","composite_editable_in_cart":false,"composite_sold_individually_context":"","composite_shop_price_calc":"","composite_components":[],"composite_scenarios":[],"acf":[],"_links":{"self":[{"href":"https:\/\/www.precisionot.com\/fr\/wp-json\/wp\/v2\/product\/28354","targetHints":{"allow":["GET"]}}],"collection":[{"href":"https:\/\/www.precisionot.com\/fr\/wp-json\/wp\/v2\/product"}],"about":[{"href":"https:\/\/www.precisionot.com\/fr\/wp-json\/wp\/v2\/types\/product"}],"version-history":[{"count":1,"href":"https:\/\/www.precisionot.com\/fr\/wp-json\/wp\/v2\/product\/28354\/revisions"}],"predecessor-version":[{"id":33401,"href":"https:\/\/www.precisionot.com\/fr\/wp-json\/wp\/v2\/product\/28354\/revisions\/33401"}],"wp:featuredmedia":[{"embeddable":true,"href":"https:\/\/www.precisionot.com\/fr\/wp-json\/wp\/v2\/media\/32760"}],"wp:attachment":[{"href":"https:\/\/www.precisionot.com\/fr\/wp-json\/wp\/v2\/media?parent=28354"}],"wp:term":[{"taxonomy":"product_brand","embeddable":true,"href":"https:\/\/www.precisionot.com\/fr\/wp-json\/wp\/v2\/product_brand?post=28354"},{"taxonomy":"product_cat","embeddable":true,"href":"https:\/\/www.precisionot.com\/fr\/wp-json\/wp\/v2\/product_cat?post=28354"},{"taxonomy":"product_tag","embeddable":true,"href":"https:\/\/www.precisionot.com\/fr\/wp-json\/wp\/v2\/product_tag?post=28354"}],"curies":[{"name":"wp","href":"https:\/\/api.w.org\/{rel}","templated":true}]}}