{"id":27889,"date":"2024-08-05T14:41:40","date_gmt":"2024-08-05T18:41:40","guid":{"rendered":"https:\/\/www.precisionot.com\/?post_type=product&#038;p=27889"},"modified":"2024-10-08T16:29:19","modified_gmt":"2024-10-08T20:29:19","slug":"avant-copie-sfp56dd-fr","status":"publish","type":"product","link":"https:\/\/www.precisionot.com\/fr\/product\/pre-sfp56dd-fr-copy\/","title":{"rendered":"PRE-SFP56DD-FR"},"content":{"rendered":"<p class=\"p2\"><span class=\"NormalTextRun SCXW6444551 BCX0\">Le module \u00e9metteur-r\u00e9cepteur optique SFP56DD-FR prend en charge la transmission Ethernet 100G sur des distances allant jusqu&#039;\u00e0 2 kilom\u00e8tres \u00e0 l&#039;aide d&#039;une fibre monomode (SMF) avec des connecteurs duplex LC. Fonctionnant \u00e0 une longueur d&#039;onde de 1310 nm, ce module est con\u00e7u pour la connectivit\u00e9 \u00e0 moyenne port\u00e9e et \u00e0 haut d\u00e9bit dans les centres de donn\u00e9es, les r\u00e9seaux d&#039;entreprise et les infrastructures de t\u00e9l\u00e9communications.<\/span><\/p>\n<hr \/>\n<p class=\"p2\"><span class=\"NormalTextRun SCXW6444551 BCX0\">Le facteur de forme SFP-DD (Small Form Factor Pluggable Double Density) permet une densit\u00e9 de ports accrue, ce qui le rend id\u00e9al pour les environnements qui n\u00e9cessitent une bande passante \u00e9lev\u00e9e tout en <\/span><span class=\"NormalTextRun SCXW6444551 BCX0\">optimisation<\/span><span class=\"NormalTextRun SCXW6444551 BCX0\"> espace <\/span><span class=\"NormalTextRun SCXW6444551 BCX0\">utilisation<\/span><span class=\"NormalTextRun SCXW6444551 BCX0\">. <\/span><span class=\"NormalTextRun ContextualSpellingAndGrammarErrorV2Themed SCXW6444551 BCX0\">C&#039;est<\/span><span class=\"NormalTextRun SCXW6444551 BCX0\"> la conception rempla\u00e7able \u00e0 chaud garantit une int\u00e9gration ou un remplacement transparent sans perturber les op\u00e9rations du r\u00e9seau.<\/span><\/p>","protected":false},"excerpt":{"rendered":"<p class=\"p2\"><span class=\"TextRun SCXW171916411 BCX0\" lang=\"EN-US\" xml:lang=\"EN-US\" data-contrast=\"auto\"><span class=\"NormalTextRun SCXW171916411 BCX0\">L&#039;\u00e9metteur-r\u00e9cepteur SFP56DD-FR prend en charge Ethernet 100G sur fibre monomode avec une port\u00e9e allant jusqu&#039;\u00e0 2 kilom\u00e8tres en utilisant une longueur d&#039;onde de 1310 nm, avec le facteur de forme SFP-DD pour une densit\u00e9 de ports optimis\u00e9e.<\/span><\/span><\/p>\n<hr \/>\n<p class=\"p2\"><strong>SFP-DD, FR, 1310 nm, 100G, 2 km, SMF\/LC<\/strong><\/p>","protected":false},"featured_media":27891,"template":"","meta":{"_acf_changed":false,"content-type":"","site-sidebar-layout":"default","site-content-layout":"default","ast-site-content-layout":"default","site-content-style":"default","site-sidebar-style":"default","ast-global-header-display":"","ast-banner-title-visibility":"","ast-main-header-display":"","ast-hfb-above-header-display":"","ast-hfb-below-header-display":"","ast-hfb-mobile-header-display":"","site-post-title":"","ast-breadcrumbs-content":"","ast-featured-img":"","footer-sml-layout":"","ast-disable-related-posts":"","theme-transparent-header-meta":"default","adv-header-id-meta":"","stick-header-meta":"","header-above-stick-meta":"","header-main-stick-meta":"","header-below-stick-meta":"","astra-migrate-meta-layouts":"set","ast-page-background-enabled":"default","ast-page-background-meta":{"desktop":{"background-color":"","background-image":"","background-repeat":"repeat","background-position":"center center","background-size":"auto","background-attachment":"scroll","background-type":"","background-media":"","overlay-type":"","overlay-color":"","overlay-opacity":"","overlay-gradient":""},"tablet":{"background-color":"","background-image":"","background-repeat":"repeat","background-position":"center center","background-size":"auto","background-attachment":"scroll","background-type":"","background-media":"","overlay-type":"","overlay-color":"","overlay-opacity":"","overlay-gradient":""},"mobile":{"background-color":"","background-image":"","background-repeat":"repeat","background-position":"center center","background-size":"auto","background-attachment":"scroll","background-type":"","background-media":"","overlay-type":"","overlay-color":"","overlay-opacity":"","overlay-gradient":""}},"ast-content-background-meta":{"desktop":{"background-color":"var(--ast-global-color-5)","background-image":"","background-repeat":"repeat","background-position":"center center","background-size":"auto","background-attachment":"scroll","background-type":"","background-media":"","overlay-type":"","overlay-color":"","overlay-opacity":"","overlay-gradient":""},"tablet":{"background-color":"var(--ast-global-color-5)","background-image":"","background-repeat":"repeat","background-position":"center center","background-size":"auto","background-attachment":"scroll","background-type":"","background-media":"","overlay-type":"","overlay-color":"","overlay-opacity":"","overlay-gradient":""},"mobile":{"background-color":"var(--ast-global-color-5)","background-image":"","background-repeat":"repeat","background-position":"center center","background-size":"auto","background-attachment":"scroll","background-type":"","background-media":"","overlay-type":"","overlay-color":"","overlay-opacity":"","overlay-gradient":""}}},"product_brand":[],"product_cat":[359],"product_tag":[357],"class_list":{"0":"post-27889","1":"product","2":"type-product","3":"status-publish","4":"has-post-thumbnail","6":"product_cat-sfpdd-standard","7":"product_tag-new-template","8":"desktop-align-left","9":"tablet-align-left","10":"mobile-align-left","11":"ast-product-gallery-layout-horizontal-slider","12":"ast-product-gallery-with-no-image","13":"ast-product-tabs-layout-horizontal","15":"first","16":"instock","17":"shipping-taxable","18":"purchasable","19":"product-type-simple"},"composite_virtual":false,"composite_layout":"","composite_add_to_cart_form_location":"","composite_editable_in_cart":false,"composite_sold_individually_context":"","composite_shop_price_calc":"","composite_components":[],"composite_scenarios":[],"acf":[],"_links":{"self":[{"href":"https:\/\/www.precisionot.com\/fr\/wp-json\/wp\/v2\/product\/27889","targetHints":{"allow":["GET"]}}],"collection":[{"href":"https:\/\/www.precisionot.com\/fr\/wp-json\/wp\/v2\/product"}],"about":[{"href":"https:\/\/www.precisionot.com\/fr\/wp-json\/wp\/v2\/types\/product"}],"version-history":[{"count":0,"href":"https:\/\/www.precisionot.com\/fr\/wp-json\/wp\/v2\/product\/27889\/revisions"}],"wp:featuredmedia":[{"embeddable":true,"href":"https:\/\/www.precisionot.com\/fr\/wp-json\/wp\/v2\/media\/27891"}],"wp:attachment":[{"href":"https:\/\/www.precisionot.com\/fr\/wp-json\/wp\/v2\/media?parent=27889"}],"wp:term":[{"taxonomy":"product_brand","embeddable":true,"href":"https:\/\/www.precisionot.com\/fr\/wp-json\/wp\/v2\/product_brand?post=27889"},{"taxonomy":"product_cat","embeddable":true,"href":"https:\/\/www.precisionot.com\/fr\/wp-json\/wp\/v2\/product_cat?post=27889"},{"taxonomy":"product_tag","embeddable":true,"href":"https:\/\/www.precisionot.com\/fr\/wp-json\/wp\/v2\/product_tag?post=27889"}],"curies":[{"name":"wp","href":"https:\/\/api.w.org\/{rel}","templated":true}]}}