{"id":2780,"date":"2020-12-09T22:25:45","date_gmt":"2020-12-10T03:25:45","guid":{"rendered":"https:\/\/www.precisionot.com\/?post_type=product&#038;p=2780"},"modified":"2024-09-20T14:35:53","modified_gmt":"2024-09-20T18:35:53","slug":"pre-xfp-cxx-40","status":"publish","type":"product","link":"https:\/\/www.precisionot.com\/fr\/product\/pre-xfp-cxx-40\/","title":{"rendered":"PRE-XFP-Cxx-40"},"content":{"rendered":"<p>Le module \u00e9metteur-r\u00e9cepteur optique XFP-CXX-40 prend en charge la transmission Ethernet 10G sur des distances allant jusqu&#039;\u00e0 40 kilom\u00e8tres \u00e0 l&#039;aide de la technologie de multiplexage par r\u00e9partition en longueur d&#039;onde grossi\u00e8re (CWDM). Il fonctionne \u00e0 une longueur d&#039;onde CWDM sp\u00e9cifique (xxxx,xx nm) et est con\u00e7u pour la transmission de donn\u00e9es longue distance sur fibre monomode (SMF) avec des connecteurs duplex LC.<\/p>\n<hr \/>\n<p>Ce module est id\u00e9al pour les r\u00e9seaux m\u00e9tropolitains, les interconnexions de centres de donn\u00e9es et les applications de t\u00e9l\u00e9communications n\u00e9cessitant une utilisation efficace des ressources en fibre. Con\u00e7u pour les environnements \u00e0 temp\u00e9rature commerciale (C-temp), il offre des performances fiables dans des conditions de fonctionnement standard. La surveillance de diagnostic num\u00e9rique int\u00e9gr\u00e9e (DDM) offre un suivi des performances en temps r\u00e9el, permettant une gestion efficace du r\u00e9seau. Sa conception rempla\u00e7able \u00e0 chaud permet une int\u00e9gration ou un remplacement facile sans interruption de service.<\/p>","protected":false},"excerpt":{"rendered":"<p><span class=\"NormalTextRun SCXW159714746 BCX0\">L&#039;\u00e9metteur-r\u00e9cepteur optique XFP-CXX-40 prend en charge Ethernet 10G sur fibre monomode avec une port\u00e9e allant jusqu&#039;\u00e0 <\/span><span class=\"NormalTextRun AdvancedProofingIssueV2Themed SCXW159714746 BCX0\">40 kilom\u00e8tres<\/span><span class=\"NormalTextRun SCXW159714746 BCX0\"> utilisant la technologie CWDM, disponible dans des <\/span><span class=\"NormalTextRun SpellingErrorV2Themed SCXW159714746 BCX0\">xxxx.xx<\/span><span class=\"NormalTextRun SCXW159714746 BCX0\"> longueurs d&#039;onde nm.<\/span><\/p>\n<hr \/>\n<p><strong>XFP, ER, CWDM, xxxx.xx nm, 10G, 40km, SMF\/LC, C-Temp, DDM<\/strong><\/p>","protected":false},"featured_media":26278,"template":"","meta":{"_acf_changed":false,"content-type":"","site-sidebar-layout":"default","site-content-layout":"default","ast-site-content-layout":"default","site-content-style":"default","site-sidebar-style":"default","ast-global-header-display":"","ast-banner-title-visibility":"","ast-main-header-display":"","ast-hfb-above-header-display":"","ast-hfb-below-header-display":"","ast-hfb-mobile-header-display":"","site-post-title":"","ast-breadcrumbs-content":"","ast-featured-img":"","footer-sml-layout":"","ast-disable-related-posts":"","theme-transparent-header-meta":"default","adv-header-id-meta":"","stick-header-meta":"","header-above-stick-meta":"","header-main-stick-meta":"","header-below-stick-meta":"","astra-migrate-meta-layouts":"set","ast-page-background-enabled":"default","ast-page-background-meta":{"desktop":{"background-color":"","background-image":"","background-repeat":"repeat","background-position":"center center","background-size":"auto","background-attachment":"scroll","background-type":"","background-media":"","overlay-type":"","overlay-color":"","overlay-opacity":"","overlay-gradient":""},"tablet":{"background-color":"","background-image":"","background-repeat":"repeat","background-position":"center center","background-size":"auto","background-attachment":"scroll","background-type":"","background-media":"","overlay-type":"","overlay-color":"","overlay-opacity":"","overlay-gradient":""},"mobile":{"background-color":"","background-image":"","background-repeat":"repeat","background-position":"center center","background-size":"auto","background-attachment":"scroll","background-type":"","background-media":"","overlay-type":"","overlay-color":"","overlay-opacity":"","overlay-gradient":""}},"ast-content-background-meta":{"desktop":{"background-color":"var(--ast-global-color-5)","background-image":"","background-repeat":"repeat","background-position":"center center","background-size":"auto","background-attachment":"scroll","background-type":"","background-media":"","overlay-type":"","overlay-color":"","overlay-opacity":"","overlay-gradient":""},"tablet":{"background-color":"var(--ast-global-color-5)","background-image":"","background-repeat":"repeat","background-position":"center center","background-size":"auto","background-attachment":"scroll","background-type":"","background-media":"","overlay-type":"","overlay-color":"","overlay-opacity":"","overlay-gradient":""},"mobile":{"background-color":"var(--ast-global-color-5)","background-image":"","background-repeat":"repeat","background-position":"center center","background-size":"auto","background-attachment":"scroll","background-type":"","background-media":"","overlay-type":"","overlay-color":"","overlay-opacity":"","overlay-gradient":""}}},"product_brand":[],"product_cat":[311],"product_tag":[208],"class_list":{"0":"post-2780","1":"product","2":"type-product","3":"status-publish","4":"has-post-thumbnail","6":"product_cat-xfp-cwdm","7":"product_tag-datasheets","8":"desktop-align-left","9":"tablet-align-left","10":"mobile-align-left","11":"ast-product-gallery-layout-horizontal-slider","12":"ast-product-gallery-with-no-image","13":"ast-product-single-variable","14":"ast-product-tabs-layout-horizontal","16":"first","17":"instock","18":"shipping-taxable","19":"purchasable","20":"product-type-variable","21":"has-default-attributes"},"composite_virtual":false,"composite_layout":"","composite_add_to_cart_form_location":"","composite_editable_in_cart":false,"composite_sold_individually_context":"","composite_shop_price_calc":"","composite_components":[],"composite_scenarios":[],"acf":[],"_links":{"self":[{"href":"https:\/\/www.precisionot.com\/fr\/wp-json\/wp\/v2\/product\/2780","targetHints":{"allow":["GET"]}}],"collection":[{"href":"https:\/\/www.precisionot.com\/fr\/wp-json\/wp\/v2\/product"}],"about":[{"href":"https:\/\/www.precisionot.com\/fr\/wp-json\/wp\/v2\/types\/product"}],"version-history":[{"count":0,"href":"https:\/\/www.precisionot.com\/fr\/wp-json\/wp\/v2\/product\/2780\/revisions"}],"wp:featuredmedia":[{"embeddable":true,"href":"https:\/\/www.precisionot.com\/fr\/wp-json\/wp\/v2\/media\/26278"}],"wp:attachment":[{"href":"https:\/\/www.precisionot.com\/fr\/wp-json\/wp\/v2\/media?parent=2780"}],"wp:term":[{"taxonomy":"product_brand","embeddable":true,"href":"https:\/\/www.precisionot.com\/fr\/wp-json\/wp\/v2\/product_brand?post=2780"},{"taxonomy":"product_cat","embeddable":true,"href":"https:\/\/www.precisionot.com\/fr\/wp-json\/wp\/v2\/product_cat?post=2780"},{"taxonomy":"product_tag","embeddable":true,"href":"https:\/\/www.precisionot.com\/fr\/wp-json\/wp\/v2\/product_tag?post=2780"}],"curies":[{"name":"wp","href":"https:\/\/api.w.org\/{rel}","templated":true}]}}