{"id":27147,"date":"2024-06-18T15:01:46","date_gmt":"2024-06-18T19:01:46","guid":{"rendered":"https:\/\/www.precisionot.com\/?post_type=product&#038;p=27147"},"modified":"2024-09-19T15:06:48","modified_gmt":"2024-09-19T19:06:48","slug":"pre-sfp25gd-esr","status":"publish","type":"product","link":"https:\/\/www.precisionot.com\/fr\/product\/pre-sfp25gd-esr\/","title":{"rendered":"PR\u00c9-SFP25GD-ESR"},"content":{"rendered":"<p class=\"p2\"><span class=\"NormalTextRun SCXW121372906 BCX0\">Le module \u00e9metteur-r\u00e9cepteur optique SFP25GD-ESR prend en charge la transmission Ethernet 10G et 25G sur fibre multimode (MMF) avec des connecteurs duplex LC. <\/span><span class=\"NormalTextRun SCXW121372906 BCX0\">op\u00e8re<\/span><span class=\"NormalTextRun SCXW121372906 BCX0\"> \u00e0 une longueur d&#039;onde de 850 nm et offre une port\u00e9e allant jusqu&#039;\u00e0 <\/span><span class=\"NormalTextRun AdvancedProofingIssueV2Themed SCXW121372906 BCX0\">200 m\u00e8tres<\/span><span class=\"NormalTextRun SCXW121372906 BCX0\"> avec fibre OM3 et <\/span><span class=\"NormalTextRun AdvancedProofingIssueV2Themed SCXW121372906 BCX0\">300 m\u00e8tres<\/span><span class=\"NormalTextRun SCXW121372906 BCX0\"> avec fibre OM4, ce qui le rend id\u00e9al pour la connectivit\u00e9 \u00e0 courte port\u00e9e et \u00e0 haut d\u00e9bit dans les centres de donn\u00e9es et les r\u00e9seaux d&#039;entreprise.<\/span><\/p>\n<hr \/>\n<p class=\"p2\"><span class=\"NormalTextRun SCXW121372906 BCX0\">La capacit\u00e9 \u00e0 double d\u00e9bit offre une flexibilit\u00e9 pour les mises \u00e0 niveau et l&#039;\u00e9volutivit\u00e9 du r\u00e9seau. La conception \u00e9changeable \u00e0 chaud du module permet une int\u00e9gration ou un remplacement rapide et facile sans interruption de service, tandis que la surveillance des diagnostics num\u00e9riques (DDM) int\u00e9gr\u00e9e assure un suivi des performances en temps r\u00e9el pour une gestion efficace du r\u00e9seau.<\/span><\/p>","protected":false},"excerpt":{"rendered":"<p class=\"p2\"><span class=\"TextRun SCXW5870853 BCX0\" lang=\"EN-US\" xml:lang=\"EN-US\" data-contrast=\"auto\"><span class=\"NormalTextRun SCXW5870853 BCX0\">L&#039;\u00e9metteur-r\u00e9cepteur optique SFP25GD-ESR prend en charge Ethernet 10G et 25G sur fibre multimode avec une port\u00e9e allant jusqu&#039;\u00e0 200 m\u00e8tres (OM3) ou 300 m\u00e8tres (OM4) en utilisant une longueur d&#039;onde de 850 nm.<\/span><\/span><\/p>\n<hr \/>\n<p class=\"p2\"><strong>SFP28, SR, 850 nm, 10\/25G, 200\/300 m, MMF\/LC<\/strong><\/p>","protected":false},"featured_media":27148,"template":"","meta":{"_acf_changed":false,"content-type":"","site-sidebar-layout":"default","site-content-layout":"default","ast-site-content-layout":"default","site-content-style":"default","site-sidebar-style":"default","ast-global-header-display":"","ast-banner-title-visibility":"","ast-main-header-display":"","ast-hfb-above-header-display":"","ast-hfb-below-header-display":"","ast-hfb-mobile-header-display":"","site-post-title":"","ast-breadcrumbs-content":"","ast-featured-img":"","footer-sml-layout":"","ast-disable-related-posts":"","theme-transparent-header-meta":"default","adv-header-id-meta":"","stick-header-meta":"","header-above-stick-meta":"","header-main-stick-meta":"","header-below-stick-meta":"","astra-migrate-meta-layouts":"set","ast-page-background-enabled":"default","ast-page-background-meta":{"desktop":{"background-color":"","background-image":"","background-repeat":"repeat","background-position":"center center","background-size":"auto","background-attachment":"scroll","background-type":"","background-media":"","overlay-type":"","overlay-color":"","overlay-opacity":"","overlay-gradient":""},"tablet":{"background-color":"","background-image":"","background-repeat":"repeat","background-position":"center center","background-size":"auto","background-attachment":"scroll","background-type":"","background-media":"","overlay-type":"","overlay-color":"","overlay-opacity":"","overlay-gradient":""},"mobile":{"background-color":"","background-image":"","background-repeat":"repeat","background-position":"center center","background-size":"auto","background-attachment":"scroll","background-type":"","background-media":"","overlay-type":"","overlay-color":"","overlay-opacity":"","overlay-gradient":""}},"ast-content-background-meta":{"desktop":{"background-color":"var(--ast-global-color-5)","background-image":"","background-repeat":"repeat","background-position":"center center","background-size":"auto","background-attachment":"scroll","background-type":"","background-media":"","overlay-type":"","overlay-color":"","overlay-opacity":"","overlay-gradient":""},"tablet":{"background-color":"var(--ast-global-color-5)","background-image":"","background-repeat":"repeat","background-position":"center center","background-size":"auto","background-attachment":"scroll","background-type":"","background-media":"","overlay-type":"","overlay-color":"","overlay-opacity":"","overlay-gradient":""},"mobile":{"background-color":"var(--ast-global-color-5)","background-image":"","background-repeat":"repeat","background-position":"center center","background-size":"auto","background-attachment":"scroll","background-type":"","background-media":"","overlay-type":"","overlay-color":"","overlay-opacity":"","overlay-gradient":""}}},"product_brand":[],"product_cat":[305],"product_tag":[],"class_list":{"0":"post-27147","1":"product","2":"type-product","3":"status-publish","4":"has-post-thumbnail","6":"product_cat-sfp28-standard","7":"desktop-align-left","8":"tablet-align-left","9":"mobile-align-left","10":"ast-product-gallery-layout-horizontal-slider","11":"ast-product-gallery-with-no-image","12":"ast-product-tabs-layout-horizontal","14":"first","15":"instock","16":"shipping-taxable","17":"purchasable","18":"product-type-simple"},"composite_virtual":false,"composite_layout":"","composite_add_to_cart_form_location":"","composite_editable_in_cart":false,"composite_sold_individually_context":"","composite_shop_price_calc":"","composite_components":[],"composite_scenarios":[],"acf":[],"_links":{"self":[{"href":"https:\/\/www.precisionot.com\/fr\/wp-json\/wp\/v2\/product\/27147","targetHints":{"allow":["GET"]}}],"collection":[{"href":"https:\/\/www.precisionot.com\/fr\/wp-json\/wp\/v2\/product"}],"about":[{"href":"https:\/\/www.precisionot.com\/fr\/wp-json\/wp\/v2\/types\/product"}],"version-history":[{"count":0,"href":"https:\/\/www.precisionot.com\/fr\/wp-json\/wp\/v2\/product\/27147\/revisions"}],"wp:featuredmedia":[{"embeddable":true,"href":"https:\/\/www.precisionot.com\/fr\/wp-json\/wp\/v2\/media\/27148"}],"wp:attachment":[{"href":"https:\/\/www.precisionot.com\/fr\/wp-json\/wp\/v2\/media?parent=27147"}],"wp:term":[{"taxonomy":"product_brand","embeddable":true,"href":"https:\/\/www.precisionot.com\/fr\/wp-json\/wp\/v2\/product_brand?post=27147"},{"taxonomy":"product_cat","embeddable":true,"href":"https:\/\/www.precisionot.com\/fr\/wp-json\/wp\/v2\/product_cat?post=27147"},{"taxonomy":"product_tag","embeddable":true,"href":"https:\/\/www.precisionot.com\/fr\/wp-json\/wp\/v2\/product_tag?post=27147"}],"curies":[{"name":"wp","href":"https:\/\/api.w.org\/{rel}","templated":true}]}}