{"id":2699,"date":"2020-12-09T22:17:35","date_gmt":"2020-12-10T03:17:35","guid":{"rendered":"https:\/\/www.precisionot.com\/?post_type=product&#038;p=2699"},"modified":"2024-09-23T19:12:33","modified_gmt":"2024-09-23T23:12:33","slug":"pre-sfp10g-cxx-80-1","status":"publish","type":"product","link":"https:\/\/www.precisionot.com\/fr\/product\/pre-sfp10g-cxx-80-1\/","title":{"rendered":"PRE-SFP10G-CXX-80"},"content":{"rendered":"<p class=\"p2\"><span class=\"NormalTextRun SCXW167216632 BCX0\">Le module \u00e9metteur-r\u00e9cepteur optique SFP10G-CXX-80 prend en charge la transmission Ethernet 10G sur des distances allant jusqu&#039;\u00e0 <\/span><span class=\"NormalTextRun AdvancedProofingIssueV2Themed SCXW167216632 BCX0\">80 kilom\u00e8tres<\/span><span class=\"NormalTextRun SCXW167216632 BCX0\"> utilisant la technologie de multiplexage par r\u00e9partition en longueur d&#039;onde grossi\u00e8re (CWDM). Ce module offre des options de longueur d&#039;onde personnalisables de 1270 nm \u00e0 1610 nm, ce qui le rend id\u00e9al pour les applications ultra-longue distance dans les centres de donn\u00e9es, les r\u00e9seaux d&#039;entreprise et les environnements de t\u00e9l\u00e9communications.<\/span><\/p>\n<hr \/>\n<p class=\"p2\"><span class=\"NormalTextRun SCXW167216632 BCX0\">Con\u00e7u pour \u00eatre utilis\u00e9 avec des connecteurs fibre monomode (SMF) et duplex LC, le module offre une transmission de donn\u00e9es hautes performances avec une utilisation efficace des ressources fibre. Il dispose d&#039;une surveillance de diagnostic num\u00e9rique (DDM) int\u00e9gr\u00e9e pour un suivi des performances en temps r\u00e9el, permettant une gestion efficace du r\u00e9seau. La conception \u00e9changeable \u00e0 chaud permet une int\u00e9gration ou un remplacement rapide et facile sans interruption de service, ce qui fait du SFP10G-CXX-80 un choix fiable pour les r\u00e9seaux CWDM longue port\u00e9e.<\/span><\/p>","protected":false},"excerpt":{"rendered":"<p class=\"p2\"><span class=\"NormalTextRun SCXW55694194 BCX0\">L&#039;\u00e9metteur-r\u00e9cepteur optique SFP10G-CXX-80 prend en charge Ethernet 10G sur fibre monomode avec une port\u00e9e allant jusqu&#039;\u00e0 <\/span><span class=\"NormalTextRun AdvancedProofingIssueV2Themed SCXW55694194 BCX0\">80 kilom\u00e8tres<\/span><span class=\"NormalTextRun SCXW55694194 BCX0\"> utilisant la technologie CWDM, disponible dans des longueurs d&#039;onde de 1270 nm \u00e0 1610 nm.<\/span><\/p>\n<hr \/>\n<p class=\"p2\"><strong>SFP+, CWDM, 1270 \u2013 1610nm, 10G, 80km, SMF\/LC<\/strong><\/p>","protected":false},"featured_media":24197,"template":"","meta":{"_acf_changed":false,"content-type":"","site-sidebar-layout":"default","site-content-layout":"default","ast-site-content-layout":"default","site-content-style":"default","site-sidebar-style":"default","ast-global-header-display":"","ast-banner-title-visibility":"","ast-main-header-display":"","ast-hfb-above-header-display":"","ast-hfb-below-header-display":"","ast-hfb-mobile-header-display":"","site-post-title":"","ast-breadcrumbs-content":"","ast-featured-img":"","footer-sml-layout":"","ast-disable-related-posts":"","theme-transparent-header-meta":"default","adv-header-id-meta":"","stick-header-meta":"","header-above-stick-meta":"","header-main-stick-meta":"","header-below-stick-meta":"","astra-migrate-meta-layouts":"set","ast-page-background-enabled":"default","ast-page-background-meta":{"desktop":{"background-color":"","background-image":"","background-repeat":"repeat","background-position":"center center","background-size":"auto","background-attachment":"scroll","background-type":"","background-media":"","overlay-type":"","overlay-color":"","overlay-opacity":"","overlay-gradient":""},"tablet":{"background-color":"","background-image":"","background-repeat":"repeat","background-position":"center center","background-size":"auto","background-attachment":"scroll","background-type":"","background-media":"","overlay-type":"","overlay-color":"","overlay-opacity":"","overlay-gradient":""},"mobile":{"background-color":"","background-image":"","background-repeat":"repeat","background-position":"center center","background-size":"auto","background-attachment":"scroll","background-type":"","background-media":"","overlay-type":"","overlay-color":"","overlay-opacity":"","overlay-gradient":""}},"ast-content-background-meta":{"desktop":{"background-color":"var(--ast-global-color-5)","background-image":"","background-repeat":"repeat","background-position":"center center","background-size":"auto","background-attachment":"scroll","background-type":"","background-media":"","overlay-type":"","overlay-color":"","overlay-opacity":"","overlay-gradient":""},"tablet":{"background-color":"var(--ast-global-color-5)","background-image":"","background-repeat":"repeat","background-position":"center center","background-size":"auto","background-attachment":"scroll","background-type":"","background-media":"","overlay-type":"","overlay-color":"","overlay-opacity":"","overlay-gradient":""},"mobile":{"background-color":"var(--ast-global-color-5)","background-image":"","background-repeat":"repeat","background-position":"center center","background-size":"auto","background-attachment":"scroll","background-type":"","background-media":"","overlay-type":"","overlay-color":"","overlay-opacity":"","overlay-gradient":""}}},"product_brand":[],"product_cat":[316],"product_tag":[208],"class_list":{"0":"post-2699","1":"product","2":"type-product","3":"status-publish","4":"has-post-thumbnail","6":"product_cat-sfp-plus-cwdm","7":"product_tag-datasheets","8":"desktop-align-left","9":"tablet-align-left","10":"mobile-align-left","11":"ast-product-gallery-layout-horizontal-slider","12":"ast-product-gallery-with-no-image","13":"ast-product-single-variable","14":"ast-product-tabs-layout-horizontal","16":"first","17":"instock","18":"shipping-taxable","19":"purchasable","20":"product-type-variable","21":"has-default-attributes"},"composite_virtual":false,"composite_layout":"","composite_add_to_cart_form_location":"","composite_editable_in_cart":false,"composite_sold_individually_context":"","composite_shop_price_calc":"","composite_components":[],"composite_scenarios":[],"acf":[],"_links":{"self":[{"href":"https:\/\/www.precisionot.com\/fr\/wp-json\/wp\/v2\/product\/2699","targetHints":{"allow":["GET"]}}],"collection":[{"href":"https:\/\/www.precisionot.com\/fr\/wp-json\/wp\/v2\/product"}],"about":[{"href":"https:\/\/www.precisionot.com\/fr\/wp-json\/wp\/v2\/types\/product"}],"version-history":[{"count":0,"href":"https:\/\/www.precisionot.com\/fr\/wp-json\/wp\/v2\/product\/2699\/revisions"}],"wp:featuredmedia":[{"embeddable":true,"href":"https:\/\/www.precisionot.com\/fr\/wp-json\/wp\/v2\/media\/24197"}],"wp:attachment":[{"href":"https:\/\/www.precisionot.com\/fr\/wp-json\/wp\/v2\/media?parent=2699"}],"wp:term":[{"taxonomy":"product_brand","embeddable":true,"href":"https:\/\/www.precisionot.com\/fr\/wp-json\/wp\/v2\/product_brand?post=2699"},{"taxonomy":"product_cat","embeddable":true,"href":"https:\/\/www.precisionot.com\/fr\/wp-json\/wp\/v2\/product_cat?post=2699"},{"taxonomy":"product_tag","embeddable":true,"href":"https:\/\/www.precisionot.com\/fr\/wp-json\/wp\/v2\/product_tag?post=2699"}],"curies":[{"name":"wp","href":"https:\/\/api.w.org\/{rel}","templated":true}]}}