{"id":2678,"date":"2020-12-09T22:15:28","date_gmt":"2020-12-10T03:15:28","guid":{"rendered":"https:\/\/www.precisionot.com\/?post_type=product&#038;p=2678"},"modified":"2025-03-27T14:58:43","modified_gmt":"2025-03-27T18:58:43","slug":"pre-sfp10g-cxx-40-i","status":"publish","type":"product","link":"https:\/\/www.precisionot.com\/fr\/product\/pre-sfp10g-cxx-40-i\/","title":{"rendered":"PR\u00c9-SFP10G-CXX-40(I)"},"content":{"rendered":"<div class=\"l-product_desc\">\n<p><span class=\"TextRun SCXW247561369 BCX0\" lang=\"EN-US\" xml:lang=\"EN-US\" data-contrast=\"auto\"><span class=\"NormalTextRun SCXW247561369 BCX0\">Le module \u00e9metteur-r\u00e9cepteur optique SFP10G-CXX-40(I) prend en charge la transmission Ethernet 10G sur des distances allant jusqu&#039;\u00e0 <\/span><span class=\"NormalTextRun AdvancedProofingIssueV2Themed SCXW247561369 BCX0\">40 kilom\u00e8tres<\/span><span class=\"NormalTextRun SCXW247561369 BCX0\"> utilisant la technologie de multiplexage par r\u00e9partition en longueur d&#039;onde grossi\u00e8re (CWDM). Ce module <\/span><span class=\"NormalTextRun SCXW247561369 BCX0\">op\u00e8re<\/span><span class=\"NormalTextRun SCXW247561369 BCX0\"> \u00e0 une longueur d&#039;onde sp\u00e9cifique (<\/span><span class=\"NormalTextRun SpellingErrorV2Themed SCXW247561369 BCX0\">xxxx.xx<\/span><span class=\"NormalTextRun SCXW247561369 BCX0\"> nm) dans le spectre CWDM, ce qui le rend id\u00e9al pour les applications haute densit\u00e9 et longue port\u00e9e dans les centres de donn\u00e9es, les r\u00e9seaux d&#039;entreprise et les environnements de t\u00e9l\u00e9communications.<\/span><\/span><\/p>\n<hr \/>\n<p><span class=\"TextRun SCXW247561369 BCX0\" lang=\"EN-US\" xml:lang=\"EN-US\" data-contrast=\"auto\"><span class=\"NormalTextRun SCXW247561369 BCX0\">Les longueurs d&#039;onde disponibles s&#039;\u00e9tendent de 1\u00a0270 nm \u00e0 1\u00a0610 nm, offrant une flexibilit\u00e9 adapt\u00e9e aux diff\u00e9rentes exigences r\u00e9seau. Con\u00e7u pour les environnements (C-temp et I-temp), le module int\u00e8gre un syst\u00e8me de diagnostic num\u00e9rique (DDM) pour un suivi des performances en temps r\u00e9el. <\/span><span class=\"NormalTextRun ContextualSpellingAndGrammarErrorV2Themed SCXW247561369 BCX0\">C&#039;est<\/span><span class=\"NormalTextRun SCXW247561369 BCX0\"> La conception \u00e9changeable \u00e0 chaud permet une int\u00e9gration ou un remplacement rapide et facile sans interruption de service. Pour les longueurs d&#039;onde comprises entre 1\u00a0390\u00a0nm et 1\u00a0450\u00a0nm, le module prend en charge uniquement 10,3\u00a0Gbit\/s et inclut des param\u00e8tres optiques ajust\u00e9s pour tenir compte de l&#039;absorption maximale de l&#039;eau.<\/span><\/span><span class=\"EOP SCXW247561369 BCX0\" data-ccp-props=\"{&quot;134233117&quot;:false,&quot;134233118&quot;:false,&quot;201341983&quot;:0,&quot;335551550&quot;:0,&quot;335551620&quot;:0,&quot;335559738&quot;:240,&quot;335559739&quot;:240,&quot;335559740&quot;:279}\">\u00a0<\/span><\/p>\n<\/div>","protected":false},"excerpt":{"rendered":"<p><span class=\"NormalTextRun SCXW150561128 BCX0\">L&#039;\u00e9metteur-r\u00e9cepteur optique SFP10G-CXX-40(I) prend en charge Ethernet 10G sur fibre monomode avec une port\u00e9e allant jusqu&#039;\u00e0 <\/span><span class=\"NormalTextRun AdvancedProofingIssueV2Themed SCXW150561128 BCX0\">40 kilom\u00e8tres<\/span><span class=\"NormalTextRun SCXW150561128 BCX0\"> utilisant la technologie CWDM, disponible dans des longueurs d&#039;onde de 1270 nm \u00e0 1610 nm, avec des r\u00e9glages sp\u00e9cifiques pour les optiques 1390-1450 nm.<\/span><\/p>\n<hr \/>\n<p><strong>SFP+, CWDM, 1270 \u2013 1610 nm, 10G, 40 km, SMF\/LC <\/strong><\/p>","protected":false},"featured_media":27992,"template":"","meta":{"_acf_changed":false,"content-type":"","site-sidebar-layout":"default","site-content-layout":"default","ast-site-content-layout":"default","site-content-style":"default","site-sidebar-style":"default","ast-global-header-display":"","ast-banner-title-visibility":"","ast-main-header-display":"","ast-hfb-above-header-display":"","ast-hfb-below-header-display":"","ast-hfb-mobile-header-display":"","site-post-title":"","ast-breadcrumbs-content":"","ast-featured-img":"","footer-sml-layout":"","ast-disable-related-posts":"","theme-transparent-header-meta":"default","adv-header-id-meta":"","stick-header-meta":"","header-above-stick-meta":"","header-main-stick-meta":"","header-below-stick-meta":"","astra-migrate-meta-layouts":"set","ast-page-background-enabled":"default","ast-page-background-meta":{"desktop":{"background-color":"","background-image":"","background-repeat":"repeat","background-position":"center center","background-size":"auto","background-attachment":"scroll","background-type":"","background-media":"","overlay-type":"","overlay-color":"","overlay-opacity":"","overlay-gradient":""},"tablet":{"background-color":"","background-image":"","background-repeat":"repeat","background-position":"center center","background-size":"auto","background-attachment":"scroll","background-type":"","background-media":"","overlay-type":"","overlay-color":"","overlay-opacity":"","overlay-gradient":""},"mobile":{"background-color":"","background-image":"","background-repeat":"repeat","background-position":"center center","background-size":"auto","background-attachment":"scroll","background-type":"","background-media":"","overlay-type":"","overlay-color":"","overlay-opacity":"","overlay-gradient":""}},"ast-content-background-meta":{"desktop":{"background-color":"var(--ast-global-color-5)","background-image":"","background-repeat":"repeat","background-position":"center center","background-size":"auto","background-attachment":"scroll","background-type":"","background-media":"","overlay-type":"","overlay-color":"","overlay-opacity":"","overlay-gradient":""},"tablet":{"background-color":"var(--ast-global-color-5)","background-image":"","background-repeat":"repeat","background-position":"center center","background-size":"auto","background-attachment":"scroll","background-type":"","background-media":"","overlay-type":"","overlay-color":"","overlay-opacity":"","overlay-gradient":""},"mobile":{"background-color":"var(--ast-global-color-5)","background-image":"","background-repeat":"repeat","background-position":"center center","background-size":"auto","background-attachment":"scroll","background-type":"","background-media":"","overlay-type":"","overlay-color":"","overlay-opacity":"","overlay-gradient":""}}},"product_brand":[],"product_cat":[316],"product_tag":[208],"class_list":{"0":"post-2678","1":"product","2":"type-product","3":"status-publish","4":"has-post-thumbnail","6":"product_cat-sfp-plus-cwdm","7":"product_tag-datasheets","8":"desktop-align-left","9":"tablet-align-left","10":"mobile-align-left","11":"ast-product-gallery-layout-horizontal-slider","12":"ast-product-gallery-with-no-image","13":"ast-product-single-variable","14":"ast-product-tabs-layout-horizontal","16":"first","17":"instock","18":"shipping-taxable","19":"purchasable","20":"product-type-variable","21":"has-default-attributes"},"composite_virtual":false,"composite_layout":"","composite_add_to_cart_form_location":"","composite_editable_in_cart":false,"composite_sold_individually_context":"","composite_shop_price_calc":"","composite_components":[],"composite_scenarios":[],"acf":[],"_links":{"self":[{"href":"https:\/\/www.precisionot.com\/fr\/wp-json\/wp\/v2\/product\/2678","targetHints":{"allow":["GET"]}}],"collection":[{"href":"https:\/\/www.precisionot.com\/fr\/wp-json\/wp\/v2\/product"}],"about":[{"href":"https:\/\/www.precisionot.com\/fr\/wp-json\/wp\/v2\/types\/product"}],"version-history":[{"count":0,"href":"https:\/\/www.precisionot.com\/fr\/wp-json\/wp\/v2\/product\/2678\/revisions"}],"wp:featuredmedia":[{"embeddable":true,"href":"https:\/\/www.precisionot.com\/fr\/wp-json\/wp\/v2\/media\/27992"}],"wp:attachment":[{"href":"https:\/\/www.precisionot.com\/fr\/wp-json\/wp\/v2\/media?parent=2678"}],"wp:term":[{"taxonomy":"product_brand","embeddable":true,"href":"https:\/\/www.precisionot.com\/fr\/wp-json\/wp\/v2\/product_brand?post=2678"},{"taxonomy":"product_cat","embeddable":true,"href":"https:\/\/www.precisionot.com\/fr\/wp-json\/wp\/v2\/product_cat?post=2678"},{"taxonomy":"product_tag","embeddable":true,"href":"https:\/\/www.precisionot.com\/fr\/wp-json\/wp\/v2\/product_tag?post=2678"}],"curies":[{"name":"wp","href":"https:\/\/api.w.org\/{rel}","templated":true}]}}