{"id":26750,"date":"2024-06-03T08:25:57","date_gmt":"2024-06-03T12:25:57","guid":{"rendered":"https:\/\/www.precisionot.com\/?post_type=product&#038;p=26750"},"modified":"2025-11-24T13:18:54","modified_gmt":"2025-11-24T18:18:54","slug":"boitier-de-derivation-de-fibre-optique","status":"publish","type":"product","link":"https:\/\/www.precisionot.com\/fr\/product\/fiber-drop-enclosure\/","title":{"rendered":"Bo\u00eetier de chute de fibre"},"content":{"rendered":"<p class=\"p2\">Bo\u00eete de protection de fibre optique et kit de r\u00e9paration\u00a0:<\/p>\n<ul>\n<li>\n<p class=\"p2\">Installation rapide de la fibre pour les c\u00e2bles de d\u00e9rivation FTTH et les r\u00e9seaux MDU<\/p>\n<\/li>\n<li>\n<p class=\"p2\">Point de d\u00e9marcation pour installer des \u00e9pissures de c\u00e2bles \u00e0 fibres optiques ou un kit de r\u00e9paration pour reconnecter les c\u00e2bles \u00e0 fibres optiques endommag\u00e9s ou sectionn\u00e9s<\/p>\n<\/li>\n<li>\n<p class=\"p2\">Excellente alternative au remplacement des longues longueurs de c\u00e2ble<\/p>\n<\/li>\n<\/ul>","protected":false},"excerpt":{"rendered":"<p class=\"p2\">Bo\u00eete de protection de fibre optique et kit de r\u00e9paration\u00a0:<\/p>\n<ul>\n<li>\n<p class=\"p2\">Installation rapide de la fibre pour les c\u00e2bles de d\u00e9rivation FTTH et les r\u00e9seaux MDU<\/p>\n<\/li>\n<li>\n<p class=\"p2\">Point de d\u00e9marcation pour installer des \u00e9pissures de c\u00e2bles \u00e0 fibres optiques ou un kit de r\u00e9paration pour reconnecter les c\u00e2bles \u00e0 fibres optiques endommag\u00e9s ou sectionn\u00e9s<\/p>\n<\/li>\n<li>\n<p class=\"p2\">Excellente alternative au remplacement des longues longueurs de c\u00e2ble<\/p>\n<\/li>\n<\/ul>","protected":false},"featured_media":26752,"template":"","meta":{"_acf_changed":false,"content-type":"","site-sidebar-layout":"default","site-content-layout":"default","ast-site-content-layout":"default","site-content-style":"default","site-sidebar-style":"default","ast-global-header-display":"","ast-banner-title-visibility":"","ast-main-header-display":"","ast-hfb-above-header-display":"","ast-hfb-below-header-display":"","ast-hfb-mobile-header-display":"","site-post-title":"","ast-breadcrumbs-content":"","ast-featured-img":"","footer-sml-layout":"","ast-disable-related-posts":"","theme-transparent-header-meta":"default","adv-header-id-meta":"","stick-header-meta":"","header-above-stick-meta":"","header-main-stick-meta":"","header-below-stick-meta":"","astra-migrate-meta-layouts":"set","ast-page-background-enabled":"default","ast-page-background-meta":{"desktop":{"background-color":"","background-image":"","background-repeat":"repeat","background-position":"center center","background-size":"auto","background-attachment":"scroll","background-type":"","background-media":"","overlay-type":"","overlay-color":"","overlay-opacity":"","overlay-gradient":""},"tablet":{"background-color":"","background-image":"","background-repeat":"repeat","background-position":"center center","background-size":"auto","background-attachment":"scroll","background-type":"","background-media":"","overlay-type":"","overlay-color":"","overlay-opacity":"","overlay-gradient":""},"mobile":{"background-color":"","background-image":"","background-repeat":"repeat","background-position":"center center","background-size":"auto","background-attachment":"scroll","background-type":"","background-media":"","overlay-type":"","overlay-color":"","overlay-opacity":"","overlay-gradient":""}},"ast-content-background-meta":{"desktop":{"background-color":"var(--ast-global-color-5)","background-image":"","background-repeat":"repeat","background-position":"center center","background-size":"auto","background-attachment":"scroll","background-type":"","background-media":"","overlay-type":"","overlay-color":"","overlay-opacity":"","overlay-gradient":""},"tablet":{"background-color":"var(--ast-global-color-5)","background-image":"","background-repeat":"repeat","background-position":"center center","background-size":"auto","background-attachment":"scroll","background-type":"","background-media":"","overlay-type":"","overlay-color":"","overlay-opacity":"","overlay-gradient":""},"mobile":{"background-color":"var(--ast-global-color-5)","background-image":"","background-repeat":"repeat","background-position":"center center","background-size":"auto","background-attachment":"scroll","background-type":"","background-media":"","overlay-type":"","overlay-color":"","overlay-opacity":"","overlay-gradient":""}}},"product_brand":[],"product_cat":[339],"product_tag":[],"class_list":{"0":"post-26750","1":"product","2":"type-product","3":"status-publish","4":"has-post-thumbnail","6":"product_cat-hardware","7":"desktop-align-left","8":"tablet-align-left","9":"mobile-align-left","10":"ast-product-gallery-layout-horizontal-slider","11":"ast-product-gallery-with-no-image","12":"ast-product-tabs-layout-horizontal","14":"first","15":"instock","16":"shipping-taxable","17":"purchasable","18":"product-type-simple"},"composite_virtual":false,"composite_layout":"","composite_add_to_cart_form_location":"","composite_editable_in_cart":false,"composite_sold_individually_context":"","composite_shop_price_calc":"","composite_components":[],"composite_scenarios":[],"acf":[],"_links":{"self":[{"href":"https:\/\/www.precisionot.com\/fr\/wp-json\/wp\/v2\/product\/26750","targetHints":{"allow":["GET"]}}],"collection":[{"href":"https:\/\/www.precisionot.com\/fr\/wp-json\/wp\/v2\/product"}],"about":[{"href":"https:\/\/www.precisionot.com\/fr\/wp-json\/wp\/v2\/types\/product"}],"version-history":[{"count":1,"href":"https:\/\/www.precisionot.com\/fr\/wp-json\/wp\/v2\/product\/26750\/revisions"}],"predecessor-version":[{"id":33356,"href":"https:\/\/www.precisionot.com\/fr\/wp-json\/wp\/v2\/product\/26750\/revisions\/33356"}],"wp:featuredmedia":[{"embeddable":true,"href":"https:\/\/www.precisionot.com\/fr\/wp-json\/wp\/v2\/media\/26752"}],"wp:attachment":[{"href":"https:\/\/www.precisionot.com\/fr\/wp-json\/wp\/v2\/media?parent=26750"}],"wp:term":[{"taxonomy":"product_brand","embeddable":true,"href":"https:\/\/www.precisionot.com\/fr\/wp-json\/wp\/v2\/product_brand?post=26750"},{"taxonomy":"product_cat","embeddable":true,"href":"https:\/\/www.precisionot.com\/fr\/wp-json\/wp\/v2\/product_cat?post=26750"},{"taxonomy":"product_tag","embeddable":true,"href":"https:\/\/www.precisionot.com\/fr\/wp-json\/wp\/v2\/product_tag?post=26750"}],"curies":[{"name":"wp","href":"https:\/\/api.w.org\/{rel}","templated":true}]}}