{"id":26614,"date":"2024-05-29T10:27:34","date_gmt":"2024-05-29T14:27:34","guid":{"rendered":"https:\/\/www.precisionot.com\/?post_type=product&#038;p=26614"},"modified":"2024-10-25T12:40:22","modified_gmt":"2024-10-25T16:40:22","slug":"pre-sfp-cxx-oc48-80","status":"publish","type":"product","link":"https:\/\/www.precisionot.com\/fr\/product\/pre-sfp-cxx-oc48-80\/","title":{"rendered":"PRE-SFP-Cxx-OC48-80"},"content":{"rendered":"<p class=\"p2\"><span class=\"NormalTextRun SCXW198693877 BCX0\">Le module \u00e9metteur-r\u00e9cepteur optique SFP-Cxx-OC48-80 prend en charge la transmission OC-48\/STM-16 \u00e0 2,5 Gbit\/s sur des distances allant jusqu&#039;\u00e0 <\/span><span class=\"NormalTextRun SCXW198693877 BCX0\">80 kilom\u00e8tres<\/span><span class=\"NormalTextRun SCXW198693877 BCX0\"> utilisant la technologie de multiplexage par r\u00e9partition en longueur d&#039;onde grossi\u00e8re (CWDM). Fonctionnant dans la gamme de longueurs d&#039;onde CWDM de 1470 nm \u00e0 1610 nm, ce module est <\/span><span class=\"NormalTextRun SCXW198693877 BCX0\">optimis\u00e9<\/span><span class=\"NormalTextRun SCXW198693877 BCX0\"> pour une connectivit\u00e9 haute capacit\u00e9 et \u00e0 moyenne et longue port\u00e9e dans les r\u00e9seaux de t\u00e9l\u00e9communications, de centres de donn\u00e9es et d&#039;entreprise.<\/span><\/p>\n<hr \/>\n<p class=\"p2\"><span class=\"NormalTextRun SCXW198693877 BCX0\">Con\u00e7u pour la fibre monomode (SMF) avec connecteurs duplex LC, le SFP-Cxx-OC48-80 offre des longueurs d&#039;onde s\u00e9lectionnables pour un d\u00e9ploiement polyvalent dans les syst\u00e8mes CWDM. La conception \u00e9changeable \u00e0 chaud permet une int\u00e9gration ou un remplacement rapide et facile sans interruption du r\u00e9seau, ce qui en fait un choix efficace pour la mise en r\u00e9seau OC-48 \u00e0 port\u00e9e \u00e9tendue.<\/span><\/p>","protected":false},"excerpt":{"rendered":"<p class=\"p2\"><span class=\"s2\"><span class=\"NormalTextRun SCXW260575536 BCX0\">L&#039;\u00e9metteur-r\u00e9cepteur SFP-Cxx-OC48-80 prend en charge la transmission OC-48\/STM-16 sur fibre monomode avec une port\u00e9e allant jusqu&#039;\u00e0 <\/span><span class=\"NormalTextRun SCXW260575536 BCX0\">80 kilom\u00e8tres<\/span><span class=\"NormalTextRun SCXW260575536 BCX0\"> utilisant la technologie CWDM, disponible dans les longueurs d&#039;onde de 1470 \u00e0 1610 nm.<\/span><\/span><\/p>\n<hr \/>\n<p class=\"p2\"><strong><span class=\"s2\">SFP, CWDM, <\/span>1470 \u2013 1610 nm, 2,5G, 80 km, SMF\/LC<\/strong><\/p>","protected":false},"featured_media":26634,"template":"","meta":{"_acf_changed":false,"content-type":"","site-sidebar-layout":"default","site-content-layout":"default","ast-site-content-layout":"default","site-content-style":"default","site-sidebar-style":"default","ast-global-header-display":"","ast-banner-title-visibility":"","ast-main-header-display":"","ast-hfb-above-header-display":"","ast-hfb-below-header-display":"","ast-hfb-mobile-header-display":"","site-post-title":"","ast-breadcrumbs-content":"","ast-featured-img":"","footer-sml-layout":"","ast-disable-related-posts":"","theme-transparent-header-meta":"default","adv-header-id-meta":"","stick-header-meta":"","header-above-stick-meta":"","header-main-stick-meta":"","header-below-stick-meta":"","astra-migrate-meta-layouts":"set","ast-page-background-enabled":"default","ast-page-background-meta":{"desktop":{"background-color":"","background-image":"","background-repeat":"repeat","background-position":"center center","background-size":"auto","background-attachment":"scroll","background-type":"","background-media":"","overlay-type":"","overlay-color":"","overlay-opacity":"","overlay-gradient":""},"tablet":{"background-color":"","background-image":"","background-repeat":"repeat","background-position":"center center","background-size":"auto","background-attachment":"scroll","background-type":"","background-media":"","overlay-type":"","overlay-color":"","overlay-opacity":"","overlay-gradient":""},"mobile":{"background-color":"","background-image":"","background-repeat":"repeat","background-position":"center center","background-size":"auto","background-attachment":"scroll","background-type":"","background-media":"","overlay-type":"","overlay-color":"","overlay-opacity":"","overlay-gradient":""}},"ast-content-background-meta":{"desktop":{"background-color":"var(--ast-global-color-5)","background-image":"","background-repeat":"repeat","background-position":"center center","background-size":"auto","background-attachment":"scroll","background-type":"","background-media":"","overlay-type":"","overlay-color":"","overlay-opacity":"","overlay-gradient":""},"tablet":{"background-color":"var(--ast-global-color-5)","background-image":"","background-repeat":"repeat","background-position":"center center","background-size":"auto","background-attachment":"scroll","background-type":"","background-media":"","overlay-type":"","overlay-color":"","overlay-opacity":"","overlay-gradient":""},"mobile":{"background-color":"var(--ast-global-color-5)","background-image":"","background-repeat":"repeat","background-position":"center center","background-size":"auto","background-attachment":"scroll","background-type":"","background-media":"","overlay-type":"","overlay-color":"","overlay-opacity":"","overlay-gradient":""}}},"product_brand":[],"product_cat":[322],"product_tag":[208],"class_list":{"0":"post-26614","1":"product","2":"type-product","3":"status-publish","4":"has-post-thumbnail","6":"product_cat-sfp-cwdm","7":"product_tag-datasheets","8":"desktop-align-left","9":"tablet-align-left","10":"mobile-align-left","11":"ast-product-gallery-layout-horizontal-slider","12":"ast-product-gallery-with-no-image","13":"ast-product-single-variable","14":"ast-product-tabs-layout-horizontal","16":"first","17":"instock","18":"shipping-taxable","19":"purchasable","20":"product-type-variable","21":"has-default-attributes"},"composite_virtual":false,"composite_layout":"","composite_add_to_cart_form_location":"","composite_editable_in_cart":false,"composite_sold_individually_context":"","composite_shop_price_calc":"","composite_components":[],"composite_scenarios":[],"acf":[],"_links":{"self":[{"href":"https:\/\/www.precisionot.com\/fr\/wp-json\/wp\/v2\/product\/26614","targetHints":{"allow":["GET"]}}],"collection":[{"href":"https:\/\/www.precisionot.com\/fr\/wp-json\/wp\/v2\/product"}],"about":[{"href":"https:\/\/www.precisionot.com\/fr\/wp-json\/wp\/v2\/types\/product"}],"version-history":[{"count":0,"href":"https:\/\/www.precisionot.com\/fr\/wp-json\/wp\/v2\/product\/26614\/revisions"}],"wp:featuredmedia":[{"embeddable":true,"href":"https:\/\/www.precisionot.com\/fr\/wp-json\/wp\/v2\/media\/26634"}],"wp:attachment":[{"href":"https:\/\/www.precisionot.com\/fr\/wp-json\/wp\/v2\/media?parent=26614"}],"wp:term":[{"taxonomy":"product_brand","embeddable":true,"href":"https:\/\/www.precisionot.com\/fr\/wp-json\/wp\/v2\/product_brand?post=26614"},{"taxonomy":"product_cat","embeddable":true,"href":"https:\/\/www.precisionot.com\/fr\/wp-json\/wp\/v2\/product_cat?post=26614"},{"taxonomy":"product_tag","embeddable":true,"href":"https:\/\/www.precisionot.com\/fr\/wp-json\/wp\/v2\/product_tag?post=26614"}],"curies":[{"name":"wp","href":"https:\/\/api.w.org\/{rel}","templated":true}]}}