{"id":26405,"date":"2024-05-08T14:52:59","date_gmt":"2024-05-08T18:52:59","guid":{"rendered":"https:\/\/www.precisionot.com\/?post_type=product&#038;p=26405"},"modified":"2025-03-26T10:04:33","modified_gmt":"2025-03-26T14:04:33","slug":"pre-sfp10g-xgtb-n2i","status":"publish","type":"product","link":"https:\/\/www.precisionot.com\/fr\/product\/pre-sfp10g-xgtb-n2i\/","title":{"rendered":"PRE-SFP10G-XGTB-N2I"},"content":{"rendered":"<p class=\"p2\"><span class=\"NormalTextRun SCXW65511058 BCX0\">Le SFP10G-XGTB-N2I est un module \u00e9metteur-r\u00e9cepteur optique SFP+ con\u00e7u pour les applications OLT (Optical Line Terminal) XGS-PON, prenant en charge la classe optique N2 pour les r\u00e9seaux PON haute capacit\u00e9. Fonctionnant avec une fibre monomode (SMF) et un connecteur SC, cet \u00e9metteur-r\u00e9cepteur permet des d\u00e9bits de donn\u00e9es sym\u00e9triques 10G en amont et en aval, ce qui le rend id\u00e9al pour les applications \u00e0 forte demande de fibre optique jusqu&#039;au domicile (FTTH) et de fibre optique jusqu&#039;aux locaux (FTTP).<\/span><\/p>\n<hr \/>\n<p class=\"p2\"><span class=\"NormalTextRun SCXW65511058 BCX0\">Con\u00e7u pour les environnements \u00e0 temp\u00e9rature industrielle (I-temp), le SFP10G-XGTB-N2I garantit des performances stables et fiables m\u00eame dans des conditions difficiles. <\/span><span class=\"NormalTextRun ContextualSpellingAndGrammarErrorV2Themed SCXW65511058 BCX0\">C&#039;est<\/span><span class=\"NormalTextRun SCXW65511058 BCX0\"> la conception rempla\u00e7able \u00e0 chaud permet une int\u00e9gration ou un remplacement facile, prenant en charge des op\u00e9rations r\u00e9seau transparentes.<\/span><\/p>","protected":false},"excerpt":{"rendered":"<p class=\"p2\"><span class=\"TextRun SCXW138558404 BCX0\" lang=\"EN-US\" xml:lang=\"EN-US\" data-contrast=\"auto\"><span class=\"NormalTextRun SCXW138558404 BCX0\">L&#039;\u00e9metteur-r\u00e9cepteur SFP10G-XGTB-N2I prend en charge les applications OLT XGS-PON sur fibre monomode, con\u00e7u pour les exigences de classe optique N2 dans les environnements de temp\u00e9rature industrielle avec un connecteur SC.<\/span><\/span><\/p>\n<hr \/>\n<p class=\"p2\"><strong>SFP+, XGS-PON OLT, N2, SMF\/SC<\/strong><\/p>","protected":false},"featured_media":26407,"template":"","meta":{"_acf_changed":false,"content-type":"","site-sidebar-layout":"default","site-content-layout":"default","ast-site-content-layout":"default","site-content-style":"default","site-sidebar-style":"default","ast-global-header-display":"","ast-banner-title-visibility":"","ast-main-header-display":"","ast-hfb-above-header-display":"","ast-hfb-below-header-display":"","ast-hfb-mobile-header-display":"","site-post-title":"","ast-breadcrumbs-content":"","ast-featured-img":"","footer-sml-layout":"","ast-disable-related-posts":"","theme-transparent-header-meta":"default","adv-header-id-meta":"","stick-header-meta":"","header-above-stick-meta":"","header-main-stick-meta":"","header-below-stick-meta":"","astra-migrate-meta-layouts":"set","ast-page-background-enabled":"default","ast-page-background-meta":{"desktop":{"background-color":"","background-image":"","background-repeat":"repeat","background-position":"center center","background-size":"auto","background-attachment":"scroll","background-type":"","background-media":"","overlay-type":"","overlay-color":"","overlay-opacity":"","overlay-gradient":""},"tablet":{"background-color":"","background-image":"","background-repeat":"repeat","background-position":"center center","background-size":"auto","background-attachment":"scroll","background-type":"","background-media":"","overlay-type":"","overlay-color":"","overlay-opacity":"","overlay-gradient":""},"mobile":{"background-color":"","background-image":"","background-repeat":"repeat","background-position":"center center","background-size":"auto","background-attachment":"scroll","background-type":"","background-media":"","overlay-type":"","overlay-color":"","overlay-opacity":"","overlay-gradient":""}},"ast-content-background-meta":{"desktop":{"background-color":"var(--ast-global-color-5)","background-image":"","background-repeat":"repeat","background-position":"center center","background-size":"auto","background-attachment":"scroll","background-type":"","background-media":"","overlay-type":"","overlay-color":"","overlay-opacity":"","overlay-gradient":""},"tablet":{"background-color":"var(--ast-global-color-5)","background-image":"","background-repeat":"repeat","background-position":"center center","background-size":"auto","background-attachment":"scroll","background-type":"","background-media":"","overlay-type":"","overlay-color":"","overlay-opacity":"","overlay-gradient":""},"mobile":{"background-color":"var(--ast-global-color-5)","background-image":"","background-repeat":"repeat","background-position":"center center","background-size":"auto","background-attachment":"scroll","background-type":"","background-media":"","overlay-type":"","overlay-color":"","overlay-opacity":"","overlay-gradient":""}}},"product_brand":[],"product_cat":[327],"product_tag":[],"class_list":{"0":"post-26405","1":"product","2":"type-product","3":"status-publish","4":"has-post-thumbnail","6":"product_cat-xgspon","7":"desktop-align-left","8":"tablet-align-left","9":"mobile-align-left","10":"ast-product-gallery-layout-horizontal-slider","11":"ast-product-gallery-with-no-image","12":"ast-product-tabs-layout-horizontal","14":"first","15":"instock","16":"shipping-taxable","17":"purchasable","18":"product-type-simple"},"composite_virtual":false,"composite_layout":"","composite_add_to_cart_form_location":"","composite_editable_in_cart":false,"composite_sold_individually_context":"","composite_shop_price_calc":"","composite_components":[],"composite_scenarios":[],"acf":[],"_links":{"self":[{"href":"https:\/\/www.precisionot.com\/fr\/wp-json\/wp\/v2\/product\/26405","targetHints":{"allow":["GET"]}}],"collection":[{"href":"https:\/\/www.precisionot.com\/fr\/wp-json\/wp\/v2\/product"}],"about":[{"href":"https:\/\/www.precisionot.com\/fr\/wp-json\/wp\/v2\/types\/product"}],"version-history":[{"count":0,"href":"https:\/\/www.precisionot.com\/fr\/wp-json\/wp\/v2\/product\/26405\/revisions"}],"wp:featuredmedia":[{"embeddable":true,"href":"https:\/\/www.precisionot.com\/fr\/wp-json\/wp\/v2\/media\/26407"}],"wp:attachment":[{"href":"https:\/\/www.precisionot.com\/fr\/wp-json\/wp\/v2\/media?parent=26405"}],"wp:term":[{"taxonomy":"product_brand","embeddable":true,"href":"https:\/\/www.precisionot.com\/fr\/wp-json\/wp\/v2\/product_brand?post=26405"},{"taxonomy":"product_cat","embeddable":true,"href":"https:\/\/www.precisionot.com\/fr\/wp-json\/wp\/v2\/product_cat?post=26405"},{"taxonomy":"product_tag","embeddable":true,"href":"https:\/\/www.precisionot.com\/fr\/wp-json\/wp\/v2\/product_tag?post=26405"}],"curies":[{"name":"wp","href":"https:\/\/api.w.org\/{rel}","templated":true}]}}